{"id":5839,"date":"2024-10-28T14:32:51","date_gmt":"2024-10-28T13:32:51","guid":{"rendered":"https:\/\/glowpremium.fr\/produit-eclaircissant\/lait-eclaircissant-fleur-jaune-au-essences-de-fleurs-thailandaises-2\/"},"modified":"2024-11-11T18:37:44","modified_gmt":"2024-11-11T17:37:44","slug":"lait-eclaircissant-fleur-jaune-au-essences-de-fleurs-thailandaises-2","status":"publish","type":"product","link":"https:\/\/glowpremium.fr\/en\/lightening-product\/yellow-flower-lightening-milk-with-essences-of-thai-flowers-2\/","title":{"rendered":"Fleur Jaune Lightening Body Lotion with Thai flower essences"},"content":{"rendered":"<p><strong>How to use :<\/strong><\/p>\n<p>Apply the cream lotion evenly to the body every day.<\/p>\n<p><strong>Recommendation:<\/strong><\/p>\n<p>Suitable for all skin types.<\/p>\n<p>Avoid contact with eyes, lesions or irritated skin. Keep out of reach of children. Do not expose to sunlight.<\/p>\n<p><strong>Composition:<\/strong><\/p>\n<p>Aqua (water), Essences fleurs Tha\u00eflandaises, Tocopheryl acetate, Methylisothiazolinone Ceteareth-20, Ceteareth-12,Decyl oleate, Retinyl palmitate, Seed oil.<\/p>","protected":false},"excerpt":{"rendered":"<p>Highly innovative yellow skin whitening milk designed to refresh and brighten the complexion naturally.<\/p>\n<p>care formulated on the basis of essences of taillandaise flower, its use allows to purify the complexion its strong concentration in natural ingredients assures you for the face and the body a good dose of beauty allows you to remain luminous in all seasons.<\/p>","protected":false},"featured_media":5838,"comment_status":"closed","ping_status":"closed","template":"","meta":[],"etheme_brands":[],"product_brand":[],"product_cat":[80,85],"product_tag":[],"class_list":{"0":"post-5839","1":"product","2":"type-product","3":"status-publish","4":"has-post-thumbnail","6":"product_cat-blanchissants-et-eclaircissants","7":"product_cat-laits-eclaircissants","9":"first","10":"instock","11":"shipping-taxable","12":"purchasable","13":"product-type-simple"},"yoast_head":"<!-- This site is optimized with the Yoast SEO plugin v26.7 - https:\/\/yoast.com\/wordpress\/plugins\/seo\/ -->\n<title>Lait \u00e9claircissant Fleur Jaune au essences de fleurs tha\u00eelandaises - Glow Premium<\/title>\n<meta name=\"description\" content=\"Teint lumineuxUniformisation\u00c9clat naturelCorrection des tachesPeau rayonnante cosm\u00e9tique peau noire et m\u00e9tisse produit de peau blanchissant\" \/>\n<meta name=\"robots\" content=\"index, follow, max-snippet:-1, max-image-preview:large, max-video-preview:-1\" \/>\n<link rel=\"canonical\" href=\"https:\/\/glowpremium.fr\/en\/lightening-product\/yellow-flower-lightening-milk-with-essences-of-thai-flowers-2\/\" \/>\n<meta property=\"og:locale\" content=\"en_GB\" \/>\n<meta property=\"og:type\" content=\"article\" \/>\n<meta property=\"og:title\" content=\"Lait \u00e9claircissant Fleur Jaune au essences de fleurs tha\u00eelandaises - Glow Premium\" \/>\n<meta property=\"og:description\" content=\"Teint lumineuxUniformisation\u00c9clat naturelCorrection des tachesPeau rayonnante cosm\u00e9tique peau noire et m\u00e9tisse produit de peau blanchissant\" \/>\n<meta property=\"og:url\" content=\"https:\/\/glowpremium.fr\/en\/lightening-product\/yellow-flower-lightening-milk-with-essences-of-thai-flowers-2\/\" \/>\n<meta property=\"og:site_name\" content=\"Glow Premium\" \/>\n<meta property=\"article:modified_time\" content=\"2024-11-11T17:37:44+00:00\" \/>\n<meta property=\"og:image\" content=\"https:\/\/glowpremium.fr\/wp-content\/uploads\/2024\/10\/46dc2440-0aab-4386-8da8-59c07563b3dc.jpg\" \/>\n\t<meta property=\"og:image:width\" content=\"2000\" \/>\n\t<meta property=\"og:image:height\" content=\"1766\" \/>\n\t<meta property=\"og:image:type\" content=\"image\/jpeg\" \/>\n<meta name=\"twitter:card\" content=\"summary_large_image\" \/>\n<meta name=\"twitter:label1\" content=\"Estimated reading time\" \/>\n\t<meta name=\"twitter:data1\" content=\"1 minute\" \/>\n<script type=\"application\/ld+json\" class=\"yoast-schema-graph\">{\"@context\":\"https:\/\/schema.org\",\"@graph\":[{\"@type\":\"WebPage\",\"@id\":\"https:\/\/glowpremium.fr\/produit-eclaircissant\/lait-eclaircissant-fleur-jaune-au-essences-de-fleurs-thailandaises-2\/\",\"url\":\"https:\/\/glowpremium.fr\/produit-eclaircissant\/lait-eclaircissant-fleur-jaune-au-essences-de-fleurs-thailandaises-2\/\",\"name\":\"Lait \u00e9claircissant Fleur Jaune au essences de fleurs tha\u00eelandaises - Glow Premium\",\"isPartOf\":{\"@id\":\"https:\/\/glowpremium.fr\/#website\"},\"primaryImageOfPage\":{\"@id\":\"https:\/\/glowpremium.fr\/produit-eclaircissant\/lait-eclaircissant-fleur-jaune-au-essences-de-fleurs-thailandaises-2\/#primaryimage\"},\"image\":{\"@id\":\"https:\/\/glowpremium.fr\/produit-eclaircissant\/lait-eclaircissant-fleur-jaune-au-essences-de-fleurs-thailandaises-2\/#primaryimage\"},\"thumbnailUrl\":\"https:\/\/glowpremium.fr\/wp-content\/uploads\/2024\/10\/46dc2440-0aab-4386-8da8-59c07563b3dc.jpg\",\"datePublished\":\"2024-10-28T13:32:51+00:00\",\"dateModified\":\"2024-11-11T17:37:44+00:00\",\"description\":\"Teint lumineuxUniformisation\u00c9clat naturelCorrection des tachesPeau rayonnante cosm\u00e9tique peau noire et m\u00e9tisse produit de peau blanchissant\",\"breadcrumb\":{\"@id\":\"https:\/\/glowpremium.fr\/produit-eclaircissant\/lait-eclaircissant-fleur-jaune-au-essences-de-fleurs-thailandaises-2\/#breadcrumb\"},\"inLanguage\":\"en-GB\",\"potentialAction\":[{\"@type\":\"ReadAction\",\"target\":[\"https:\/\/glowpremium.fr\/produit-eclaircissant\/lait-eclaircissant-fleur-jaune-au-essences-de-fleurs-thailandaises-2\/\"]}]},{\"@type\":\"ImageObject\",\"inLanguage\":\"en-GB\",\"@id\":\"https:\/\/glowpremium.fr\/produit-eclaircissant\/lait-eclaircissant-fleur-jaune-au-essences-de-fleurs-thailandaises-2\/#primaryimage\",\"url\":\"https:\/\/glowpremium.fr\/wp-content\/uploads\/2024\/10\/46dc2440-0aab-4386-8da8-59c07563b3dc.jpg\",\"contentUrl\":\"https:\/\/glowpremium.fr\/wp-content\/uploads\/2024\/10\/46dc2440-0aab-4386-8da8-59c07563b3dc.jpg\",\"width\":2000,\"height\":1766},{\"@type\":\"BreadcrumbList\",\"@id\":\"https:\/\/glowpremium.fr\/produit-eclaircissant\/lait-eclaircissant-fleur-jaune-au-essences-de-fleurs-thailandaises-2\/#breadcrumb\",\"itemListElement\":[{\"@type\":\"ListItem\",\"position\":1,\"name\":\"Accueil\",\"item\":\"https:\/\/glowpremium.fr\/\"},{\"@type\":\"ListItem\",\"position\":2,\"name\":\"Boutique\",\"item\":\"https:\/\/glowpremium.fr\/boutique-produits-eclaircissants\/\"},{\"@type\":\"ListItem\",\"position\":3,\"name\":\"Lait \u00e9claircissant Fleur Jaune au essences de fleurs tha\u00eelandaises\"}]},{\"@type\":\"WebSite\",\"@id\":\"https:\/\/glowpremium.fr\/#website\",\"url\":\"https:\/\/glowpremium.fr\/\",\"name\":\"Glow Premium\",\"description\":\"\",\"publisher\":{\"@id\":\"https:\/\/glowpremium.fr\/#organization\"},\"potentialAction\":[{\"@type\":\"SearchAction\",\"target\":{\"@type\":\"EntryPoint\",\"urlTemplate\":\"https:\/\/glowpremium.fr\/?s={search_term_string}\"},\"query-input\":{\"@type\":\"PropertyValueSpecification\",\"valueRequired\":true,\"valueName\":\"search_term_string\"}}],\"inLanguage\":\"en-GB\"},{\"@type\":\"Organization\",\"@id\":\"https:\/\/glowpremium.fr\/#organization\",\"name\":\"Glow Premium\",\"url\":\"https:\/\/glowpremium.fr\/\",\"logo\":{\"@type\":\"ImageObject\",\"inLanguage\":\"en-GB\",\"@id\":\"https:\/\/glowpremium.fr\/#\/schema\/logo\/image\/\",\"url\":\"https:\/\/glowpremium.fr\/wp-content\/uploads\/2024\/10\/screenshot_20241029_034909_chrome.jpg\",\"contentUrl\":\"https:\/\/glowpremium.fr\/wp-content\/uploads\/2024\/10\/screenshot_20241029_034909_chrome.jpg\",\"width\":866,\"height\":937,\"caption\":\"Glow Premium\"},\"image\":{\"@id\":\"https:\/\/glowpremium.fr\/#\/schema\/logo\/image\/\"}}]}<\/script>\n<!-- \/ Yoast SEO plugin. -->","yoast_head_json":{"title":"Lait \u00e9claircissant Fleur Jaune au essences de fleurs tha\u00eelandaises - Glow Premium","description":"Teint lumineuxUniformisation\u00c9clat naturelCorrection des tachesPeau rayonnante cosm\u00e9tique peau noire et m\u00e9tisse produit de peau blanchissant","robots":{"index":"index","follow":"follow","max-snippet":"max-snippet:-1","max-image-preview":"max-image-preview:large","max-video-preview":"max-video-preview:-1"},"canonical":"https:\/\/glowpremium.fr\/en\/lightening-product\/yellow-flower-lightening-milk-with-essences-of-thai-flowers-2\/","og_locale":"en_GB","og_type":"article","og_title":"Lait \u00e9claircissant Fleur Jaune au essences de fleurs tha\u00eelandaises - Glow Premium","og_description":"Teint lumineuxUniformisation\u00c9clat naturelCorrection des tachesPeau rayonnante cosm\u00e9tique peau noire et m\u00e9tisse produit de peau blanchissant","og_url":"https:\/\/glowpremium.fr\/en\/lightening-product\/yellow-flower-lightening-milk-with-essences-of-thai-flowers-2\/","og_site_name":"Glow Premium","article_modified_time":"2024-11-11T17:37:44+00:00","og_image":[{"width":2000,"height":1766,"url":"https:\/\/glowpremium.fr\/wp-content\/uploads\/2024\/10\/46dc2440-0aab-4386-8da8-59c07563b3dc.jpg","type":"image\/jpeg"}],"twitter_card":"summary_large_image","twitter_misc":{"Estimated reading time":"1 minute"},"schema":{"@context":"https:\/\/schema.org","@graph":[{"@type":"WebPage","@id":"https:\/\/glowpremium.fr\/produit-eclaircissant\/lait-eclaircissant-fleur-jaune-au-essences-de-fleurs-thailandaises-2\/","url":"https:\/\/glowpremium.fr\/produit-eclaircissant\/lait-eclaircissant-fleur-jaune-au-essences-de-fleurs-thailandaises-2\/","name":"Lait \u00e9claircissant Fleur Jaune au essences de fleurs tha\u00eelandaises - Glow Premium","isPartOf":{"@id":"https:\/\/glowpremium.fr\/#website"},"primaryImageOfPage":{"@id":"https:\/\/glowpremium.fr\/produit-eclaircissant\/lait-eclaircissant-fleur-jaune-au-essences-de-fleurs-thailandaises-2\/#primaryimage"},"image":{"@id":"https:\/\/glowpremium.fr\/produit-eclaircissant\/lait-eclaircissant-fleur-jaune-au-essences-de-fleurs-thailandaises-2\/#primaryimage"},"thumbnailUrl":"https:\/\/glowpremium.fr\/wp-content\/uploads\/2024\/10\/46dc2440-0aab-4386-8da8-59c07563b3dc.jpg","datePublished":"2024-10-28T13:32:51+00:00","dateModified":"2024-11-11T17:37:44+00:00","description":"Teint lumineuxUniformisation\u00c9clat naturelCorrection des tachesPeau rayonnante cosm\u00e9tique peau noire et m\u00e9tisse produit de peau blanchissant","breadcrumb":{"@id":"https:\/\/glowpremium.fr\/produit-eclaircissant\/lait-eclaircissant-fleur-jaune-au-essences-de-fleurs-thailandaises-2\/#breadcrumb"},"inLanguage":"en-GB","potentialAction":[{"@type":"ReadAction","target":["https:\/\/glowpremium.fr\/produit-eclaircissant\/lait-eclaircissant-fleur-jaune-au-essences-de-fleurs-thailandaises-2\/"]}]},{"@type":"ImageObject","inLanguage":"en-GB","@id":"https:\/\/glowpremium.fr\/produit-eclaircissant\/lait-eclaircissant-fleur-jaune-au-essences-de-fleurs-thailandaises-2\/#primaryimage","url":"https:\/\/glowpremium.fr\/wp-content\/uploads\/2024\/10\/46dc2440-0aab-4386-8da8-59c07563b3dc.jpg","contentUrl":"https:\/\/glowpremium.fr\/wp-content\/uploads\/2024\/10\/46dc2440-0aab-4386-8da8-59c07563b3dc.jpg","width":2000,"height":1766},{"@type":"BreadcrumbList","@id":"https:\/\/glowpremium.fr\/produit-eclaircissant\/lait-eclaircissant-fleur-jaune-au-essences-de-fleurs-thailandaises-2\/#breadcrumb","itemListElement":[{"@type":"ListItem","position":1,"name":"Accueil","item":"https:\/\/glowpremium.fr\/"},{"@type":"ListItem","position":2,"name":"Boutique","item":"https:\/\/glowpremium.fr\/boutique-produits-eclaircissants\/"},{"@type":"ListItem","position":3,"name":"Lait \u00e9claircissant Fleur Jaune au essences de fleurs tha\u00eelandaises"}]},{"@type":"WebSite","@id":"https:\/\/glowpremium.fr\/#website","url":"https:\/\/glowpremium.fr\/","name":"Glow Premium","description":"","publisher":{"@id":"https:\/\/glowpremium.fr\/#organization"},"potentialAction":[{"@type":"SearchAction","target":{"@type":"EntryPoint","urlTemplate":"https:\/\/glowpremium.fr\/?s={search_term_string}"},"query-input":{"@type":"PropertyValueSpecification","valueRequired":true,"valueName":"search_term_string"}}],"inLanguage":"en-GB"},{"@type":"Organization","@id":"https:\/\/glowpremium.fr\/#organization","name":"Glow Premium","url":"https:\/\/glowpremium.fr\/","logo":{"@type":"ImageObject","inLanguage":"en-GB","@id":"https:\/\/glowpremium.fr\/#\/schema\/logo\/image\/","url":"https:\/\/glowpremium.fr\/wp-content\/uploads\/2024\/10\/screenshot_20241029_034909_chrome.jpg","contentUrl":"https:\/\/glowpremium.fr\/wp-content\/uploads\/2024\/10\/screenshot_20241029_034909_chrome.jpg","width":866,"height":937,"caption":"Glow Premium"},"image":{"@id":"https:\/\/glowpremium.fr\/#\/schema\/logo\/image\/"}}]}},"_links":{"self":[{"href":"https:\/\/glowpremium.fr\/en\/wp-json\/wp\/v2\/product\/5839","targetHints":{"allow":["GET"]}}],"collection":[{"href":"https:\/\/glowpremium.fr\/en\/wp-json\/wp\/v2\/product"}],"about":[{"href":"https:\/\/glowpremium.fr\/en\/wp-json\/wp\/v2\/types\/product"}],"replies":[{"embeddable":true,"href":"https:\/\/glowpremium.fr\/en\/wp-json\/wp\/v2\/comments?post=5839"}],"version-history":[{"count":1,"href":"https:\/\/glowpremium.fr\/en\/wp-json\/wp\/v2\/product\/5839\/revisions"}],"predecessor-version":[{"id":7479,"href":"https:\/\/glowpremium.fr\/en\/wp-json\/wp\/v2\/product\/5839\/revisions\/7479"}],"wp:featuredmedia":[{"embeddable":true,"href":"https:\/\/glowpremium.fr\/en\/wp-json\/wp\/v2\/media\/5838"}],"wp:attachment":[{"href":"https:\/\/glowpremium.fr\/en\/wp-json\/wp\/v2\/media?parent=5839"}],"wp:term":[{"taxonomy":"brand","embeddable":true,"href":"https:\/\/glowpremium.fr\/en\/wp-json\/wp\/v2\/etheme_brands?post=5839"},{"taxonomy":"product_brand","embeddable":true,"href":"https:\/\/glowpremium.fr\/en\/wp-json\/wp\/v2\/product_brand?post=5839"},{"taxonomy":"product_cat","embeddable":true,"href":"https:\/\/glowpremium.fr\/en\/wp-json\/wp\/v2\/product_cat?post=5839"},{"taxonomy":"product_tag","embeddable":true,"href":"https:\/\/glowpremium.fr\/en\/wp-json\/wp\/v2\/product_tag?post=5839"}],"curies":[{"name":"wp","href":"https:\/\/api.w.org\/{rel}","templated":true}]}}