{"id":5833,"date":"2024-10-28T14:32:46","date_gmt":"2024-10-28T13:32:46","guid":{"rendered":"https:\/\/glowpremium.fr\/produit-eclaircissant\/lait-3x-eclaircissant-white-up-star-au-kojic-dipalmitate-2\/"},"modified":"2024-11-11T18:55:50","modified_gmt":"2024-11-11T17:55:50","slug":"lait-3x-eclaircissant-white-up-star-au-kojic-dipalmitate-2","status":"publish","type":"product","link":"https:\/\/glowpremium.fr\/en\/lightening-product\/white-up-star-3x-lightening-milk-with-kojic-dipalmitate-2\/","title":{"rendered":"White Up Star 3x Lightening Body Lotion with Kojic Dipalmitate"},"content":{"rendered":"<p><strong>How to use :<\/strong><\/p>\n<p>Apply the cream lotion evenly to your cleansed body every day.<\/p>\n<p><strong>Recommendation:<\/strong><\/p>\n<p>Suitable for all skin types.<\/p>\n<p>Avoid contact with eyes, lesions or irritated skin. Keep out of reach of children. Do not expose to sunlight.<\/p>\n<p><strong>Composition:<\/strong><\/p>\n<p>Aqua (water), Glycerin, Acetyl Alcohol, Glyceryl stearate, Butyl methoxydibenzoylmethane Coconut oil, Kojic Dipalmitate.<\/p>","protected":false},"excerpt":{"rendered":"<p>White Up body lotion is a high-quality skin care product enriched with amino acids, vitamins, trace elements, fatty acids and essential sterols.3X lightening Its active ingredients help to reduce scars, eliminate marks caused by pregnancy and spots caused by regular exposure to the sun. Thanks to its immediate action, Star White Up gives your skin softness, hydration, suppleness and clarity. For an even, radiant complexion, Star White Up is a real ally.<\/p>","protected":false},"featured_media":5832,"comment_status":"closed","ping_status":"closed","template":"","meta":[],"etheme_brands":[],"product_brand":[],"product_cat":[80,85],"product_tag":[],"class_list":{"0":"post-5833","1":"product","2":"type-product","3":"status-publish","4":"has-post-thumbnail","6":"product_cat-blanchissants-et-eclaircissants","7":"product_cat-laits-eclaircissants","9":"first","10":"instock","11":"shipping-taxable","12":"purchasable","13":"product-type-simple"},"yoast_head":"<!-- This site is optimized with the Yoast SEO plugin v26.7 - https:\/\/yoast.com\/wordpress\/plugins\/seo\/ -->\n<title>Lait 3x \u00e9claircissant White Up Star au Kojic Dipalmitate - Glow Premium<\/title>\n<meta name=\"description\" content=\"Teint lumineux Uniformisation\u00c9clat naturel Correction des taches Peau rayonnante cosm\u00e9tique peau noir et m\u00e9tisse produit blanchissant\" \/>\n<meta name=\"robots\" content=\"index, follow, max-snippet:-1, max-image-preview:large, max-video-preview:-1\" \/>\n<link rel=\"canonical\" href=\"https:\/\/glowpremium.fr\/en\/lightening-product\/white-up-star-3x-lightening-milk-with-kojic-dipalmitate-2\/\" \/>\n<meta property=\"og:locale\" content=\"en_GB\" \/>\n<meta property=\"og:type\" content=\"article\" \/>\n<meta property=\"og:title\" content=\"Lait 3x \u00e9claircissant White Up Star au Kojic Dipalmitate - Glow Premium\" \/>\n<meta property=\"og:description\" content=\"Teint lumineux Uniformisation\u00c9clat naturel Correction des taches Peau rayonnante cosm\u00e9tique peau noir et m\u00e9tisse produit blanchissant\" \/>\n<meta property=\"og:url\" content=\"https:\/\/glowpremium.fr\/en\/lightening-product\/white-up-star-3x-lightening-milk-with-kojic-dipalmitate-2\/\" \/>\n<meta property=\"og:site_name\" content=\"Glow Premium\" \/>\n<meta property=\"article:modified_time\" content=\"2024-11-11T17:55:50+00:00\" \/>\n<meta property=\"og:image\" content=\"https:\/\/glowpremium.fr\/wp-content\/uploads\/2024\/10\/PhotoRoom_20220224_103201.jpg\" \/>\n\t<meta property=\"og:image:width\" content=\"2000\" \/>\n\t<meta property=\"og:image:height\" content=\"1831\" \/>\n\t<meta property=\"og:image:type\" content=\"image\/jpeg\" \/>\n<meta name=\"twitter:card\" content=\"summary_large_image\" \/>\n<meta name=\"twitter:label1\" content=\"Estimated reading time\" \/>\n\t<meta name=\"twitter:data1\" content=\"1 minute\" \/>\n<script type=\"application\/ld+json\" class=\"yoast-schema-graph\">{\"@context\":\"https:\/\/schema.org\",\"@graph\":[{\"@type\":\"WebPage\",\"@id\":\"https:\/\/glowpremium.fr\/produit-eclaircissant\/lait-3x-eclaircissant-white-up-star-au-kojic-dipalmitate-2\/\",\"url\":\"https:\/\/glowpremium.fr\/produit-eclaircissant\/lait-3x-eclaircissant-white-up-star-au-kojic-dipalmitate-2\/\",\"name\":\"Lait 3x \u00e9claircissant White Up Star au Kojic Dipalmitate - Glow Premium\",\"isPartOf\":{\"@id\":\"https:\/\/glowpremium.fr\/#website\"},\"primaryImageOfPage\":{\"@id\":\"https:\/\/glowpremium.fr\/produit-eclaircissant\/lait-3x-eclaircissant-white-up-star-au-kojic-dipalmitate-2\/#primaryimage\"},\"image\":{\"@id\":\"https:\/\/glowpremium.fr\/produit-eclaircissant\/lait-3x-eclaircissant-white-up-star-au-kojic-dipalmitate-2\/#primaryimage\"},\"thumbnailUrl\":\"https:\/\/glowpremium.fr\/wp-content\/uploads\/2024\/10\/PhotoRoom_20220224_103201.jpg\",\"datePublished\":\"2024-10-28T13:32:46+00:00\",\"dateModified\":\"2024-11-11T17:55:50+00:00\",\"description\":\"Teint lumineux Uniformisation\u00c9clat naturel Correction des taches Peau rayonnante cosm\u00e9tique peau noir et m\u00e9tisse produit blanchissant\",\"breadcrumb\":{\"@id\":\"https:\/\/glowpremium.fr\/produit-eclaircissant\/lait-3x-eclaircissant-white-up-star-au-kojic-dipalmitate-2\/#breadcrumb\"},\"inLanguage\":\"en-GB\",\"potentialAction\":[{\"@type\":\"ReadAction\",\"target\":[\"https:\/\/glowpremium.fr\/produit-eclaircissant\/lait-3x-eclaircissant-white-up-star-au-kojic-dipalmitate-2\/\"]}]},{\"@type\":\"ImageObject\",\"inLanguage\":\"en-GB\",\"@id\":\"https:\/\/glowpremium.fr\/produit-eclaircissant\/lait-3x-eclaircissant-white-up-star-au-kojic-dipalmitate-2\/#primaryimage\",\"url\":\"https:\/\/glowpremium.fr\/wp-content\/uploads\/2024\/10\/PhotoRoom_20220224_103201.jpg\",\"contentUrl\":\"https:\/\/glowpremium.fr\/wp-content\/uploads\/2024\/10\/PhotoRoom_20220224_103201.jpg\",\"width\":2000,\"height\":1831},{\"@type\":\"BreadcrumbList\",\"@id\":\"https:\/\/glowpremium.fr\/produit-eclaircissant\/lait-3x-eclaircissant-white-up-star-au-kojic-dipalmitate-2\/#breadcrumb\",\"itemListElement\":[{\"@type\":\"ListItem\",\"position\":1,\"name\":\"Accueil\",\"item\":\"https:\/\/glowpremium.fr\/\"},{\"@type\":\"ListItem\",\"position\":2,\"name\":\"Boutique\",\"item\":\"https:\/\/glowpremium.fr\/boutique-produits-eclaircissants\/\"},{\"@type\":\"ListItem\",\"position\":3,\"name\":\"Lait 3x \u00e9claircissant White Up Star au Kojic Dipalmitate\"}]},{\"@type\":\"WebSite\",\"@id\":\"https:\/\/glowpremium.fr\/#website\",\"url\":\"https:\/\/glowpremium.fr\/\",\"name\":\"Glow Premium\",\"description\":\"\",\"publisher\":{\"@id\":\"https:\/\/glowpremium.fr\/#organization\"},\"potentialAction\":[{\"@type\":\"SearchAction\",\"target\":{\"@type\":\"EntryPoint\",\"urlTemplate\":\"https:\/\/glowpremium.fr\/?s={search_term_string}\"},\"query-input\":{\"@type\":\"PropertyValueSpecification\",\"valueRequired\":true,\"valueName\":\"search_term_string\"}}],\"inLanguage\":\"en-GB\"},{\"@type\":\"Organization\",\"@id\":\"https:\/\/glowpremium.fr\/#organization\",\"name\":\"Glow Premium\",\"url\":\"https:\/\/glowpremium.fr\/\",\"logo\":{\"@type\":\"ImageObject\",\"inLanguage\":\"en-GB\",\"@id\":\"https:\/\/glowpremium.fr\/#\/schema\/logo\/image\/\",\"url\":\"https:\/\/glowpremium.fr\/wp-content\/uploads\/2024\/10\/screenshot_20241029_034909_chrome.jpg\",\"contentUrl\":\"https:\/\/glowpremium.fr\/wp-content\/uploads\/2024\/10\/screenshot_20241029_034909_chrome.jpg\",\"width\":866,\"height\":937,\"caption\":\"Glow Premium\"},\"image\":{\"@id\":\"https:\/\/glowpremium.fr\/#\/schema\/logo\/image\/\"}}]}<\/script>\n<!-- \/ Yoast SEO plugin. -->","yoast_head_json":{"title":"Lait 3x \u00e9claircissant White Up Star au Kojic Dipalmitate - Glow Premium","description":"Teint lumineux Uniformisation\u00c9clat naturel Correction des taches Peau rayonnante cosm\u00e9tique peau noir et m\u00e9tisse produit blanchissant","robots":{"index":"index","follow":"follow","max-snippet":"max-snippet:-1","max-image-preview":"max-image-preview:large","max-video-preview":"max-video-preview:-1"},"canonical":"https:\/\/glowpremium.fr\/en\/lightening-product\/white-up-star-3x-lightening-milk-with-kojic-dipalmitate-2\/","og_locale":"en_GB","og_type":"article","og_title":"Lait 3x \u00e9claircissant White Up Star au Kojic Dipalmitate - Glow Premium","og_description":"Teint lumineux Uniformisation\u00c9clat naturel Correction des taches Peau rayonnante cosm\u00e9tique peau noir et m\u00e9tisse produit blanchissant","og_url":"https:\/\/glowpremium.fr\/en\/lightening-product\/white-up-star-3x-lightening-milk-with-kojic-dipalmitate-2\/","og_site_name":"Glow Premium","article_modified_time":"2024-11-11T17:55:50+00:00","og_image":[{"width":2000,"height":1831,"url":"https:\/\/glowpremium.fr\/wp-content\/uploads\/2024\/10\/PhotoRoom_20220224_103201.jpg","type":"image\/jpeg"}],"twitter_card":"summary_large_image","twitter_misc":{"Estimated reading time":"1 minute"},"schema":{"@context":"https:\/\/schema.org","@graph":[{"@type":"WebPage","@id":"https:\/\/glowpremium.fr\/produit-eclaircissant\/lait-3x-eclaircissant-white-up-star-au-kojic-dipalmitate-2\/","url":"https:\/\/glowpremium.fr\/produit-eclaircissant\/lait-3x-eclaircissant-white-up-star-au-kojic-dipalmitate-2\/","name":"Lait 3x \u00e9claircissant White Up Star au Kojic Dipalmitate - Glow Premium","isPartOf":{"@id":"https:\/\/glowpremium.fr\/#website"},"primaryImageOfPage":{"@id":"https:\/\/glowpremium.fr\/produit-eclaircissant\/lait-3x-eclaircissant-white-up-star-au-kojic-dipalmitate-2\/#primaryimage"},"image":{"@id":"https:\/\/glowpremium.fr\/produit-eclaircissant\/lait-3x-eclaircissant-white-up-star-au-kojic-dipalmitate-2\/#primaryimage"},"thumbnailUrl":"https:\/\/glowpremium.fr\/wp-content\/uploads\/2024\/10\/PhotoRoom_20220224_103201.jpg","datePublished":"2024-10-28T13:32:46+00:00","dateModified":"2024-11-11T17:55:50+00:00","description":"Teint lumineux Uniformisation\u00c9clat naturel Correction des taches Peau rayonnante cosm\u00e9tique peau noir et m\u00e9tisse produit blanchissant","breadcrumb":{"@id":"https:\/\/glowpremium.fr\/produit-eclaircissant\/lait-3x-eclaircissant-white-up-star-au-kojic-dipalmitate-2\/#breadcrumb"},"inLanguage":"en-GB","potentialAction":[{"@type":"ReadAction","target":["https:\/\/glowpremium.fr\/produit-eclaircissant\/lait-3x-eclaircissant-white-up-star-au-kojic-dipalmitate-2\/"]}]},{"@type":"ImageObject","inLanguage":"en-GB","@id":"https:\/\/glowpremium.fr\/produit-eclaircissant\/lait-3x-eclaircissant-white-up-star-au-kojic-dipalmitate-2\/#primaryimage","url":"https:\/\/glowpremium.fr\/wp-content\/uploads\/2024\/10\/PhotoRoom_20220224_103201.jpg","contentUrl":"https:\/\/glowpremium.fr\/wp-content\/uploads\/2024\/10\/PhotoRoom_20220224_103201.jpg","width":2000,"height":1831},{"@type":"BreadcrumbList","@id":"https:\/\/glowpremium.fr\/produit-eclaircissant\/lait-3x-eclaircissant-white-up-star-au-kojic-dipalmitate-2\/#breadcrumb","itemListElement":[{"@type":"ListItem","position":1,"name":"Accueil","item":"https:\/\/glowpremium.fr\/"},{"@type":"ListItem","position":2,"name":"Boutique","item":"https:\/\/glowpremium.fr\/boutique-produits-eclaircissants\/"},{"@type":"ListItem","position":3,"name":"Lait 3x \u00e9claircissant White Up Star au Kojic Dipalmitate"}]},{"@type":"WebSite","@id":"https:\/\/glowpremium.fr\/#website","url":"https:\/\/glowpremium.fr\/","name":"Glow Premium","description":"","publisher":{"@id":"https:\/\/glowpremium.fr\/#organization"},"potentialAction":[{"@type":"SearchAction","target":{"@type":"EntryPoint","urlTemplate":"https:\/\/glowpremium.fr\/?s={search_term_string}"},"query-input":{"@type":"PropertyValueSpecification","valueRequired":true,"valueName":"search_term_string"}}],"inLanguage":"en-GB"},{"@type":"Organization","@id":"https:\/\/glowpremium.fr\/#organization","name":"Glow Premium","url":"https:\/\/glowpremium.fr\/","logo":{"@type":"ImageObject","inLanguage":"en-GB","@id":"https:\/\/glowpremium.fr\/#\/schema\/logo\/image\/","url":"https:\/\/glowpremium.fr\/wp-content\/uploads\/2024\/10\/screenshot_20241029_034909_chrome.jpg","contentUrl":"https:\/\/glowpremium.fr\/wp-content\/uploads\/2024\/10\/screenshot_20241029_034909_chrome.jpg","width":866,"height":937,"caption":"Glow Premium"},"image":{"@id":"https:\/\/glowpremium.fr\/#\/schema\/logo\/image\/"}}]}},"_links":{"self":[{"href":"https:\/\/glowpremium.fr\/en\/wp-json\/wp\/v2\/product\/5833","targetHints":{"allow":["GET"]}}],"collection":[{"href":"https:\/\/glowpremium.fr\/en\/wp-json\/wp\/v2\/product"}],"about":[{"href":"https:\/\/glowpremium.fr\/en\/wp-json\/wp\/v2\/types\/product"}],"replies":[{"embeddable":true,"href":"https:\/\/glowpremium.fr\/en\/wp-json\/wp\/v2\/comments?post=5833"}],"version-history":[{"count":1,"href":"https:\/\/glowpremium.fr\/en\/wp-json\/wp\/v2\/product\/5833\/revisions"}],"predecessor-version":[{"id":7482,"href":"https:\/\/glowpremium.fr\/en\/wp-json\/wp\/v2\/product\/5833\/revisions\/7482"}],"wp:featuredmedia":[{"embeddable":true,"href":"https:\/\/glowpremium.fr\/en\/wp-json\/wp\/v2\/media\/5832"}],"wp:attachment":[{"href":"https:\/\/glowpremium.fr\/en\/wp-json\/wp\/v2\/media?parent=5833"}],"wp:term":[{"taxonomy":"brand","embeddable":true,"href":"https:\/\/glowpremium.fr\/en\/wp-json\/wp\/v2\/etheme_brands?post=5833"},{"taxonomy":"product_brand","embeddable":true,"href":"https:\/\/glowpremium.fr\/en\/wp-json\/wp\/v2\/product_brand?post=5833"},{"taxonomy":"product_cat","embeddable":true,"href":"https:\/\/glowpremium.fr\/en\/wp-json\/wp\/v2\/product_cat?post=5833"},{"taxonomy":"product_tag","embeddable":true,"href":"https:\/\/glowpremium.fr\/en\/wp-json\/wp\/v2\/product_tag?post=5833"}],"curies":[{"name":"wp","href":"https:\/\/api.w.org\/{rel}","templated":true}]}}