{"id":5824,"date":"2024-10-28T14:32:39","date_gmt":"2024-10-28T13:32:39","guid":{"rendered":"https:\/\/glowpremium.fr\/produit-eclaircissant\/lait-de-beaute-eclaircissant-et-hydratant-chateau-rouge-2\/"},"modified":"2024-11-11T19:14:07","modified_gmt":"2024-11-11T18:14:07","slug":"lait-de-beaute-eclaircissant-et-hydratant-chateau-rouge-2","status":"publish","type":"product","link":"https:\/\/glowpremium.fr\/en\/lightening-product\/chateau-rouge-lightening-and-moisturising-beauty-milk-2\/","title":{"rendered":"Chateau Rouge Lightening and moisturising beauty milk"},"content":{"rendered":"<p><strong>How to use :<\/strong><\/p>\n<p>Use morning and night on the face and body.<\/p>\n<p><strong>Recommendation:<\/strong><\/p>\n<p>Suitable for all skin types.<\/p>\n<p>Avoid contact with eyes, lesions or irritated skin. Keep out of reach of children. Do not expose to sunlight.<\/p>\n<p><strong>Composition:<\/strong><\/p>\n<p>Aqua (WATER), Paraffinum Liquidum (Mineral Oil), Glycerin, Prunus Amygdalus Dulcis (Sweet Almond) Oil, Oleth-10, Oleth-5, Algae Extract, Carbomer, Ethylhexyl Methoxycinnamate (Octinoxate), Parfum (Fragrance), Sodium Hydroxide, BHT, BHA, Caprylyl Glycol, Sodium Benzoate, Limonene, Linalool, Citral Eugenol, Geraniol.<\/p>","protected":false},"excerpt":{"rendered":"<p><strong>Brightening beauty milk by Chateau Rouge<\/strong> has been caring for dark and mixed-race skin for over 20 years. This moisturiser uses active ingredients of natural origin to deeply nourish dry, sensitive skin. Seaweed extracts complement the moisturising and soothing action of sweet almond oil and glycerine. Laboratoire Chateau Rouge favours ingredients of plant or marine origin to care for black skin. When this type of skin is subjected to external aggressions or regular rubbing with fabrics, it can enter a phase of overproduction of melanin, causing the appearance of brown spots.<\/p>\n<p>&nbsp;<\/p>\n<p>The beauty milk helps to reduce pigmentation spots and even out the complexion. From the very first application, brown skin becomes suppler and softer. It remains comfortable all day long and gradually becomes more resistant to skin discomfort and tightness. This dermatologically-tested moisturiser can be used on both the face and body to restore radiance to the skin. Thanks to its fluid texture, the beauty milk is quickly absorbed, leaving the skin with a satin finish. Used in conjunction with a Laboratoire Chateau Rouge cleanser, the beauty milk brightens and moisturises black, dark or mixed-race skin.<\/p>","protected":false},"featured_media":5823,"comment_status":"closed","ping_status":"closed","template":"","meta":[],"etheme_brands":[],"product_brand":[],"product_cat":[80,85],"product_tag":[],"class_list":{"0":"post-5824","1":"product","2":"type-product","3":"status-publish","4":"has-post-thumbnail","6":"product_cat-blanchissants-et-eclaircissants","7":"product_cat-laits-eclaircissants","9":"first","10":"instock","11":"shipping-taxable","12":"purchasable","13":"product-type-simple"},"yoast_head":"<!-- This site is optimized with the Yoast SEO plugin v26.7 - https:\/\/yoast.com\/wordpress\/plugins\/seo\/ -->\n<title>Lait de beaut\u00e9 \u00e9claircissant et hydratant Chateau Rouge - Glow Premium<\/title>\n<meta name=\"description\" content=\"Teint lumineuxUniformisation\u00c9clat naturelCorrection des taches Peau rayonnante produit \u00e9claircissant blanchissant peau et m\u00e9tisse teint claire sans t\u00e2ches\" \/>\n<meta name=\"robots\" content=\"index, follow, max-snippet:-1, max-image-preview:large, max-video-preview:-1\" \/>\n<link rel=\"canonical\" href=\"https:\/\/glowpremium.fr\/en\/lightening-product\/chateau-rouge-lightening-and-moisturising-beauty-milk-2\/\" \/>\n<meta property=\"og:locale\" content=\"en_GB\" \/>\n<meta property=\"og:type\" content=\"article\" \/>\n<meta property=\"og:title\" content=\"Lait de beaut\u00e9 \u00e9claircissant et hydratant Chateau Rouge - Glow Premium\" \/>\n<meta property=\"og:description\" content=\"Teint lumineuxUniformisation\u00c9clat naturelCorrection des taches Peau rayonnante produit \u00e9claircissant blanchissant peau et m\u00e9tisse teint claire sans t\u00e2ches\" \/>\n<meta property=\"og:url\" content=\"https:\/\/glowpremium.fr\/en\/lightening-product\/chateau-rouge-lightening-and-moisturising-beauty-milk-2\/\" \/>\n<meta property=\"og:site_name\" content=\"Glow Premium\" \/>\n<meta property=\"article:modified_time\" content=\"2024-11-11T18:14:07+00:00\" \/>\n<meta property=\"og:image\" content=\"https:\/\/glowpremium.fr\/wp-content\/uploads\/2024\/10\/Capture-decran-2022-02-20-a-20.35.04.png\" \/>\n\t<meta property=\"og:image:width\" content=\"596\" \/>\n\t<meta property=\"og:image:height\" content=\"682\" \/>\n\t<meta property=\"og:image:type\" content=\"image\/png\" \/>\n<meta name=\"twitter:card\" content=\"summary_large_image\" \/>\n<meta name=\"twitter:label1\" content=\"Estimated reading time\" \/>\n\t<meta name=\"twitter:data1\" content=\"1 minute\" \/>\n<script type=\"application\/ld+json\" class=\"yoast-schema-graph\">{\"@context\":\"https:\/\/schema.org\",\"@graph\":[{\"@type\":\"WebPage\",\"@id\":\"https:\/\/glowpremium.fr\/produit-eclaircissant\/lait-de-beaute-eclaircissant-et-hydratant-chateau-rouge-2\/\",\"url\":\"https:\/\/glowpremium.fr\/produit-eclaircissant\/lait-de-beaute-eclaircissant-et-hydratant-chateau-rouge-2\/\",\"name\":\"Lait de beaut\u00e9 \u00e9claircissant et hydratant Chateau Rouge - Glow Premium\",\"isPartOf\":{\"@id\":\"https:\/\/glowpremium.fr\/#website\"},\"primaryImageOfPage\":{\"@id\":\"https:\/\/glowpremium.fr\/produit-eclaircissant\/lait-de-beaute-eclaircissant-et-hydratant-chateau-rouge-2\/#primaryimage\"},\"image\":{\"@id\":\"https:\/\/glowpremium.fr\/produit-eclaircissant\/lait-de-beaute-eclaircissant-et-hydratant-chateau-rouge-2\/#primaryimage\"},\"thumbnailUrl\":\"https:\/\/glowpremium.fr\/wp-content\/uploads\/2024\/10\/Capture-decran-2022-02-20-a-20.35.04.png\",\"datePublished\":\"2024-10-28T13:32:39+00:00\",\"dateModified\":\"2024-11-11T18:14:07+00:00\",\"description\":\"Teint lumineuxUniformisation\u00c9clat naturelCorrection des taches Peau rayonnante produit \u00e9claircissant blanchissant peau et m\u00e9tisse teint claire sans t\u00e2ches\",\"breadcrumb\":{\"@id\":\"https:\/\/glowpremium.fr\/produit-eclaircissant\/lait-de-beaute-eclaircissant-et-hydratant-chateau-rouge-2\/#breadcrumb\"},\"inLanguage\":\"en-GB\",\"potentialAction\":[{\"@type\":\"ReadAction\",\"target\":[\"https:\/\/glowpremium.fr\/produit-eclaircissant\/lait-de-beaute-eclaircissant-et-hydratant-chateau-rouge-2\/\"]}]},{\"@type\":\"ImageObject\",\"inLanguage\":\"en-GB\",\"@id\":\"https:\/\/glowpremium.fr\/produit-eclaircissant\/lait-de-beaute-eclaircissant-et-hydratant-chateau-rouge-2\/#primaryimage\",\"url\":\"https:\/\/glowpremium.fr\/wp-content\/uploads\/2024\/10\/Capture-decran-2022-02-20-a-20.35.04.png\",\"contentUrl\":\"https:\/\/glowpremium.fr\/wp-content\/uploads\/2024\/10\/Capture-decran-2022-02-20-a-20.35.04.png\",\"width\":596,\"height\":682},{\"@type\":\"BreadcrumbList\",\"@id\":\"https:\/\/glowpremium.fr\/produit-eclaircissant\/lait-de-beaute-eclaircissant-et-hydratant-chateau-rouge-2\/#breadcrumb\",\"itemListElement\":[{\"@type\":\"ListItem\",\"position\":1,\"name\":\"Accueil\",\"item\":\"https:\/\/glowpremium.fr\/\"},{\"@type\":\"ListItem\",\"position\":2,\"name\":\"Boutique\",\"item\":\"https:\/\/glowpremium.fr\/boutique-produits-eclaircissants\/\"},{\"@type\":\"ListItem\",\"position\":3,\"name\":\"Lait de beaut\u00e9 \u00e9claircissant et hydratant Chateau Rouge\"}]},{\"@type\":\"WebSite\",\"@id\":\"https:\/\/glowpremium.fr\/#website\",\"url\":\"https:\/\/glowpremium.fr\/\",\"name\":\"Glow Premium\",\"description\":\"\",\"publisher\":{\"@id\":\"https:\/\/glowpremium.fr\/#organization\"},\"potentialAction\":[{\"@type\":\"SearchAction\",\"target\":{\"@type\":\"EntryPoint\",\"urlTemplate\":\"https:\/\/glowpremium.fr\/?s={search_term_string}\"},\"query-input\":{\"@type\":\"PropertyValueSpecification\",\"valueRequired\":true,\"valueName\":\"search_term_string\"}}],\"inLanguage\":\"en-GB\"},{\"@type\":\"Organization\",\"@id\":\"https:\/\/glowpremium.fr\/#organization\",\"name\":\"Glow Premium\",\"url\":\"https:\/\/glowpremium.fr\/\",\"logo\":{\"@type\":\"ImageObject\",\"inLanguage\":\"en-GB\",\"@id\":\"https:\/\/glowpremium.fr\/#\/schema\/logo\/image\/\",\"url\":\"https:\/\/glowpremium.fr\/wp-content\/uploads\/2024\/10\/screenshot_20241029_034909_chrome.jpg\",\"contentUrl\":\"https:\/\/glowpremium.fr\/wp-content\/uploads\/2024\/10\/screenshot_20241029_034909_chrome.jpg\",\"width\":866,\"height\":937,\"caption\":\"Glow Premium\"},\"image\":{\"@id\":\"https:\/\/glowpremium.fr\/#\/schema\/logo\/image\/\"}}]}<\/script>\n<!-- \/ Yoast SEO plugin. -->","yoast_head_json":{"title":"Lait de beaut\u00e9 \u00e9claircissant et hydratant Chateau Rouge - Glow Premium","description":"Teint lumineuxUniformisation\u00c9clat naturelCorrection des taches Peau rayonnante produit \u00e9claircissant blanchissant peau et m\u00e9tisse teint claire sans t\u00e2ches","robots":{"index":"index","follow":"follow","max-snippet":"max-snippet:-1","max-image-preview":"max-image-preview:large","max-video-preview":"max-video-preview:-1"},"canonical":"https:\/\/glowpremium.fr\/en\/lightening-product\/chateau-rouge-lightening-and-moisturising-beauty-milk-2\/","og_locale":"en_GB","og_type":"article","og_title":"Lait de beaut\u00e9 \u00e9claircissant et hydratant Chateau Rouge - Glow Premium","og_description":"Teint lumineuxUniformisation\u00c9clat naturelCorrection des taches Peau rayonnante produit \u00e9claircissant blanchissant peau et m\u00e9tisse teint claire sans t\u00e2ches","og_url":"https:\/\/glowpremium.fr\/en\/lightening-product\/chateau-rouge-lightening-and-moisturising-beauty-milk-2\/","og_site_name":"Glow Premium","article_modified_time":"2024-11-11T18:14:07+00:00","og_image":[{"width":596,"height":682,"url":"https:\/\/glowpremium.fr\/wp-content\/uploads\/2024\/10\/Capture-decran-2022-02-20-a-20.35.04.png","type":"image\/png"}],"twitter_card":"summary_large_image","twitter_misc":{"Estimated reading time":"1 minute"},"schema":{"@context":"https:\/\/schema.org","@graph":[{"@type":"WebPage","@id":"https:\/\/glowpremium.fr\/produit-eclaircissant\/lait-de-beaute-eclaircissant-et-hydratant-chateau-rouge-2\/","url":"https:\/\/glowpremium.fr\/produit-eclaircissant\/lait-de-beaute-eclaircissant-et-hydratant-chateau-rouge-2\/","name":"Lait de beaut\u00e9 \u00e9claircissant et hydratant Chateau Rouge - Glow Premium","isPartOf":{"@id":"https:\/\/glowpremium.fr\/#website"},"primaryImageOfPage":{"@id":"https:\/\/glowpremium.fr\/produit-eclaircissant\/lait-de-beaute-eclaircissant-et-hydratant-chateau-rouge-2\/#primaryimage"},"image":{"@id":"https:\/\/glowpremium.fr\/produit-eclaircissant\/lait-de-beaute-eclaircissant-et-hydratant-chateau-rouge-2\/#primaryimage"},"thumbnailUrl":"https:\/\/glowpremium.fr\/wp-content\/uploads\/2024\/10\/Capture-decran-2022-02-20-a-20.35.04.png","datePublished":"2024-10-28T13:32:39+00:00","dateModified":"2024-11-11T18:14:07+00:00","description":"Teint lumineuxUniformisation\u00c9clat naturelCorrection des taches Peau rayonnante produit \u00e9claircissant blanchissant peau et m\u00e9tisse teint claire sans t\u00e2ches","breadcrumb":{"@id":"https:\/\/glowpremium.fr\/produit-eclaircissant\/lait-de-beaute-eclaircissant-et-hydratant-chateau-rouge-2\/#breadcrumb"},"inLanguage":"en-GB","potentialAction":[{"@type":"ReadAction","target":["https:\/\/glowpremium.fr\/produit-eclaircissant\/lait-de-beaute-eclaircissant-et-hydratant-chateau-rouge-2\/"]}]},{"@type":"ImageObject","inLanguage":"en-GB","@id":"https:\/\/glowpremium.fr\/produit-eclaircissant\/lait-de-beaute-eclaircissant-et-hydratant-chateau-rouge-2\/#primaryimage","url":"https:\/\/glowpremium.fr\/wp-content\/uploads\/2024\/10\/Capture-decran-2022-02-20-a-20.35.04.png","contentUrl":"https:\/\/glowpremium.fr\/wp-content\/uploads\/2024\/10\/Capture-decran-2022-02-20-a-20.35.04.png","width":596,"height":682},{"@type":"BreadcrumbList","@id":"https:\/\/glowpremium.fr\/produit-eclaircissant\/lait-de-beaute-eclaircissant-et-hydratant-chateau-rouge-2\/#breadcrumb","itemListElement":[{"@type":"ListItem","position":1,"name":"Accueil","item":"https:\/\/glowpremium.fr\/"},{"@type":"ListItem","position":2,"name":"Boutique","item":"https:\/\/glowpremium.fr\/boutique-produits-eclaircissants\/"},{"@type":"ListItem","position":3,"name":"Lait de beaut\u00e9 \u00e9claircissant et hydratant Chateau Rouge"}]},{"@type":"WebSite","@id":"https:\/\/glowpremium.fr\/#website","url":"https:\/\/glowpremium.fr\/","name":"Glow Premium","description":"","publisher":{"@id":"https:\/\/glowpremium.fr\/#organization"},"potentialAction":[{"@type":"SearchAction","target":{"@type":"EntryPoint","urlTemplate":"https:\/\/glowpremium.fr\/?s={search_term_string}"},"query-input":{"@type":"PropertyValueSpecification","valueRequired":true,"valueName":"search_term_string"}}],"inLanguage":"en-GB"},{"@type":"Organization","@id":"https:\/\/glowpremium.fr\/#organization","name":"Glow Premium","url":"https:\/\/glowpremium.fr\/","logo":{"@type":"ImageObject","inLanguage":"en-GB","@id":"https:\/\/glowpremium.fr\/#\/schema\/logo\/image\/","url":"https:\/\/glowpremium.fr\/wp-content\/uploads\/2024\/10\/screenshot_20241029_034909_chrome.jpg","contentUrl":"https:\/\/glowpremium.fr\/wp-content\/uploads\/2024\/10\/screenshot_20241029_034909_chrome.jpg","width":866,"height":937,"caption":"Glow Premium"},"image":{"@id":"https:\/\/glowpremium.fr\/#\/schema\/logo\/image\/"}}]}},"_links":{"self":[{"href":"https:\/\/glowpremium.fr\/en\/wp-json\/wp\/v2\/product\/5824","targetHints":{"allow":["GET"]}}],"collection":[{"href":"https:\/\/glowpremium.fr\/en\/wp-json\/wp\/v2\/product"}],"about":[{"href":"https:\/\/glowpremium.fr\/en\/wp-json\/wp\/v2\/types\/product"}],"replies":[{"embeddable":true,"href":"https:\/\/glowpremium.fr\/en\/wp-json\/wp\/v2\/comments?post=5824"}],"version-history":[{"count":1,"href":"https:\/\/glowpremium.fr\/en\/wp-json\/wp\/v2\/product\/5824\/revisions"}],"predecessor-version":[{"id":7485,"href":"https:\/\/glowpremium.fr\/en\/wp-json\/wp\/v2\/product\/5824\/revisions\/7485"}],"wp:featuredmedia":[{"embeddable":true,"href":"https:\/\/glowpremium.fr\/en\/wp-json\/wp\/v2\/media\/5823"}],"wp:attachment":[{"href":"https:\/\/glowpremium.fr\/en\/wp-json\/wp\/v2\/media?parent=5824"}],"wp:term":[{"taxonomy":"brand","embeddable":true,"href":"https:\/\/glowpremium.fr\/en\/wp-json\/wp\/v2\/etheme_brands?post=5824"},{"taxonomy":"product_brand","embeddable":true,"href":"https:\/\/glowpremium.fr\/en\/wp-json\/wp\/v2\/product_brand?post=5824"},{"taxonomy":"product_cat","embeddable":true,"href":"https:\/\/glowpremium.fr\/en\/wp-json\/wp\/v2\/product_cat?post=5824"},{"taxonomy":"product_tag","embeddable":true,"href":"https:\/\/glowpremium.fr\/en\/wp-json\/wp\/v2\/product_tag?post=5824"}],"curies":[{"name":"wp","href":"https:\/\/api.w.org\/{rel}","templated":true}]}}