{"id":5785,"date":"2024-10-28T14:32:25","date_gmt":"2024-10-28T13:32:25","guid":{"rendered":"https:\/\/glowpremium.fr\/produit-eclaircissant\/lait-eclaircissant-gold-skin-a-la-bave-descargot-2\/"},"modified":"2024-11-23T22:25:52","modified_gmt":"2024-11-23T21:25:52","slug":"lait-eclaircissant-gold-skin-a-la-bave-descargot-2","status":"publish","type":"product","link":"https:\/\/glowpremium.fr\/en\/lightening-product\/gold-skin-lightening-milk-with-descargot-slime-2\/","title":{"rendered":"Gold Skin Anti-Spot Lightening range with snail slime"},"content":{"rendered":"<p><strong>How to use :<\/strong><\/p>\n<p>Apply GOLD SKIN Clarifying Milk morning and night to clean, dry skin. Gently massage into the skin.<br \/>\nFor best results, cleanse your skin with GOLD SKIN soap.<\/p>\n<p><strong>Recommendation:<\/strong><\/p>\n<p>If irritation develops, discontinue use of the product. Avoid contact with eyes. In case of contact, rinse with plenty of water.<\/p>\n<p><strong>Composition:<\/strong><\/p>\n<p>Aqua, Stearic Acid, Petrolatum, Mineral Oil Isopropyl Myristate, Dimethicone, Cetyl Alcohol Glycerin, Propylene Glycol, Cetrimonium Bromide Metyl Paraben, Tocopheryl Acetate, Sodium Sulfite Allantoin, Edta, Kojic Acid, Lactic Acid, Argania Spinosa Oil, Citric Acid, Bave d'escragot,Aspergillus Ferment Fragrance.<\/p>","protected":false},"excerpt":{"rendered":"<div class=\"text-justify mb-4\">\u00a0 rangeGOLD SKIN is a clarifying and repairing skin care product formulated with snail slime. This highly repairing, sublimating and anti-ageing active ingredient moisturises, evens out and firms your skin day after day, while respecting its natural integrity. Protected and enhanced, your skin regains its softness, radiance and firmness.<\/div>\n<h6 class=\"titre\">Product benefits<\/h6>\n<div class=\"text-justify mb-4\">Moisturises and evens out the skin.<br \/>\nClarifies and repairs skin imperfections.<br \/>\nSoftens the skin.<br \/>\nEvens out the complexion.<br \/>\nProtects and combats skin ageing.<br \/>\nLeaves a protective film on the skin to shield it from external aggression and irritation.<\/div>","protected":false},"featured_media":8291,"comment_status":"closed","ping_status":"closed","template":"","meta":[],"etheme_brands":[],"product_brand":[],"product_cat":[80,82,86],"product_tag":[],"class_list":{"0":"post-5785","1":"product","2":"type-product","3":"status-publish","4":"has-post-thumbnail","6":"product_cat-blanchissants-et-eclaircissants","7":"product_cat-gammes-eclaircissantes","8":"product_cat-lotions-eclaircissantes","10":"first","11":"instock","12":"shipping-taxable","13":"purchasable","14":"product-type-simple"},"yoast_head":"<!-- This site is optimized with the Yoast SEO plugin v26.7 - https:\/\/yoast.com\/wordpress\/plugins\/seo\/ -->\n<title>Gamme \u00e9claircissant Anti-t\u00e2ches Gold Skin \u00e0 la bave d&#039;escargot - Glow Premium<\/title>\n<meta name=\"description\" content=\"\u00c9claircissant pour peaux fonc\u00e9esSoin \u00e9claircissant pour peaux m\u00e9tiss\u00e9esProduit de d\u00e9pigmentation pour peaux noires lait \u00e9claircissant pour peaux melan\u00e9\" \/>\n<meta name=\"robots\" content=\"index, follow, max-snippet:-1, max-image-preview:large, max-video-preview:-1\" \/>\n<link rel=\"canonical\" href=\"https:\/\/glowpremium.fr\/en\/lightening-product\/gold-skin-lightening-milk-with-descargot-slime-2\/\" \/>\n<meta property=\"og:locale\" content=\"en_GB\" \/>\n<meta property=\"og:type\" content=\"article\" \/>\n<meta property=\"og:title\" content=\"Gamme \u00e9claircissant Anti-t\u00e2ches Gold Skin \u00e0 la bave d&#039;escargot - Glow Premium\" \/>\n<meta property=\"og:description\" content=\"\u00c9claircissant pour peaux fonc\u00e9esSoin \u00e9claircissant pour peaux m\u00e9tiss\u00e9esProduit de d\u00e9pigmentation pour peaux noires lait \u00e9claircissant pour peaux melan\u00e9\" \/>\n<meta property=\"og:url\" content=\"https:\/\/glowpremium.fr\/en\/lightening-product\/gold-skin-lightening-milk-with-descargot-slime-2\/\" \/>\n<meta property=\"og:site_name\" content=\"Glow Premium\" \/>\n<meta property=\"article:modified_time\" content=\"2024-11-23T21:25:52+00:00\" \/>\n<meta property=\"og:image\" content=\"https:\/\/glowpremium.fr\/wp-content\/uploads\/2024\/10\/photo-2024-11-23-20-06-33-6-scaled.jpg\" \/>\n\t<meta property=\"og:image:width\" content=\"1710\" \/>\n\t<meta property=\"og:image:height\" content=\"1710\" \/>\n\t<meta property=\"og:image:type\" content=\"image\/jpeg\" \/>\n<meta name=\"twitter:card\" content=\"summary_large_image\" \/>\n<meta name=\"twitter:label1\" content=\"Estimated reading time\" \/>\n\t<meta name=\"twitter:data1\" content=\"1 minute\" \/>\n<script type=\"application\/ld+json\" class=\"yoast-schema-graph\">{\"@context\":\"https:\/\/schema.org\",\"@graph\":[{\"@type\":\"WebPage\",\"@id\":\"https:\/\/glowpremium.fr\/produit-eclaircissant\/lait-eclaircissant-gold-skin-a-la-bave-descargot-2\/\",\"url\":\"https:\/\/glowpremium.fr\/produit-eclaircissant\/lait-eclaircissant-gold-skin-a-la-bave-descargot-2\/\",\"name\":\"Gamme \u00e9claircissant Anti-t\u00e2ches Gold Skin \u00e0 la bave d'escargot - Glow Premium\",\"isPartOf\":{\"@id\":\"https:\/\/glowpremium.fr\/#website\"},\"primaryImageOfPage\":{\"@id\":\"https:\/\/glowpremium.fr\/produit-eclaircissant\/lait-eclaircissant-gold-skin-a-la-bave-descargot-2\/#primaryimage\"},\"image\":{\"@id\":\"https:\/\/glowpremium.fr\/produit-eclaircissant\/lait-eclaircissant-gold-skin-a-la-bave-descargot-2\/#primaryimage\"},\"thumbnailUrl\":\"https:\/\/glowpremium.fr\/wp-content\/uploads\/2024\/10\/photo-2024-11-23-20-06-33-6-scaled.jpg\",\"datePublished\":\"2024-10-28T13:32:25+00:00\",\"dateModified\":\"2024-11-23T21:25:52+00:00\",\"description\":\"\u00c9claircissant pour peaux fonc\u00e9esSoin \u00e9claircissant pour peaux m\u00e9tiss\u00e9esProduit de d\u00e9pigmentation pour peaux noires lait \u00e9claircissant pour peaux melan\u00e9\",\"breadcrumb\":{\"@id\":\"https:\/\/glowpremium.fr\/produit-eclaircissant\/lait-eclaircissant-gold-skin-a-la-bave-descargot-2\/#breadcrumb\"},\"inLanguage\":\"en-GB\",\"potentialAction\":[{\"@type\":\"ReadAction\",\"target\":[\"https:\/\/glowpremium.fr\/produit-eclaircissant\/lait-eclaircissant-gold-skin-a-la-bave-descargot-2\/\"]}]},{\"@type\":\"ImageObject\",\"inLanguage\":\"en-GB\",\"@id\":\"https:\/\/glowpremium.fr\/produit-eclaircissant\/lait-eclaircissant-gold-skin-a-la-bave-descargot-2\/#primaryimage\",\"url\":\"https:\/\/glowpremium.fr\/wp-content\/uploads\/2024\/10\/photo-2024-11-23-20-06-33-6-scaled.jpg\",\"contentUrl\":\"https:\/\/glowpremium.fr\/wp-content\/uploads\/2024\/10\/photo-2024-11-23-20-06-33-6-scaled.jpg\",\"width\":1710,\"height\":1710},{\"@type\":\"BreadcrumbList\",\"@id\":\"https:\/\/glowpremium.fr\/produit-eclaircissant\/lait-eclaircissant-gold-skin-a-la-bave-descargot-2\/#breadcrumb\",\"itemListElement\":[{\"@type\":\"ListItem\",\"position\":1,\"name\":\"Accueil\",\"item\":\"https:\/\/glowpremium.fr\/\"},{\"@type\":\"ListItem\",\"position\":2,\"name\":\"Boutique\",\"item\":\"https:\/\/glowpremium.fr\/boutique-produits-eclaircissants\/\"},{\"@type\":\"ListItem\",\"position\":3,\"name\":\"Gamme \u00e9claircissant Anti-t\u00e2ches Gold Skin \u00e0 la bave d&#8217;escargot\"}]},{\"@type\":\"WebSite\",\"@id\":\"https:\/\/glowpremium.fr\/#website\",\"url\":\"https:\/\/glowpremium.fr\/\",\"name\":\"Glow Premium\",\"description\":\"\",\"publisher\":{\"@id\":\"https:\/\/glowpremium.fr\/#organization\"},\"potentialAction\":[{\"@type\":\"SearchAction\",\"target\":{\"@type\":\"EntryPoint\",\"urlTemplate\":\"https:\/\/glowpremium.fr\/?s={search_term_string}\"},\"query-input\":{\"@type\":\"PropertyValueSpecification\",\"valueRequired\":true,\"valueName\":\"search_term_string\"}}],\"inLanguage\":\"en-GB\"},{\"@type\":\"Organization\",\"@id\":\"https:\/\/glowpremium.fr\/#organization\",\"name\":\"Glow Premium\",\"url\":\"https:\/\/glowpremium.fr\/\",\"logo\":{\"@type\":\"ImageObject\",\"inLanguage\":\"en-GB\",\"@id\":\"https:\/\/glowpremium.fr\/#\/schema\/logo\/image\/\",\"url\":\"https:\/\/glowpremium.fr\/wp-content\/uploads\/2024\/10\/screenshot_20241029_034909_chrome.jpg\",\"contentUrl\":\"https:\/\/glowpremium.fr\/wp-content\/uploads\/2024\/10\/screenshot_20241029_034909_chrome.jpg\",\"width\":866,\"height\":937,\"caption\":\"Glow Premium\"},\"image\":{\"@id\":\"https:\/\/glowpremium.fr\/#\/schema\/logo\/image\/\"}}]}<\/script>\n<!-- \/ Yoast SEO plugin. -->","yoast_head_json":{"title":"Gamme \u00e9claircissant Anti-t\u00e2ches Gold Skin \u00e0 la bave d'escargot - Glow Premium","description":"\u00c9claircissant pour peaux fonc\u00e9esSoin \u00e9claircissant pour peaux m\u00e9tiss\u00e9esProduit de d\u00e9pigmentation pour peaux noires lait \u00e9claircissant pour peaux melan\u00e9","robots":{"index":"index","follow":"follow","max-snippet":"max-snippet:-1","max-image-preview":"max-image-preview:large","max-video-preview":"max-video-preview:-1"},"canonical":"https:\/\/glowpremium.fr\/en\/lightening-product\/gold-skin-lightening-milk-with-descargot-slime-2\/","og_locale":"en_GB","og_type":"article","og_title":"Gamme \u00e9claircissant Anti-t\u00e2ches Gold Skin \u00e0 la bave d'escargot - Glow Premium","og_description":"\u00c9claircissant pour peaux fonc\u00e9esSoin \u00e9claircissant pour peaux m\u00e9tiss\u00e9esProduit de d\u00e9pigmentation pour peaux noires lait \u00e9claircissant pour peaux melan\u00e9","og_url":"https:\/\/glowpremium.fr\/en\/lightening-product\/gold-skin-lightening-milk-with-descargot-slime-2\/","og_site_name":"Glow Premium","article_modified_time":"2024-11-23T21:25:52+00:00","og_image":[{"width":1710,"height":1710,"url":"https:\/\/glowpremium.fr\/wp-content\/uploads\/2024\/10\/photo-2024-11-23-20-06-33-6-scaled.jpg","type":"image\/jpeg"}],"twitter_card":"summary_large_image","twitter_misc":{"Estimated reading time":"1 minute"},"schema":{"@context":"https:\/\/schema.org","@graph":[{"@type":"WebPage","@id":"https:\/\/glowpremium.fr\/produit-eclaircissant\/lait-eclaircissant-gold-skin-a-la-bave-descargot-2\/","url":"https:\/\/glowpremium.fr\/produit-eclaircissant\/lait-eclaircissant-gold-skin-a-la-bave-descargot-2\/","name":"Gamme \u00e9claircissant Anti-t\u00e2ches Gold Skin \u00e0 la bave d'escargot - Glow Premium","isPartOf":{"@id":"https:\/\/glowpremium.fr\/#website"},"primaryImageOfPage":{"@id":"https:\/\/glowpremium.fr\/produit-eclaircissant\/lait-eclaircissant-gold-skin-a-la-bave-descargot-2\/#primaryimage"},"image":{"@id":"https:\/\/glowpremium.fr\/produit-eclaircissant\/lait-eclaircissant-gold-skin-a-la-bave-descargot-2\/#primaryimage"},"thumbnailUrl":"https:\/\/glowpremium.fr\/wp-content\/uploads\/2024\/10\/photo-2024-11-23-20-06-33-6-scaled.jpg","datePublished":"2024-10-28T13:32:25+00:00","dateModified":"2024-11-23T21:25:52+00:00","description":"\u00c9claircissant pour peaux fonc\u00e9esSoin \u00e9claircissant pour peaux m\u00e9tiss\u00e9esProduit de d\u00e9pigmentation pour peaux noires lait \u00e9claircissant pour peaux melan\u00e9","breadcrumb":{"@id":"https:\/\/glowpremium.fr\/produit-eclaircissant\/lait-eclaircissant-gold-skin-a-la-bave-descargot-2\/#breadcrumb"},"inLanguage":"en-GB","potentialAction":[{"@type":"ReadAction","target":["https:\/\/glowpremium.fr\/produit-eclaircissant\/lait-eclaircissant-gold-skin-a-la-bave-descargot-2\/"]}]},{"@type":"ImageObject","inLanguage":"en-GB","@id":"https:\/\/glowpremium.fr\/produit-eclaircissant\/lait-eclaircissant-gold-skin-a-la-bave-descargot-2\/#primaryimage","url":"https:\/\/glowpremium.fr\/wp-content\/uploads\/2024\/10\/photo-2024-11-23-20-06-33-6-scaled.jpg","contentUrl":"https:\/\/glowpremium.fr\/wp-content\/uploads\/2024\/10\/photo-2024-11-23-20-06-33-6-scaled.jpg","width":1710,"height":1710},{"@type":"BreadcrumbList","@id":"https:\/\/glowpremium.fr\/produit-eclaircissant\/lait-eclaircissant-gold-skin-a-la-bave-descargot-2\/#breadcrumb","itemListElement":[{"@type":"ListItem","position":1,"name":"Accueil","item":"https:\/\/glowpremium.fr\/"},{"@type":"ListItem","position":2,"name":"Boutique","item":"https:\/\/glowpremium.fr\/boutique-produits-eclaircissants\/"},{"@type":"ListItem","position":3,"name":"Gamme \u00e9claircissant Anti-t\u00e2ches Gold Skin \u00e0 la bave d&#8217;escargot"}]},{"@type":"WebSite","@id":"https:\/\/glowpremium.fr\/#website","url":"https:\/\/glowpremium.fr\/","name":"Glow Premium","description":"","publisher":{"@id":"https:\/\/glowpremium.fr\/#organization"},"potentialAction":[{"@type":"SearchAction","target":{"@type":"EntryPoint","urlTemplate":"https:\/\/glowpremium.fr\/?s={search_term_string}"},"query-input":{"@type":"PropertyValueSpecification","valueRequired":true,"valueName":"search_term_string"}}],"inLanguage":"en-GB"},{"@type":"Organization","@id":"https:\/\/glowpremium.fr\/#organization","name":"Glow Premium","url":"https:\/\/glowpremium.fr\/","logo":{"@type":"ImageObject","inLanguage":"en-GB","@id":"https:\/\/glowpremium.fr\/#\/schema\/logo\/image\/","url":"https:\/\/glowpremium.fr\/wp-content\/uploads\/2024\/10\/screenshot_20241029_034909_chrome.jpg","contentUrl":"https:\/\/glowpremium.fr\/wp-content\/uploads\/2024\/10\/screenshot_20241029_034909_chrome.jpg","width":866,"height":937,"caption":"Glow Premium"},"image":{"@id":"https:\/\/glowpremium.fr\/#\/schema\/logo\/image\/"}}]}},"_links":{"self":[{"href":"https:\/\/glowpremium.fr\/en\/wp-json\/wp\/v2\/product\/5785","targetHints":{"allow":["GET"]}}],"collection":[{"href":"https:\/\/glowpremium.fr\/en\/wp-json\/wp\/v2\/product"}],"about":[{"href":"https:\/\/glowpremium.fr\/en\/wp-json\/wp\/v2\/types\/product"}],"replies":[{"embeddable":true,"href":"https:\/\/glowpremium.fr\/en\/wp-json\/wp\/v2\/comments?post=5785"}],"version-history":[{"count":3,"href":"https:\/\/glowpremium.fr\/en\/wp-json\/wp\/v2\/product\/5785\/revisions"}],"predecessor-version":[{"id":8295,"href":"https:\/\/glowpremium.fr\/en\/wp-json\/wp\/v2\/product\/5785\/revisions\/8295"}],"wp:featuredmedia":[{"embeddable":true,"href":"https:\/\/glowpremium.fr\/en\/wp-json\/wp\/v2\/media\/8291"}],"wp:attachment":[{"href":"https:\/\/glowpremium.fr\/en\/wp-json\/wp\/v2\/media?parent=5785"}],"wp:term":[{"taxonomy":"brand","embeddable":true,"href":"https:\/\/glowpremium.fr\/en\/wp-json\/wp\/v2\/etheme_brands?post=5785"},{"taxonomy":"product_brand","embeddable":true,"href":"https:\/\/glowpremium.fr\/en\/wp-json\/wp\/v2\/product_brand?post=5785"},{"taxonomy":"product_cat","embeddable":true,"href":"https:\/\/glowpremium.fr\/en\/wp-json\/wp\/v2\/product_cat?post=5785"},{"taxonomy":"product_tag","embeddable":true,"href":"https:\/\/glowpremium.fr\/en\/wp-json\/wp\/v2\/product_tag?post=5785"}],"curies":[{"name":"wp","href":"https:\/\/api.w.org\/{rel}","templated":true}]}}