{"id":5773,"date":"2024-10-28T14:32:20","date_gmt":"2024-10-28T13:32:20","guid":{"rendered":"https:\/\/glowpremium.fr\/produit-eclaircissant\/gamme-unifiant-hydratant-makari-multi-action-extreme-2\/"},"modified":"2024-11-12T14:40:06","modified_gmt":"2024-11-12T13:40:06","slug":"gamme-unifiant-hydratant-makari-multi-action-extreme-2","status":"publish","type":"product","link":"https:\/\/glowpremium.fr\/en\/lightening-product\/makari-multi-action-extreme-2-unifying-moisturising-range\/","title":{"rendered":"Makari Multi-Action Extreme moisturising unifying range"},"content":{"rendered":"<p><strong>How to use :<\/strong><\/p>\n<p>Cleanse and exfoliate the skin: use the toning soap daily, morning and evening<\/p>\n<p>Correct, even complexion: Apply a thin layer of toning serum to the face every day after cleansing, day and night.<\/p>\n<p>Moisturise and protect the skin: apply a thin layer of toning cream to the face every day after applying the toning serum.<\/p>\n<p>Tone and moisturise the body: apply body lotion all over the body every day. Body product only. Do not apply to the face or neck.<\/p>\n<p>It is recommended to use a body moisturiser such as baby oil, extreme botanical body oil or glycerine before the body lotion to keep the skin hydrated and revitalised.<\/p>\n<pre id=\"tw-target-text\" dir=\"ltr\" data-placeholder=\"Traduction\"><\/pre>\n<pre id=\"tw-target-text\" dir=\"ltr\" data-placeholder=\"Traduction\"><strong>Recommendation:<\/strong><\/pre>\n<p>Avoid contact with eyes. Do not use on children under 12. For external use only. Store in a cool, dry place. If irritation occurs, discontinue use.<\/p>\n<p><strong>Composition:<\/strong><\/p>\n<p>Aqua (Water), Glyceryl Strearate, Cetearyl Alcohol, Glycerin, Propylene Glycol, Ceteareth-20, Isopropyl Myristate, Mulberry (Morus Alba) Root Extract, Benzophenone-3, Octyl Methoxycinnamate, Octyl Dimethyl PABA, Prunusamydalus Dulcis (Sweet Almond) Oil, Argania Spinosa (Argan) Oil, Lanolin Oil, Citrus Limonum (Lemon), Glycyrrhiza Glabra (Licorice) Root Extract, Sambucus Nigra (Black Elder), Rubus Fructicosus (Blackberry), Tilia Vulgaris (Linden), Dimethicone, Decyl Oleate, Paraffinum Liquidum (Mineral Oil), Fragrance (Parfume), Sodium Lactate, Allantoin, Tocopherol Acetate (Vitamin E), Ascorbic Acid (Vitamin C), Sodium Lauryl Sulfate, Retinyl Palmitate (Vitamin A Palmitate), Sodium Metabisulfite, Disodium EDTA, Methylparaben, Propylparaben, P-Chloro-M(Cresol),Benzyl Benzoate, Benzyl Salicylate.<\/p>","protected":false},"excerpt":{"rendered":"<p>This set of even-toned moisturizers includes:<\/p>\n<p>Toning Soap : Cleanses and exfoliates the skin<br \/>\nToning Serum : Corrects dark spots and evens out skin tone<br \/>\nToning cream: moisturises and protects against the sun's harmful effects<br \/>\nBody lotion: Nourishes, evens skin tone and provides sun protection<\/p>","protected":false},"featured_media":5772,"comment_status":"closed","ping_status":"closed","template":"","meta":[],"etheme_brands":[],"product_brand":[],"product_cat":[80,82],"product_tag":[],"class_list":{"0":"post-5773","1":"product","2":"type-product","3":"status-publish","4":"has-post-thumbnail","6":"product_cat-blanchissants-et-eclaircissants","7":"product_cat-gammes-eclaircissantes","9":"first","10":"instock","11":"shipping-taxable","12":"purchasable","13":"product-type-simple"},"yoast_head":"<!-- This site is optimized with the Yoast SEO plugin v26.7 - https:\/\/yoast.com\/wordpress\/plugins\/seo\/ -->\n<title>Gamme unifiant hydratant Makari Multi-Action Extreme - Glow Premium<\/title>\n<meta name=\"description\" content=\"\u00c9claircissant pour peaux fonc\u00e9es Soin blanchisseur pour peaux m\u00e9tiss\u00e9esProduit de d\u00e9pigmentation pour peaux noires \u00e9claircissant pour peaux melan\u00e9e\" \/>\n<meta name=\"robots\" content=\"index, follow, max-snippet:-1, max-image-preview:large, max-video-preview:-1\" \/>\n<link rel=\"canonical\" href=\"https:\/\/glowpremium.fr\/en\/lightening-product\/makari-multi-action-extreme-2-unifying-moisturising-range\/\" \/>\n<meta property=\"og:locale\" content=\"en_GB\" \/>\n<meta property=\"og:type\" content=\"article\" \/>\n<meta property=\"og:title\" content=\"Gamme unifiant hydratant Makari Multi-Action Extreme - Glow Premium\" \/>\n<meta property=\"og:description\" content=\"\u00c9claircissant pour peaux fonc\u00e9es Soin blanchisseur pour peaux m\u00e9tiss\u00e9esProduit de d\u00e9pigmentation pour peaux noires \u00e9claircissant pour peaux melan\u00e9e\" \/>\n<meta property=\"og:url\" content=\"https:\/\/glowpremium.fr\/en\/lightening-product\/makari-multi-action-extreme-2-unifying-moisturising-range\/\" \/>\n<meta property=\"og:site_name\" content=\"Glow Premium\" \/>\n<meta property=\"article:modified_time\" content=\"2024-11-12T13:40:06+00:00\" \/>\n<meta property=\"og:image\" content=\"https:\/\/glowpremium.fr\/wp-content\/uploads\/2024\/10\/Capture-decran-2022-02-02-a-18.03.55.png\" \/>\n\t<meta property=\"og:image:width\" content=\"646\" \/>\n\t<meta property=\"og:image:height\" content=\"631\" \/>\n\t<meta property=\"og:image:type\" content=\"image\/png\" \/>\n<meta name=\"twitter:card\" content=\"summary_large_image\" \/>\n<meta name=\"twitter:label1\" content=\"Estimated reading time\" \/>\n\t<meta name=\"twitter:data1\" content=\"2 minutes\" \/>\n<script type=\"application\/ld+json\" class=\"yoast-schema-graph\">{\"@context\":\"https:\/\/schema.org\",\"@graph\":[{\"@type\":\"WebPage\",\"@id\":\"https:\/\/glowpremium.fr\/produit-eclaircissant\/gamme-unifiant-hydratant-makari-multi-action-extreme-2\/\",\"url\":\"https:\/\/glowpremium.fr\/produit-eclaircissant\/gamme-unifiant-hydratant-makari-multi-action-extreme-2\/\",\"name\":\"Gamme unifiant hydratant Makari Multi-Action Extreme - Glow Premium\",\"isPartOf\":{\"@id\":\"https:\/\/glowpremium.fr\/#website\"},\"primaryImageOfPage\":{\"@id\":\"https:\/\/glowpremium.fr\/produit-eclaircissant\/gamme-unifiant-hydratant-makari-multi-action-extreme-2\/#primaryimage\"},\"image\":{\"@id\":\"https:\/\/glowpremium.fr\/produit-eclaircissant\/gamme-unifiant-hydratant-makari-multi-action-extreme-2\/#primaryimage\"},\"thumbnailUrl\":\"https:\/\/glowpremium.fr\/wp-content\/uploads\/2024\/10\/Capture-decran-2022-02-02-a-18.03.55.png\",\"datePublished\":\"2024-10-28T13:32:20+00:00\",\"dateModified\":\"2024-11-12T13:40:06+00:00\",\"description\":\"\u00c9claircissant pour peaux fonc\u00e9es Soin blanchisseur pour peaux m\u00e9tiss\u00e9esProduit de d\u00e9pigmentation pour peaux noires \u00e9claircissant pour peaux melan\u00e9e\",\"breadcrumb\":{\"@id\":\"https:\/\/glowpremium.fr\/produit-eclaircissant\/gamme-unifiant-hydratant-makari-multi-action-extreme-2\/#breadcrumb\"},\"inLanguage\":\"en-GB\",\"potentialAction\":[{\"@type\":\"ReadAction\",\"target\":[\"https:\/\/glowpremium.fr\/produit-eclaircissant\/gamme-unifiant-hydratant-makari-multi-action-extreme-2\/\"]}]},{\"@type\":\"ImageObject\",\"inLanguage\":\"en-GB\",\"@id\":\"https:\/\/glowpremium.fr\/produit-eclaircissant\/gamme-unifiant-hydratant-makari-multi-action-extreme-2\/#primaryimage\",\"url\":\"https:\/\/glowpremium.fr\/wp-content\/uploads\/2024\/10\/Capture-decran-2022-02-02-a-18.03.55.png\",\"contentUrl\":\"https:\/\/glowpremium.fr\/wp-content\/uploads\/2024\/10\/Capture-decran-2022-02-02-a-18.03.55.png\",\"width\":646,\"height\":631},{\"@type\":\"BreadcrumbList\",\"@id\":\"https:\/\/glowpremium.fr\/produit-eclaircissant\/gamme-unifiant-hydratant-makari-multi-action-extreme-2\/#breadcrumb\",\"itemListElement\":[{\"@type\":\"ListItem\",\"position\":1,\"name\":\"Accueil\",\"item\":\"https:\/\/glowpremium.fr\/\"},{\"@type\":\"ListItem\",\"position\":2,\"name\":\"Boutique\",\"item\":\"https:\/\/glowpremium.fr\/boutique-produits-eclaircissants\/\"},{\"@type\":\"ListItem\",\"position\":3,\"name\":\"Gamme unifiant hydratant Makari Multi-Action Extreme\"}]},{\"@type\":\"WebSite\",\"@id\":\"https:\/\/glowpremium.fr\/#website\",\"url\":\"https:\/\/glowpremium.fr\/\",\"name\":\"Glow Premium\",\"description\":\"\",\"publisher\":{\"@id\":\"https:\/\/glowpremium.fr\/#organization\"},\"potentialAction\":[{\"@type\":\"SearchAction\",\"target\":{\"@type\":\"EntryPoint\",\"urlTemplate\":\"https:\/\/glowpremium.fr\/?s={search_term_string}\"},\"query-input\":{\"@type\":\"PropertyValueSpecification\",\"valueRequired\":true,\"valueName\":\"search_term_string\"}}],\"inLanguage\":\"en-GB\"},{\"@type\":\"Organization\",\"@id\":\"https:\/\/glowpremium.fr\/#organization\",\"name\":\"Glow Premium\",\"url\":\"https:\/\/glowpremium.fr\/\",\"logo\":{\"@type\":\"ImageObject\",\"inLanguage\":\"en-GB\",\"@id\":\"https:\/\/glowpremium.fr\/#\/schema\/logo\/image\/\",\"url\":\"https:\/\/glowpremium.fr\/wp-content\/uploads\/2024\/10\/screenshot_20241029_034909_chrome.jpg\",\"contentUrl\":\"https:\/\/glowpremium.fr\/wp-content\/uploads\/2024\/10\/screenshot_20241029_034909_chrome.jpg\",\"width\":866,\"height\":937,\"caption\":\"Glow Premium\"},\"image\":{\"@id\":\"https:\/\/glowpremium.fr\/#\/schema\/logo\/image\/\"}}]}<\/script>\n<!-- \/ Yoast SEO plugin. -->","yoast_head_json":{"title":"Gamme unifiant hydratant Makari Multi-Action Extreme - Glow Premium","description":"\u00c9claircissant pour peaux fonc\u00e9es Soin blanchisseur pour peaux m\u00e9tiss\u00e9esProduit de d\u00e9pigmentation pour peaux noires \u00e9claircissant pour peaux melan\u00e9e","robots":{"index":"index","follow":"follow","max-snippet":"max-snippet:-1","max-image-preview":"max-image-preview:large","max-video-preview":"max-video-preview:-1"},"canonical":"https:\/\/glowpremium.fr\/en\/lightening-product\/makari-multi-action-extreme-2-unifying-moisturising-range\/","og_locale":"en_GB","og_type":"article","og_title":"Gamme unifiant hydratant Makari Multi-Action Extreme - Glow Premium","og_description":"\u00c9claircissant pour peaux fonc\u00e9es Soin blanchisseur pour peaux m\u00e9tiss\u00e9esProduit de d\u00e9pigmentation pour peaux noires \u00e9claircissant pour peaux melan\u00e9e","og_url":"https:\/\/glowpremium.fr\/en\/lightening-product\/makari-multi-action-extreme-2-unifying-moisturising-range\/","og_site_name":"Glow Premium","article_modified_time":"2024-11-12T13:40:06+00:00","og_image":[{"width":646,"height":631,"url":"https:\/\/glowpremium.fr\/wp-content\/uploads\/2024\/10\/Capture-decran-2022-02-02-a-18.03.55.png","type":"image\/png"}],"twitter_card":"summary_large_image","twitter_misc":{"Estimated reading time":"2 minutes"},"schema":{"@context":"https:\/\/schema.org","@graph":[{"@type":"WebPage","@id":"https:\/\/glowpremium.fr\/produit-eclaircissant\/gamme-unifiant-hydratant-makari-multi-action-extreme-2\/","url":"https:\/\/glowpremium.fr\/produit-eclaircissant\/gamme-unifiant-hydratant-makari-multi-action-extreme-2\/","name":"Gamme unifiant hydratant Makari Multi-Action Extreme - Glow Premium","isPartOf":{"@id":"https:\/\/glowpremium.fr\/#website"},"primaryImageOfPage":{"@id":"https:\/\/glowpremium.fr\/produit-eclaircissant\/gamme-unifiant-hydratant-makari-multi-action-extreme-2\/#primaryimage"},"image":{"@id":"https:\/\/glowpremium.fr\/produit-eclaircissant\/gamme-unifiant-hydratant-makari-multi-action-extreme-2\/#primaryimage"},"thumbnailUrl":"https:\/\/glowpremium.fr\/wp-content\/uploads\/2024\/10\/Capture-decran-2022-02-02-a-18.03.55.png","datePublished":"2024-10-28T13:32:20+00:00","dateModified":"2024-11-12T13:40:06+00:00","description":"\u00c9claircissant pour peaux fonc\u00e9es Soin blanchisseur pour peaux m\u00e9tiss\u00e9esProduit de d\u00e9pigmentation pour peaux noires \u00e9claircissant pour peaux melan\u00e9e","breadcrumb":{"@id":"https:\/\/glowpremium.fr\/produit-eclaircissant\/gamme-unifiant-hydratant-makari-multi-action-extreme-2\/#breadcrumb"},"inLanguage":"en-GB","potentialAction":[{"@type":"ReadAction","target":["https:\/\/glowpremium.fr\/produit-eclaircissant\/gamme-unifiant-hydratant-makari-multi-action-extreme-2\/"]}]},{"@type":"ImageObject","inLanguage":"en-GB","@id":"https:\/\/glowpremium.fr\/produit-eclaircissant\/gamme-unifiant-hydratant-makari-multi-action-extreme-2\/#primaryimage","url":"https:\/\/glowpremium.fr\/wp-content\/uploads\/2024\/10\/Capture-decran-2022-02-02-a-18.03.55.png","contentUrl":"https:\/\/glowpremium.fr\/wp-content\/uploads\/2024\/10\/Capture-decran-2022-02-02-a-18.03.55.png","width":646,"height":631},{"@type":"BreadcrumbList","@id":"https:\/\/glowpremium.fr\/produit-eclaircissant\/gamme-unifiant-hydratant-makari-multi-action-extreme-2\/#breadcrumb","itemListElement":[{"@type":"ListItem","position":1,"name":"Accueil","item":"https:\/\/glowpremium.fr\/"},{"@type":"ListItem","position":2,"name":"Boutique","item":"https:\/\/glowpremium.fr\/boutique-produits-eclaircissants\/"},{"@type":"ListItem","position":3,"name":"Gamme unifiant hydratant Makari Multi-Action Extreme"}]},{"@type":"WebSite","@id":"https:\/\/glowpremium.fr\/#website","url":"https:\/\/glowpremium.fr\/","name":"Glow Premium","description":"","publisher":{"@id":"https:\/\/glowpremium.fr\/#organization"},"potentialAction":[{"@type":"SearchAction","target":{"@type":"EntryPoint","urlTemplate":"https:\/\/glowpremium.fr\/?s={search_term_string}"},"query-input":{"@type":"PropertyValueSpecification","valueRequired":true,"valueName":"search_term_string"}}],"inLanguage":"en-GB"},{"@type":"Organization","@id":"https:\/\/glowpremium.fr\/#organization","name":"Glow Premium","url":"https:\/\/glowpremium.fr\/","logo":{"@type":"ImageObject","inLanguage":"en-GB","@id":"https:\/\/glowpremium.fr\/#\/schema\/logo\/image\/","url":"https:\/\/glowpremium.fr\/wp-content\/uploads\/2024\/10\/screenshot_20241029_034909_chrome.jpg","contentUrl":"https:\/\/glowpremium.fr\/wp-content\/uploads\/2024\/10\/screenshot_20241029_034909_chrome.jpg","width":866,"height":937,"caption":"Glow Premium"},"image":{"@id":"https:\/\/glowpremium.fr\/#\/schema\/logo\/image\/"}}]}},"_links":{"self":[{"href":"https:\/\/glowpremium.fr\/en\/wp-json\/wp\/v2\/product\/5773","targetHints":{"allow":["GET"]}}],"collection":[{"href":"https:\/\/glowpremium.fr\/en\/wp-json\/wp\/v2\/product"}],"about":[{"href":"https:\/\/glowpremium.fr\/en\/wp-json\/wp\/v2\/types\/product"}],"replies":[{"embeddable":true,"href":"https:\/\/glowpremium.fr\/en\/wp-json\/wp\/v2\/comments?post=5773"}],"version-history":[{"count":1,"href":"https:\/\/glowpremium.fr\/en\/wp-json\/wp\/v2\/product\/5773\/revisions"}],"predecessor-version":[{"id":7519,"href":"https:\/\/glowpremium.fr\/en\/wp-json\/wp\/v2\/product\/5773\/revisions\/7519"}],"wp:featuredmedia":[{"embeddable":true,"href":"https:\/\/glowpremium.fr\/en\/wp-json\/wp\/v2\/media\/5772"}],"wp:attachment":[{"href":"https:\/\/glowpremium.fr\/en\/wp-json\/wp\/v2\/media?parent=5773"}],"wp:term":[{"taxonomy":"brand","embeddable":true,"href":"https:\/\/glowpremium.fr\/en\/wp-json\/wp\/v2\/etheme_brands?post=5773"},{"taxonomy":"product_brand","embeddable":true,"href":"https:\/\/glowpremium.fr\/en\/wp-json\/wp\/v2\/product_brand?post=5773"},{"taxonomy":"product_cat","embeddable":true,"href":"https:\/\/glowpremium.fr\/en\/wp-json\/wp\/v2\/product_cat?post=5773"},{"taxonomy":"product_tag","embeddable":true,"href":"https:\/\/glowpremium.fr\/en\/wp-json\/wp\/v2\/product_tag?post=5773"}],"curies":[{"name":"wp","href":"https:\/\/api.w.org\/{rel}","templated":true}]}}