{"id":5735,"date":"2024-10-28T14:32:03","date_gmt":"2024-10-28T13:32:03","guid":{"rendered":"https:\/\/glowpremium.fr\/produit-eclaircissant\/savon-eclaircissant-gold-skin-a-lhuile-dargan-2\/"},"modified":"2024-11-13T19:29:20","modified_gmt":"2024-11-13T18:29:20","slug":"savon-eclaircissant-gold-skin-a-lhuile-dargan-2","status":"publish","type":"product","link":"https:\/\/glowpremium.fr\/en\/lightening-product\/gold-skin-lightening-soap-with-dargan-oil-2\/","title":{"rendered":"Gold Skin Lightening Soap with Argan Oil Moisturises"},"content":{"rendered":"<p><strong>How to use :<\/strong><\/p>\n<p>Work the soap into a lather and apply to the face and body.<br \/>\nRinse thoroughly and dry skin gently.<br \/>\nFor optimum, long-lasting action, apply GOLD SKIN Clarifying Milk or Clarifying Cream.<\/p>\n<p><strong>Recommendation:<\/strong><\/p>\n<p>The product should not be used for more than 15 days. Allow to rest for 2 weeks between each routine. If irritation develops, discontinue use of the product. Avoid contact with eyes. In the event of contact, rinse thoroughly with water.<\/p>\n<p><strong>Composition:<\/strong><\/p>\n<p>Aqua, Stearic Acid, Petrolatum, Mineral Oil Isopropyl Myristate, Dimethicone, Cetyl Alcohol Glycerin, Propylene Glycol, Cetrimonium Bromide Metyl Paraben, Tocopheryl Acetate, Sodium Sulfite Allantoin, Edta, Kojic Acid, Lactic Acid, Argania Spinosa Oil, Citric Acid, Aspergillus Ferment Fragrance.<\/p>","protected":false},"excerpt":{"rendered":"<p>GOLD SKIN Clarifying Soap with Argan Oil thoroughly cleanses the skin while eliminating dead cells and other imperfections. Its cleansing base enriched with Argan oil helps to evenly lighten the complexion, moisturises and gives the skin nourishing, toning and anti-ageing properties. With all impurities removed, your skin is ready to receive your GOLD SKIN skincare products.<\/p>","protected":false},"featured_media":5734,"comment_status":"closed","ping_status":"closed","template":"","meta":[],"etheme_brands":[],"product_brand":[],"product_cat":[80,87],"product_tag":[],"class_list":{"0":"post-5735","1":"product","2":"type-product","3":"status-publish","4":"has-post-thumbnail","6":"product_cat-blanchissants-et-eclaircissants","7":"product_cat-savons-eclaircissants","9":"first","10":"instock","11":"shipping-taxable","12":"purchasable","13":"product-type-simple"},"yoast_head":"<!-- This site is optimized with the Yoast SEO plugin v26.7 - https:\/\/yoast.com\/wordpress\/plugins\/seo\/ -->\n<title>Savon \u00e9claircissant Gold Skin \u00e0 l&#039;huile d&#039;argan hydrate - Glow Premium<\/title>\n<meta name=\"description\" content=\"\u00c9claircissant pour peaux fonc\u00e9esSoin \u00e9claircissant pour peaux m\u00e9tiss\u00e9esProduit de d\u00e9pigmentation pour peaux noires Savon \u00e9claircissant pour peaux melan\u00e9es\" \/>\n<meta name=\"robots\" content=\"index, follow, max-snippet:-1, max-image-preview:large, max-video-preview:-1\" \/>\n<link rel=\"canonical\" href=\"https:\/\/glowpremium.fr\/en\/lightening-product\/gold-skin-lightening-soap-with-dargan-oil-2\/\" \/>\n<meta property=\"og:locale\" content=\"en_GB\" \/>\n<meta property=\"og:type\" content=\"article\" \/>\n<meta property=\"og:title\" content=\"Savon \u00e9claircissant Gold Skin \u00e0 l&#039;huile d&#039;argan hydrate - Glow Premium\" \/>\n<meta property=\"og:description\" content=\"\u00c9claircissant pour peaux fonc\u00e9esSoin \u00e9claircissant pour peaux m\u00e9tiss\u00e9esProduit de d\u00e9pigmentation pour peaux noires Savon \u00e9claircissant pour peaux melan\u00e9es\" \/>\n<meta property=\"og:url\" content=\"https:\/\/glowpremium.fr\/en\/lightening-product\/gold-skin-lightening-soap-with-dargan-oil-2\/\" \/>\n<meta property=\"og:site_name\" content=\"Glow Premium\" \/>\n<meta property=\"article:modified_time\" content=\"2024-11-13T18:29:20+00:00\" \/>\n<meta property=\"og:image\" content=\"https:\/\/glowpremium.fr\/wp-content\/uploads\/2024\/10\/savon-eclaircissant-gold-skin.png\" \/>\n\t<meta property=\"og:image:width\" content=\"475\" \/>\n\t<meta property=\"og:image:height\" content=\"562\" \/>\n\t<meta property=\"og:image:type\" content=\"image\/png\" \/>\n<meta name=\"twitter:card\" content=\"summary_large_image\" \/>\n<meta name=\"twitter:label1\" content=\"Estimated reading time\" \/>\n\t<meta name=\"twitter:data1\" content=\"1 minute\" \/>\n<script type=\"application\/ld+json\" class=\"yoast-schema-graph\">{\"@context\":\"https:\/\/schema.org\",\"@graph\":[{\"@type\":\"WebPage\",\"@id\":\"https:\/\/glowpremium.fr\/produit-eclaircissant\/savon-eclaircissant-gold-skin-a-lhuile-dargan-2\/\",\"url\":\"https:\/\/glowpremium.fr\/produit-eclaircissant\/savon-eclaircissant-gold-skin-a-lhuile-dargan-2\/\",\"name\":\"Savon \u00e9claircissant Gold Skin \u00e0 l'huile d'argan hydrate - Glow Premium\",\"isPartOf\":{\"@id\":\"https:\/\/glowpremium.fr\/#website\"},\"primaryImageOfPage\":{\"@id\":\"https:\/\/glowpremium.fr\/produit-eclaircissant\/savon-eclaircissant-gold-skin-a-lhuile-dargan-2\/#primaryimage\"},\"image\":{\"@id\":\"https:\/\/glowpremium.fr\/produit-eclaircissant\/savon-eclaircissant-gold-skin-a-lhuile-dargan-2\/#primaryimage\"},\"thumbnailUrl\":\"https:\/\/glowpremium.fr\/wp-content\/uploads\/2024\/10\/savon-eclaircissant-gold-skin.png\",\"datePublished\":\"2024-10-28T13:32:03+00:00\",\"dateModified\":\"2024-11-13T18:29:20+00:00\",\"description\":\"\u00c9claircissant pour peaux fonc\u00e9esSoin \u00e9claircissant pour peaux m\u00e9tiss\u00e9esProduit de d\u00e9pigmentation pour peaux noires Savon \u00e9claircissant pour peaux melan\u00e9es\",\"breadcrumb\":{\"@id\":\"https:\/\/glowpremium.fr\/produit-eclaircissant\/savon-eclaircissant-gold-skin-a-lhuile-dargan-2\/#breadcrumb\"},\"inLanguage\":\"en-GB\",\"potentialAction\":[{\"@type\":\"ReadAction\",\"target\":[\"https:\/\/glowpremium.fr\/produit-eclaircissant\/savon-eclaircissant-gold-skin-a-lhuile-dargan-2\/\"]}]},{\"@type\":\"ImageObject\",\"inLanguage\":\"en-GB\",\"@id\":\"https:\/\/glowpremium.fr\/produit-eclaircissant\/savon-eclaircissant-gold-skin-a-lhuile-dargan-2\/#primaryimage\",\"url\":\"https:\/\/glowpremium.fr\/wp-content\/uploads\/2024\/10\/savon-eclaircissant-gold-skin.png\",\"contentUrl\":\"https:\/\/glowpremium.fr\/wp-content\/uploads\/2024\/10\/savon-eclaircissant-gold-skin.png\",\"width\":475,\"height\":562},{\"@type\":\"BreadcrumbList\",\"@id\":\"https:\/\/glowpremium.fr\/produit-eclaircissant\/savon-eclaircissant-gold-skin-a-lhuile-dargan-2\/#breadcrumb\",\"itemListElement\":[{\"@type\":\"ListItem\",\"position\":1,\"name\":\"Accueil\",\"item\":\"https:\/\/glowpremium.fr\/\"},{\"@type\":\"ListItem\",\"position\":2,\"name\":\"Boutique\",\"item\":\"https:\/\/glowpremium.fr\/boutique-produits-eclaircissants\/\"},{\"@type\":\"ListItem\",\"position\":3,\"name\":\"Savon \u00e9claircissant Gold Skin \u00e0 l&#8217;huile d&#8217;argan hydrate\"}]},{\"@type\":\"WebSite\",\"@id\":\"https:\/\/glowpremium.fr\/#website\",\"url\":\"https:\/\/glowpremium.fr\/\",\"name\":\"Glow Premium\",\"description\":\"\",\"publisher\":{\"@id\":\"https:\/\/glowpremium.fr\/#organization\"},\"potentialAction\":[{\"@type\":\"SearchAction\",\"target\":{\"@type\":\"EntryPoint\",\"urlTemplate\":\"https:\/\/glowpremium.fr\/?s={search_term_string}\"},\"query-input\":{\"@type\":\"PropertyValueSpecification\",\"valueRequired\":true,\"valueName\":\"search_term_string\"}}],\"inLanguage\":\"en-GB\"},{\"@type\":\"Organization\",\"@id\":\"https:\/\/glowpremium.fr\/#organization\",\"name\":\"Glow Premium\",\"url\":\"https:\/\/glowpremium.fr\/\",\"logo\":{\"@type\":\"ImageObject\",\"inLanguage\":\"en-GB\",\"@id\":\"https:\/\/glowpremium.fr\/#\/schema\/logo\/image\/\",\"url\":\"https:\/\/glowpremium.fr\/wp-content\/uploads\/2024\/10\/screenshot_20241029_034909_chrome.jpg\",\"contentUrl\":\"https:\/\/glowpremium.fr\/wp-content\/uploads\/2024\/10\/screenshot_20241029_034909_chrome.jpg\",\"width\":866,\"height\":937,\"caption\":\"Glow Premium\"},\"image\":{\"@id\":\"https:\/\/glowpremium.fr\/#\/schema\/logo\/image\/\"}}]}<\/script>\n<!-- \/ Yoast SEO plugin. -->","yoast_head_json":{"title":"Savon \u00e9claircissant Gold Skin \u00e0 l'huile d'argan hydrate - Glow Premium","description":"\u00c9claircissant pour peaux fonc\u00e9esSoin \u00e9claircissant pour peaux m\u00e9tiss\u00e9esProduit de d\u00e9pigmentation pour peaux noires Savon \u00e9claircissant pour peaux melan\u00e9es","robots":{"index":"index","follow":"follow","max-snippet":"max-snippet:-1","max-image-preview":"max-image-preview:large","max-video-preview":"max-video-preview:-1"},"canonical":"https:\/\/glowpremium.fr\/en\/lightening-product\/gold-skin-lightening-soap-with-dargan-oil-2\/","og_locale":"en_GB","og_type":"article","og_title":"Savon \u00e9claircissant Gold Skin \u00e0 l'huile d'argan hydrate - Glow Premium","og_description":"\u00c9claircissant pour peaux fonc\u00e9esSoin \u00e9claircissant pour peaux m\u00e9tiss\u00e9esProduit de d\u00e9pigmentation pour peaux noires Savon \u00e9claircissant pour peaux melan\u00e9es","og_url":"https:\/\/glowpremium.fr\/en\/lightening-product\/gold-skin-lightening-soap-with-dargan-oil-2\/","og_site_name":"Glow Premium","article_modified_time":"2024-11-13T18:29:20+00:00","og_image":[{"width":475,"height":562,"url":"https:\/\/glowpremium.fr\/wp-content\/uploads\/2024\/10\/savon-eclaircissant-gold-skin.png","type":"image\/png"}],"twitter_card":"summary_large_image","twitter_misc":{"Estimated reading time":"1 minute"},"schema":{"@context":"https:\/\/schema.org","@graph":[{"@type":"WebPage","@id":"https:\/\/glowpremium.fr\/produit-eclaircissant\/savon-eclaircissant-gold-skin-a-lhuile-dargan-2\/","url":"https:\/\/glowpremium.fr\/produit-eclaircissant\/savon-eclaircissant-gold-skin-a-lhuile-dargan-2\/","name":"Savon \u00e9claircissant Gold Skin \u00e0 l'huile d'argan hydrate - Glow Premium","isPartOf":{"@id":"https:\/\/glowpremium.fr\/#website"},"primaryImageOfPage":{"@id":"https:\/\/glowpremium.fr\/produit-eclaircissant\/savon-eclaircissant-gold-skin-a-lhuile-dargan-2\/#primaryimage"},"image":{"@id":"https:\/\/glowpremium.fr\/produit-eclaircissant\/savon-eclaircissant-gold-skin-a-lhuile-dargan-2\/#primaryimage"},"thumbnailUrl":"https:\/\/glowpremium.fr\/wp-content\/uploads\/2024\/10\/savon-eclaircissant-gold-skin.png","datePublished":"2024-10-28T13:32:03+00:00","dateModified":"2024-11-13T18:29:20+00:00","description":"\u00c9claircissant pour peaux fonc\u00e9esSoin \u00e9claircissant pour peaux m\u00e9tiss\u00e9esProduit de d\u00e9pigmentation pour peaux noires Savon \u00e9claircissant pour peaux melan\u00e9es","breadcrumb":{"@id":"https:\/\/glowpremium.fr\/produit-eclaircissant\/savon-eclaircissant-gold-skin-a-lhuile-dargan-2\/#breadcrumb"},"inLanguage":"en-GB","potentialAction":[{"@type":"ReadAction","target":["https:\/\/glowpremium.fr\/produit-eclaircissant\/savon-eclaircissant-gold-skin-a-lhuile-dargan-2\/"]}]},{"@type":"ImageObject","inLanguage":"en-GB","@id":"https:\/\/glowpremium.fr\/produit-eclaircissant\/savon-eclaircissant-gold-skin-a-lhuile-dargan-2\/#primaryimage","url":"https:\/\/glowpremium.fr\/wp-content\/uploads\/2024\/10\/savon-eclaircissant-gold-skin.png","contentUrl":"https:\/\/glowpremium.fr\/wp-content\/uploads\/2024\/10\/savon-eclaircissant-gold-skin.png","width":475,"height":562},{"@type":"BreadcrumbList","@id":"https:\/\/glowpremium.fr\/produit-eclaircissant\/savon-eclaircissant-gold-skin-a-lhuile-dargan-2\/#breadcrumb","itemListElement":[{"@type":"ListItem","position":1,"name":"Accueil","item":"https:\/\/glowpremium.fr\/"},{"@type":"ListItem","position":2,"name":"Boutique","item":"https:\/\/glowpremium.fr\/boutique-produits-eclaircissants\/"},{"@type":"ListItem","position":3,"name":"Savon \u00e9claircissant Gold Skin \u00e0 l&#8217;huile d&#8217;argan hydrate"}]},{"@type":"WebSite","@id":"https:\/\/glowpremium.fr\/#website","url":"https:\/\/glowpremium.fr\/","name":"Glow Premium","description":"","publisher":{"@id":"https:\/\/glowpremium.fr\/#organization"},"potentialAction":[{"@type":"SearchAction","target":{"@type":"EntryPoint","urlTemplate":"https:\/\/glowpremium.fr\/?s={search_term_string}"},"query-input":{"@type":"PropertyValueSpecification","valueRequired":true,"valueName":"search_term_string"}}],"inLanguage":"en-GB"},{"@type":"Organization","@id":"https:\/\/glowpremium.fr\/#organization","name":"Glow Premium","url":"https:\/\/glowpremium.fr\/","logo":{"@type":"ImageObject","inLanguage":"en-GB","@id":"https:\/\/glowpremium.fr\/#\/schema\/logo\/image\/","url":"https:\/\/glowpremium.fr\/wp-content\/uploads\/2024\/10\/screenshot_20241029_034909_chrome.jpg","contentUrl":"https:\/\/glowpremium.fr\/wp-content\/uploads\/2024\/10\/screenshot_20241029_034909_chrome.jpg","width":866,"height":937,"caption":"Glow Premium"},"image":{"@id":"https:\/\/glowpremium.fr\/#\/schema\/logo\/image\/"}}]}},"_links":{"self":[{"href":"https:\/\/glowpremium.fr\/en\/wp-json\/wp\/v2\/product\/5735","targetHints":{"allow":["GET"]}}],"collection":[{"href":"https:\/\/glowpremium.fr\/en\/wp-json\/wp\/v2\/product"}],"about":[{"href":"https:\/\/glowpremium.fr\/en\/wp-json\/wp\/v2\/types\/product"}],"replies":[{"embeddable":true,"href":"https:\/\/glowpremium.fr\/en\/wp-json\/wp\/v2\/comments?post=5735"}],"version-history":[{"count":2,"href":"https:\/\/glowpremium.fr\/en\/wp-json\/wp\/v2\/product\/5735\/revisions"}],"predecessor-version":[{"id":7548,"href":"https:\/\/glowpremium.fr\/en\/wp-json\/wp\/v2\/product\/5735\/revisions\/7548"}],"wp:featuredmedia":[{"embeddable":true,"href":"https:\/\/glowpremium.fr\/en\/wp-json\/wp\/v2\/media\/5734"}],"wp:attachment":[{"href":"https:\/\/glowpremium.fr\/en\/wp-json\/wp\/v2\/media?parent=5735"}],"wp:term":[{"taxonomy":"brand","embeddable":true,"href":"https:\/\/glowpremium.fr\/en\/wp-json\/wp\/v2\/etheme_brands?post=5735"},{"taxonomy":"product_brand","embeddable":true,"href":"https:\/\/glowpremium.fr\/en\/wp-json\/wp\/v2\/product_brand?post=5735"},{"taxonomy":"product_cat","embeddable":true,"href":"https:\/\/glowpremium.fr\/en\/wp-json\/wp\/v2\/product_cat?post=5735"},{"taxonomy":"product_tag","embeddable":true,"href":"https:\/\/glowpremium.fr\/en\/wp-json\/wp\/v2\/product_tag?post=5735"}],"curies":[{"name":"wp","href":"https:\/\/api.w.org\/{rel}","templated":true}]}}