{"id":5730,"date":"2024-10-28T14:32:00","date_gmt":"2024-10-28T13:32:00","guid":{"rendered":"https:\/\/glowpremium.fr\/produit-eclaircissant\/savon-eclaircissant-face-bebe-anti-tache-et-masque-soins-visage-7-jours-resultats-2\/"},"modified":"2024-11-13T19:48:06","modified_gmt":"2024-11-13T18:48:06","slug":"savon-eclaircissant-face-bebe-anti-tache-et-masque-soins-visage-7-jours-resultats-2","status":"publish","type":"product","link":"https:\/\/glowpremium.fr\/en\/lightening-product\/baby-face-lightening-soap-anti-spot-and-mask-facial-care-7-days-results-2\/","title":{"rendered":"Anti-stain lightening soap Face B\u00e9b\u00e9 7-day facial care"},"content":{"rendered":"<p><strong>How to use :<\/strong><\/p>\n<p>Every day, 7 days visible results, smoother skin, fewer wrinkles<\/p>\n<p><strong>Recommendation:<\/strong><\/p>\n<p>For external use only. If skin irritation occurs, discontinue use.<\/p>\n<p><strong>Composition:<\/strong><\/p>\n<p>Ingredients: tomatoes, carrots, milk, gluta +arbutin<\/p>","protected":false},"excerpt":{"rendered":"<p>Made using a traditional process, baby face soap. It respects the skin's hydrolipidic system and avoids the risk of skin dryness and irritation. Its formula contains powerful natural lightening ingredients. The skin is purified, nourished and revitalised. Your complexion is pure, clear and satin-smooth.<\/p>","protected":false},"featured_media":5729,"comment_status":"closed","ping_status":"closed","template":"","meta":[],"etheme_brands":[],"product_brand":[],"product_cat":[80,87],"product_tag":[],"class_list":{"0":"post-5730","1":"product","2":"type-product","3":"status-publish","4":"has-post-thumbnail","6":"product_cat-blanchissants-et-eclaircissants","7":"product_cat-savons-eclaircissants","9":"first","10":"instock","11":"shipping-taxable","12":"purchasable","13":"product-type-simple"},"yoast_head":"<!-- This site is optimized with the Yoast SEO plugin v26.7 - https:\/\/yoast.com\/wordpress\/plugins\/seo\/ -->\n<title>Savon \u00e9claircissant Face B\u00e9b\u00e9 anti-t\u00e2che soins Visage 7 jours - Glow Premium<\/title>\n<meta name=\"description\" content=\"\u00c9claircissant pour peaux fonc\u00e9esSoin \u00e9claircissant pour peaux m\u00e9tiss\u00e9esProduit de d\u00e9pigmentation pour peaux noiresSavon \u00e9claircissant pour peaux melan\u00e9e\" \/>\n<meta name=\"robots\" content=\"index, follow, max-snippet:-1, max-image-preview:large, max-video-preview:-1\" \/>\n<link rel=\"canonical\" href=\"https:\/\/glowpremium.fr\/en\/lightening-product\/baby-face-lightening-soap-anti-spot-and-mask-facial-care-7-days-results-2\/\" \/>\n<meta property=\"og:locale\" content=\"en_GB\" \/>\n<meta property=\"og:type\" content=\"article\" \/>\n<meta property=\"og:title\" content=\"Savon \u00e9claircissant Face B\u00e9b\u00e9 anti-t\u00e2che soins Visage 7 jours - Glow Premium\" \/>\n<meta property=\"og:description\" content=\"\u00c9claircissant pour peaux fonc\u00e9esSoin \u00e9claircissant pour peaux m\u00e9tiss\u00e9esProduit de d\u00e9pigmentation pour peaux noiresSavon \u00e9claircissant pour peaux melan\u00e9e\" \/>\n<meta property=\"og:url\" content=\"https:\/\/glowpremium.fr\/en\/lightening-product\/baby-face-lightening-soap-anti-spot-and-mask-facial-care-7-days-results-2\/\" \/>\n<meta property=\"og:site_name\" content=\"Glow Premium\" \/>\n<meta property=\"article:modified_time\" content=\"2024-11-13T18:48:06+00:00\" \/>\n<meta property=\"og:image\" content=\"https:\/\/glowpremium.fr\/wp-content\/uploads\/2024\/10\/savon-face-bebe-e1622023905206.png\" \/>\n\t<meta property=\"og:image:width\" content=\"687\" \/>\n\t<meta property=\"og:image:height\" content=\"591\" \/>\n\t<meta property=\"og:image:type\" content=\"image\/png\" \/>\n<meta name=\"twitter:card\" content=\"summary_large_image\" \/>\n<meta name=\"twitter:label1\" content=\"Estimated reading time\" \/>\n\t<meta name=\"twitter:data1\" content=\"1 minute\" \/>\n<script type=\"application\/ld+json\" class=\"yoast-schema-graph\">{\"@context\":\"https:\/\/schema.org\",\"@graph\":[{\"@type\":\"WebPage\",\"@id\":\"https:\/\/glowpremium.fr\/produit-eclaircissant\/savon-eclaircissant-face-bebe-anti-tache-et-masque-soins-visage-7-jours-resultats-2\/\",\"url\":\"https:\/\/glowpremium.fr\/produit-eclaircissant\/savon-eclaircissant-face-bebe-anti-tache-et-masque-soins-visage-7-jours-resultats-2\/\",\"name\":\"Savon \u00e9claircissant Face B\u00e9b\u00e9 anti-t\u00e2che soins Visage 7 jours - Glow Premium\",\"isPartOf\":{\"@id\":\"https:\/\/glowpremium.fr\/#website\"},\"primaryImageOfPage\":{\"@id\":\"https:\/\/glowpremium.fr\/produit-eclaircissant\/savon-eclaircissant-face-bebe-anti-tache-et-masque-soins-visage-7-jours-resultats-2\/#primaryimage\"},\"image\":{\"@id\":\"https:\/\/glowpremium.fr\/produit-eclaircissant\/savon-eclaircissant-face-bebe-anti-tache-et-masque-soins-visage-7-jours-resultats-2\/#primaryimage\"},\"thumbnailUrl\":\"https:\/\/glowpremium.fr\/wp-content\/uploads\/2024\/10\/savon-face-bebe-e1622023905206.png\",\"datePublished\":\"2024-10-28T13:32:00+00:00\",\"dateModified\":\"2024-11-13T18:48:06+00:00\",\"description\":\"\u00c9claircissant pour peaux fonc\u00e9esSoin \u00e9claircissant pour peaux m\u00e9tiss\u00e9esProduit de d\u00e9pigmentation pour peaux noiresSavon \u00e9claircissant pour peaux melan\u00e9e\",\"breadcrumb\":{\"@id\":\"https:\/\/glowpremium.fr\/produit-eclaircissant\/savon-eclaircissant-face-bebe-anti-tache-et-masque-soins-visage-7-jours-resultats-2\/#breadcrumb\"},\"inLanguage\":\"en-GB\",\"potentialAction\":[{\"@type\":\"ReadAction\",\"target\":[\"https:\/\/glowpremium.fr\/produit-eclaircissant\/savon-eclaircissant-face-bebe-anti-tache-et-masque-soins-visage-7-jours-resultats-2\/\"]}]},{\"@type\":\"ImageObject\",\"inLanguage\":\"en-GB\",\"@id\":\"https:\/\/glowpremium.fr\/produit-eclaircissant\/savon-eclaircissant-face-bebe-anti-tache-et-masque-soins-visage-7-jours-resultats-2\/#primaryimage\",\"url\":\"https:\/\/glowpremium.fr\/wp-content\/uploads\/2024\/10\/savon-face-bebe-e1622023905206.png\",\"contentUrl\":\"https:\/\/glowpremium.fr\/wp-content\/uploads\/2024\/10\/savon-face-bebe-e1622023905206.png\",\"width\":687,\"height\":591},{\"@type\":\"BreadcrumbList\",\"@id\":\"https:\/\/glowpremium.fr\/produit-eclaircissant\/savon-eclaircissant-face-bebe-anti-tache-et-masque-soins-visage-7-jours-resultats-2\/#breadcrumb\",\"itemListElement\":[{\"@type\":\"ListItem\",\"position\":1,\"name\":\"Accueil\",\"item\":\"https:\/\/glowpremium.fr\/\"},{\"@type\":\"ListItem\",\"position\":2,\"name\":\"Boutique\",\"item\":\"https:\/\/glowpremium.fr\/boutique-produits-eclaircissants\/\"},{\"@type\":\"ListItem\",\"position\":3,\"name\":\"Savon \u00e9claircissant Face B\u00e9b\u00e9 anti-t\u00e2che soins Visage 7 jours\"}]},{\"@type\":\"WebSite\",\"@id\":\"https:\/\/glowpremium.fr\/#website\",\"url\":\"https:\/\/glowpremium.fr\/\",\"name\":\"Glow Premium\",\"description\":\"\",\"publisher\":{\"@id\":\"https:\/\/glowpremium.fr\/#organization\"},\"potentialAction\":[{\"@type\":\"SearchAction\",\"target\":{\"@type\":\"EntryPoint\",\"urlTemplate\":\"https:\/\/glowpremium.fr\/?s={search_term_string}\"},\"query-input\":{\"@type\":\"PropertyValueSpecification\",\"valueRequired\":true,\"valueName\":\"search_term_string\"}}],\"inLanguage\":\"en-GB\"},{\"@type\":\"Organization\",\"@id\":\"https:\/\/glowpremium.fr\/#organization\",\"name\":\"Glow Premium\",\"url\":\"https:\/\/glowpremium.fr\/\",\"logo\":{\"@type\":\"ImageObject\",\"inLanguage\":\"en-GB\",\"@id\":\"https:\/\/glowpremium.fr\/#\/schema\/logo\/image\/\",\"url\":\"https:\/\/glowpremium.fr\/wp-content\/uploads\/2024\/10\/screenshot_20241029_034909_chrome.jpg\",\"contentUrl\":\"https:\/\/glowpremium.fr\/wp-content\/uploads\/2024\/10\/screenshot_20241029_034909_chrome.jpg\",\"width\":866,\"height\":937,\"caption\":\"Glow Premium\"},\"image\":{\"@id\":\"https:\/\/glowpremium.fr\/#\/schema\/logo\/image\/\"}}]}<\/script>\n<!-- \/ Yoast SEO plugin. -->","yoast_head_json":{"title":"Savon \u00e9claircissant Face B\u00e9b\u00e9 anti-t\u00e2che soins Visage 7 jours - Glow Premium","description":"\u00c9claircissant pour peaux fonc\u00e9esSoin \u00e9claircissant pour peaux m\u00e9tiss\u00e9esProduit de d\u00e9pigmentation pour peaux noiresSavon \u00e9claircissant pour peaux melan\u00e9e","robots":{"index":"index","follow":"follow","max-snippet":"max-snippet:-1","max-image-preview":"max-image-preview:large","max-video-preview":"max-video-preview:-1"},"canonical":"https:\/\/glowpremium.fr\/en\/lightening-product\/baby-face-lightening-soap-anti-spot-and-mask-facial-care-7-days-results-2\/","og_locale":"en_GB","og_type":"article","og_title":"Savon \u00e9claircissant Face B\u00e9b\u00e9 anti-t\u00e2che soins Visage 7 jours - Glow Premium","og_description":"\u00c9claircissant pour peaux fonc\u00e9esSoin \u00e9claircissant pour peaux m\u00e9tiss\u00e9esProduit de d\u00e9pigmentation pour peaux noiresSavon \u00e9claircissant pour peaux melan\u00e9e","og_url":"https:\/\/glowpremium.fr\/en\/lightening-product\/baby-face-lightening-soap-anti-spot-and-mask-facial-care-7-days-results-2\/","og_site_name":"Glow Premium","article_modified_time":"2024-11-13T18:48:06+00:00","og_image":[{"width":687,"height":591,"url":"https:\/\/glowpremium.fr\/wp-content\/uploads\/2024\/10\/savon-face-bebe-e1622023905206.png","type":"image\/png"}],"twitter_card":"summary_large_image","twitter_misc":{"Estimated reading time":"1 minute"},"schema":{"@context":"https:\/\/schema.org","@graph":[{"@type":"WebPage","@id":"https:\/\/glowpremium.fr\/produit-eclaircissant\/savon-eclaircissant-face-bebe-anti-tache-et-masque-soins-visage-7-jours-resultats-2\/","url":"https:\/\/glowpremium.fr\/produit-eclaircissant\/savon-eclaircissant-face-bebe-anti-tache-et-masque-soins-visage-7-jours-resultats-2\/","name":"Savon \u00e9claircissant Face B\u00e9b\u00e9 anti-t\u00e2che soins Visage 7 jours - Glow Premium","isPartOf":{"@id":"https:\/\/glowpremium.fr\/#website"},"primaryImageOfPage":{"@id":"https:\/\/glowpremium.fr\/produit-eclaircissant\/savon-eclaircissant-face-bebe-anti-tache-et-masque-soins-visage-7-jours-resultats-2\/#primaryimage"},"image":{"@id":"https:\/\/glowpremium.fr\/produit-eclaircissant\/savon-eclaircissant-face-bebe-anti-tache-et-masque-soins-visage-7-jours-resultats-2\/#primaryimage"},"thumbnailUrl":"https:\/\/glowpremium.fr\/wp-content\/uploads\/2024\/10\/savon-face-bebe-e1622023905206.png","datePublished":"2024-10-28T13:32:00+00:00","dateModified":"2024-11-13T18:48:06+00:00","description":"\u00c9claircissant pour peaux fonc\u00e9esSoin \u00e9claircissant pour peaux m\u00e9tiss\u00e9esProduit de d\u00e9pigmentation pour peaux noiresSavon \u00e9claircissant pour peaux melan\u00e9e","breadcrumb":{"@id":"https:\/\/glowpremium.fr\/produit-eclaircissant\/savon-eclaircissant-face-bebe-anti-tache-et-masque-soins-visage-7-jours-resultats-2\/#breadcrumb"},"inLanguage":"en-GB","potentialAction":[{"@type":"ReadAction","target":["https:\/\/glowpremium.fr\/produit-eclaircissant\/savon-eclaircissant-face-bebe-anti-tache-et-masque-soins-visage-7-jours-resultats-2\/"]}]},{"@type":"ImageObject","inLanguage":"en-GB","@id":"https:\/\/glowpremium.fr\/produit-eclaircissant\/savon-eclaircissant-face-bebe-anti-tache-et-masque-soins-visage-7-jours-resultats-2\/#primaryimage","url":"https:\/\/glowpremium.fr\/wp-content\/uploads\/2024\/10\/savon-face-bebe-e1622023905206.png","contentUrl":"https:\/\/glowpremium.fr\/wp-content\/uploads\/2024\/10\/savon-face-bebe-e1622023905206.png","width":687,"height":591},{"@type":"BreadcrumbList","@id":"https:\/\/glowpremium.fr\/produit-eclaircissant\/savon-eclaircissant-face-bebe-anti-tache-et-masque-soins-visage-7-jours-resultats-2\/#breadcrumb","itemListElement":[{"@type":"ListItem","position":1,"name":"Accueil","item":"https:\/\/glowpremium.fr\/"},{"@type":"ListItem","position":2,"name":"Boutique","item":"https:\/\/glowpremium.fr\/boutique-produits-eclaircissants\/"},{"@type":"ListItem","position":3,"name":"Savon \u00e9claircissant Face B\u00e9b\u00e9 anti-t\u00e2che soins Visage 7 jours"}]},{"@type":"WebSite","@id":"https:\/\/glowpremium.fr\/#website","url":"https:\/\/glowpremium.fr\/","name":"Glow Premium","description":"","publisher":{"@id":"https:\/\/glowpremium.fr\/#organization"},"potentialAction":[{"@type":"SearchAction","target":{"@type":"EntryPoint","urlTemplate":"https:\/\/glowpremium.fr\/?s={search_term_string}"},"query-input":{"@type":"PropertyValueSpecification","valueRequired":true,"valueName":"search_term_string"}}],"inLanguage":"en-GB"},{"@type":"Organization","@id":"https:\/\/glowpremium.fr\/#organization","name":"Glow Premium","url":"https:\/\/glowpremium.fr\/","logo":{"@type":"ImageObject","inLanguage":"en-GB","@id":"https:\/\/glowpremium.fr\/#\/schema\/logo\/image\/","url":"https:\/\/glowpremium.fr\/wp-content\/uploads\/2024\/10\/screenshot_20241029_034909_chrome.jpg","contentUrl":"https:\/\/glowpremium.fr\/wp-content\/uploads\/2024\/10\/screenshot_20241029_034909_chrome.jpg","width":866,"height":937,"caption":"Glow Premium"},"image":{"@id":"https:\/\/glowpremium.fr\/#\/schema\/logo\/image\/"}}]}},"_links":{"self":[{"href":"https:\/\/glowpremium.fr\/en\/wp-json\/wp\/v2\/product\/5730","targetHints":{"allow":["GET"]}}],"collection":[{"href":"https:\/\/glowpremium.fr\/en\/wp-json\/wp\/v2\/product"}],"about":[{"href":"https:\/\/glowpremium.fr\/en\/wp-json\/wp\/v2\/types\/product"}],"replies":[{"embeddable":true,"href":"https:\/\/glowpremium.fr\/en\/wp-json\/wp\/v2\/comments?post=5730"}],"version-history":[{"count":2,"href":"https:\/\/glowpremium.fr\/en\/wp-json\/wp\/v2\/product\/5730\/revisions"}],"predecessor-version":[{"id":7551,"href":"https:\/\/glowpremium.fr\/en\/wp-json\/wp\/v2\/product\/5730\/revisions\/7551"}],"wp:featuredmedia":[{"embeddable":true,"href":"https:\/\/glowpremium.fr\/en\/wp-json\/wp\/v2\/media\/5729"}],"wp:attachment":[{"href":"https:\/\/glowpremium.fr\/en\/wp-json\/wp\/v2\/media?parent=5730"}],"wp:term":[{"taxonomy":"brand","embeddable":true,"href":"https:\/\/glowpremium.fr\/en\/wp-json\/wp\/v2\/etheme_brands?post=5730"},{"taxonomy":"product_brand","embeddable":true,"href":"https:\/\/glowpremium.fr\/en\/wp-json\/wp\/v2\/product_brand?post=5730"},{"taxonomy":"product_cat","embeddable":true,"href":"https:\/\/glowpremium.fr\/en\/wp-json\/wp\/v2\/product_cat?post=5730"},{"taxonomy":"product_tag","embeddable":true,"href":"https:\/\/glowpremium.fr\/en\/wp-json\/wp\/v2\/product_tag?post=5730"}],"curies":[{"name":"wp","href":"https:\/\/api.w.org\/{rel}","templated":true}]}}