{"id":5727,"date":"2024-10-28T14:31:58","date_gmt":"2024-10-28T13:31:58","guid":{"rendered":"https:\/\/glowpremium.fr\/produit-eclaircissant\/savon-eclaircissant-et-exfoliant-fair-white-2\/"},"modified":"2024-11-13T19:57:52","modified_gmt":"2024-11-13T18:57:52","slug":"savon-eclaircissant-et-exfoliant-fair-white-2","status":"publish","type":"product","link":"https:\/\/glowpremium.fr\/en\/lightening-product\/fair-white-2-lightening-and-exfoliating-soap\/","title":{"rendered":"Fair White lightening and exfoliating soap"},"content":{"rendered":"<p><strong>How to use :<\/strong><\/p>\n<p>For use on face and body. Apply to damp skin. Gently work into a lather, then rinse<\/p>\n<p><strong>Recommendation:<\/strong><\/p>\n<p>For external use only. Avoid contact with eyes. In case of contact with eyes, rinse thoroughly.<\/p>\n<p><strong>Composition:<\/strong><\/p>\n<p>Sodium Palmate, Sodium Palm Kernelate, Aqua (Water), Parfum (Fragrance), Glycerin, Lactic Acid, Prunus Armeniaca (Apricot) Seed Powder, Palm Acid, Palm Kernel Acid, Sodium Chloride, Tetrasodium EDTA, Tetrasodium Etidronate, Silica, CI 77492 (Iron Oxides), CI 19140 (Yellow 5), CI 77491 (Iron Oxides), Benzyl Salicylate, Alpha-isomethylionone, Hexyl Cinnamal, Citronellol, Geraniol, Eugenol.<\/p>","protected":false},"excerpt":{"rendered":"<p>F&amp;W AHA-2 soap provides double exfoliation and a unifying effect. It gently cleanses and regenerates the skin through micro-exfoliation and helps to even out the epidermis. It contains exfoliating almonds and lactic acid to prepare your skin for F&amp;W A.H.A. treatments, leaving it soft, supple and radiant.<\/p>","protected":false},"featured_media":5726,"comment_status":"closed","ping_status":"closed","template":"","meta":[],"etheme_brands":[],"product_brand":[],"product_cat":[80,87],"product_tag":[],"class_list":{"0":"post-5727","1":"product","2":"type-product","3":"status-publish","4":"has-post-thumbnail","6":"product_cat-blanchissants-et-eclaircissants","7":"product_cat-savons-eclaircissants","9":"first","10":"instock","11":"shipping-taxable","12":"purchasable","13":"product-type-simple"},"yoast_head":"<!-- This site is optimized with the Yoast SEO plugin v26.7 - https:\/\/yoast.com\/wordpress\/plugins\/seo\/ -->\n<title>Savon \u00e9claircissant et exfoliant Fair White - Glow Premium<\/title>\n<meta name=\"description\" content=\"\u00c9claircissant pour peaux fonc\u00e9esSoin \u00e9claircissant pour peaux m\u00e9tiss\u00e9esProduit de d\u00e9pigmentation pour peaux noiresS\u00e9rum \u00e9claircissant pour peaux melan\u00e9es\" \/>\n<meta name=\"robots\" content=\"index, follow, max-snippet:-1, max-image-preview:large, max-video-preview:-1\" \/>\n<link rel=\"canonical\" href=\"https:\/\/glowpremium.fr\/en\/lightening-product\/fair-white-2-lightening-and-exfoliating-soap\/\" \/>\n<meta property=\"og:locale\" content=\"en_GB\" \/>\n<meta property=\"og:type\" content=\"article\" \/>\n<meta property=\"og:title\" content=\"Savon \u00e9claircissant et exfoliant Fair White - Glow Premium\" \/>\n<meta property=\"og:description\" content=\"\u00c9claircissant pour peaux fonc\u00e9esSoin \u00e9claircissant pour peaux m\u00e9tiss\u00e9esProduit de d\u00e9pigmentation pour peaux noiresS\u00e9rum \u00e9claircissant pour peaux melan\u00e9es\" \/>\n<meta property=\"og:url\" content=\"https:\/\/glowpremium.fr\/en\/lightening-product\/fair-white-2-lightening-and-exfoliating-soap\/\" \/>\n<meta property=\"og:site_name\" content=\"Glow Premium\" \/>\n<meta property=\"article:modified_time\" content=\"2024-11-13T18:57:52+00:00\" \/>\n<meta property=\"og:image\" content=\"https:\/\/glowpremium.fr\/wp-content\/uploads\/2024\/10\/Capture-decran-2021-08-25-a-13.02.16.png\" \/>\n\t<meta property=\"og:image:width\" content=\"745\" \/>\n\t<meta property=\"og:image:height\" content=\"696\" \/>\n\t<meta property=\"og:image:type\" content=\"image\/png\" \/>\n<meta name=\"twitter:card\" content=\"summary_large_image\" \/>\n<meta name=\"twitter:label1\" content=\"Estimated reading time\" \/>\n\t<meta name=\"twitter:data1\" content=\"1 minute\" \/>\n<script type=\"application\/ld+json\" class=\"yoast-schema-graph\">{\"@context\":\"https:\/\/schema.org\",\"@graph\":[{\"@type\":\"WebPage\",\"@id\":\"https:\/\/glowpremium.fr\/produit-eclaircissant\/savon-eclaircissant-et-exfoliant-fair-white-2\/\",\"url\":\"https:\/\/glowpremium.fr\/produit-eclaircissant\/savon-eclaircissant-et-exfoliant-fair-white-2\/\",\"name\":\"Savon \u00e9claircissant et exfoliant Fair White - Glow Premium\",\"isPartOf\":{\"@id\":\"https:\/\/glowpremium.fr\/#website\"},\"primaryImageOfPage\":{\"@id\":\"https:\/\/glowpremium.fr\/produit-eclaircissant\/savon-eclaircissant-et-exfoliant-fair-white-2\/#primaryimage\"},\"image\":{\"@id\":\"https:\/\/glowpremium.fr\/produit-eclaircissant\/savon-eclaircissant-et-exfoliant-fair-white-2\/#primaryimage\"},\"thumbnailUrl\":\"https:\/\/glowpremium.fr\/wp-content\/uploads\/2024\/10\/Capture-decran-2021-08-25-a-13.02.16.png\",\"datePublished\":\"2024-10-28T13:31:58+00:00\",\"dateModified\":\"2024-11-13T18:57:52+00:00\",\"description\":\"\u00c9claircissant pour peaux fonc\u00e9esSoin \u00e9claircissant pour peaux m\u00e9tiss\u00e9esProduit de d\u00e9pigmentation pour peaux noiresS\u00e9rum \u00e9claircissant pour peaux melan\u00e9es\",\"breadcrumb\":{\"@id\":\"https:\/\/glowpremium.fr\/produit-eclaircissant\/savon-eclaircissant-et-exfoliant-fair-white-2\/#breadcrumb\"},\"inLanguage\":\"en-GB\",\"potentialAction\":[{\"@type\":\"ReadAction\",\"target\":[\"https:\/\/glowpremium.fr\/produit-eclaircissant\/savon-eclaircissant-et-exfoliant-fair-white-2\/\"]}]},{\"@type\":\"ImageObject\",\"inLanguage\":\"en-GB\",\"@id\":\"https:\/\/glowpremium.fr\/produit-eclaircissant\/savon-eclaircissant-et-exfoliant-fair-white-2\/#primaryimage\",\"url\":\"https:\/\/glowpremium.fr\/wp-content\/uploads\/2024\/10\/Capture-decran-2021-08-25-a-13.02.16.png\",\"contentUrl\":\"https:\/\/glowpremium.fr\/wp-content\/uploads\/2024\/10\/Capture-decran-2021-08-25-a-13.02.16.png\",\"width\":745,\"height\":696},{\"@type\":\"BreadcrumbList\",\"@id\":\"https:\/\/glowpremium.fr\/produit-eclaircissant\/savon-eclaircissant-et-exfoliant-fair-white-2\/#breadcrumb\",\"itemListElement\":[{\"@type\":\"ListItem\",\"position\":1,\"name\":\"Accueil\",\"item\":\"https:\/\/glowpremium.fr\/\"},{\"@type\":\"ListItem\",\"position\":2,\"name\":\"Boutique\",\"item\":\"https:\/\/glowpremium.fr\/boutique-produits-eclaircissants\/\"},{\"@type\":\"ListItem\",\"position\":3,\"name\":\"Savon \u00e9claircissant et exfoliant Fair White\"}]},{\"@type\":\"WebSite\",\"@id\":\"https:\/\/glowpremium.fr\/#website\",\"url\":\"https:\/\/glowpremium.fr\/\",\"name\":\"Glow Premium\",\"description\":\"\",\"publisher\":{\"@id\":\"https:\/\/glowpremium.fr\/#organization\"},\"potentialAction\":[{\"@type\":\"SearchAction\",\"target\":{\"@type\":\"EntryPoint\",\"urlTemplate\":\"https:\/\/glowpremium.fr\/?s={search_term_string}\"},\"query-input\":{\"@type\":\"PropertyValueSpecification\",\"valueRequired\":true,\"valueName\":\"search_term_string\"}}],\"inLanguage\":\"en-GB\"},{\"@type\":\"Organization\",\"@id\":\"https:\/\/glowpremium.fr\/#organization\",\"name\":\"Glow Premium\",\"url\":\"https:\/\/glowpremium.fr\/\",\"logo\":{\"@type\":\"ImageObject\",\"inLanguage\":\"en-GB\",\"@id\":\"https:\/\/glowpremium.fr\/#\/schema\/logo\/image\/\",\"url\":\"https:\/\/glowpremium.fr\/wp-content\/uploads\/2024\/10\/screenshot_20241029_034909_chrome.jpg\",\"contentUrl\":\"https:\/\/glowpremium.fr\/wp-content\/uploads\/2024\/10\/screenshot_20241029_034909_chrome.jpg\",\"width\":866,\"height\":937,\"caption\":\"Glow Premium\"},\"image\":{\"@id\":\"https:\/\/glowpremium.fr\/#\/schema\/logo\/image\/\"}}]}<\/script>\n<!-- \/ Yoast SEO plugin. -->","yoast_head_json":{"title":"Savon \u00e9claircissant et exfoliant Fair White - Glow Premium","description":"\u00c9claircissant pour peaux fonc\u00e9esSoin \u00e9claircissant pour peaux m\u00e9tiss\u00e9esProduit de d\u00e9pigmentation pour peaux noiresS\u00e9rum \u00e9claircissant pour peaux melan\u00e9es","robots":{"index":"index","follow":"follow","max-snippet":"max-snippet:-1","max-image-preview":"max-image-preview:large","max-video-preview":"max-video-preview:-1"},"canonical":"https:\/\/glowpremium.fr\/en\/lightening-product\/fair-white-2-lightening-and-exfoliating-soap\/","og_locale":"en_GB","og_type":"article","og_title":"Savon \u00e9claircissant et exfoliant Fair White - Glow Premium","og_description":"\u00c9claircissant pour peaux fonc\u00e9esSoin \u00e9claircissant pour peaux m\u00e9tiss\u00e9esProduit de d\u00e9pigmentation pour peaux noiresS\u00e9rum \u00e9claircissant pour peaux melan\u00e9es","og_url":"https:\/\/glowpremium.fr\/en\/lightening-product\/fair-white-2-lightening-and-exfoliating-soap\/","og_site_name":"Glow Premium","article_modified_time":"2024-11-13T18:57:52+00:00","og_image":[{"width":745,"height":696,"url":"https:\/\/glowpremium.fr\/wp-content\/uploads\/2024\/10\/Capture-decran-2021-08-25-a-13.02.16.png","type":"image\/png"}],"twitter_card":"summary_large_image","twitter_misc":{"Estimated reading time":"1 minute"},"schema":{"@context":"https:\/\/schema.org","@graph":[{"@type":"WebPage","@id":"https:\/\/glowpremium.fr\/produit-eclaircissant\/savon-eclaircissant-et-exfoliant-fair-white-2\/","url":"https:\/\/glowpremium.fr\/produit-eclaircissant\/savon-eclaircissant-et-exfoliant-fair-white-2\/","name":"Savon \u00e9claircissant et exfoliant Fair White - Glow Premium","isPartOf":{"@id":"https:\/\/glowpremium.fr\/#website"},"primaryImageOfPage":{"@id":"https:\/\/glowpremium.fr\/produit-eclaircissant\/savon-eclaircissant-et-exfoliant-fair-white-2\/#primaryimage"},"image":{"@id":"https:\/\/glowpremium.fr\/produit-eclaircissant\/savon-eclaircissant-et-exfoliant-fair-white-2\/#primaryimage"},"thumbnailUrl":"https:\/\/glowpremium.fr\/wp-content\/uploads\/2024\/10\/Capture-decran-2021-08-25-a-13.02.16.png","datePublished":"2024-10-28T13:31:58+00:00","dateModified":"2024-11-13T18:57:52+00:00","description":"\u00c9claircissant pour peaux fonc\u00e9esSoin \u00e9claircissant pour peaux m\u00e9tiss\u00e9esProduit de d\u00e9pigmentation pour peaux noiresS\u00e9rum \u00e9claircissant pour peaux melan\u00e9es","breadcrumb":{"@id":"https:\/\/glowpremium.fr\/produit-eclaircissant\/savon-eclaircissant-et-exfoliant-fair-white-2\/#breadcrumb"},"inLanguage":"en-GB","potentialAction":[{"@type":"ReadAction","target":["https:\/\/glowpremium.fr\/produit-eclaircissant\/savon-eclaircissant-et-exfoliant-fair-white-2\/"]}]},{"@type":"ImageObject","inLanguage":"en-GB","@id":"https:\/\/glowpremium.fr\/produit-eclaircissant\/savon-eclaircissant-et-exfoliant-fair-white-2\/#primaryimage","url":"https:\/\/glowpremium.fr\/wp-content\/uploads\/2024\/10\/Capture-decran-2021-08-25-a-13.02.16.png","contentUrl":"https:\/\/glowpremium.fr\/wp-content\/uploads\/2024\/10\/Capture-decran-2021-08-25-a-13.02.16.png","width":745,"height":696},{"@type":"BreadcrumbList","@id":"https:\/\/glowpremium.fr\/produit-eclaircissant\/savon-eclaircissant-et-exfoliant-fair-white-2\/#breadcrumb","itemListElement":[{"@type":"ListItem","position":1,"name":"Accueil","item":"https:\/\/glowpremium.fr\/"},{"@type":"ListItem","position":2,"name":"Boutique","item":"https:\/\/glowpremium.fr\/boutique-produits-eclaircissants\/"},{"@type":"ListItem","position":3,"name":"Savon \u00e9claircissant et exfoliant Fair White"}]},{"@type":"WebSite","@id":"https:\/\/glowpremium.fr\/#website","url":"https:\/\/glowpremium.fr\/","name":"Glow Premium","description":"","publisher":{"@id":"https:\/\/glowpremium.fr\/#organization"},"potentialAction":[{"@type":"SearchAction","target":{"@type":"EntryPoint","urlTemplate":"https:\/\/glowpremium.fr\/?s={search_term_string}"},"query-input":{"@type":"PropertyValueSpecification","valueRequired":true,"valueName":"search_term_string"}}],"inLanguage":"en-GB"},{"@type":"Organization","@id":"https:\/\/glowpremium.fr\/#organization","name":"Glow Premium","url":"https:\/\/glowpremium.fr\/","logo":{"@type":"ImageObject","inLanguage":"en-GB","@id":"https:\/\/glowpremium.fr\/#\/schema\/logo\/image\/","url":"https:\/\/glowpremium.fr\/wp-content\/uploads\/2024\/10\/screenshot_20241029_034909_chrome.jpg","contentUrl":"https:\/\/glowpremium.fr\/wp-content\/uploads\/2024\/10\/screenshot_20241029_034909_chrome.jpg","width":866,"height":937,"caption":"Glow Premium"},"image":{"@id":"https:\/\/glowpremium.fr\/#\/schema\/logo\/image\/"}}]}},"_links":{"self":[{"href":"https:\/\/glowpremium.fr\/en\/wp-json\/wp\/v2\/product\/5727","targetHints":{"allow":["GET"]}}],"collection":[{"href":"https:\/\/glowpremium.fr\/en\/wp-json\/wp\/v2\/product"}],"about":[{"href":"https:\/\/glowpremium.fr\/en\/wp-json\/wp\/v2\/types\/product"}],"replies":[{"embeddable":true,"href":"https:\/\/glowpremium.fr\/en\/wp-json\/wp\/v2\/comments?post=5727"}],"version-history":[{"count":2,"href":"https:\/\/glowpremium.fr\/en\/wp-json\/wp\/v2\/product\/5727\/revisions"}],"predecessor-version":[{"id":7553,"href":"https:\/\/glowpremium.fr\/en\/wp-json\/wp\/v2\/product\/5727\/revisions\/7553"}],"wp:featuredmedia":[{"embeddable":true,"href":"https:\/\/glowpremium.fr\/en\/wp-json\/wp\/v2\/media\/5726"}],"wp:attachment":[{"href":"https:\/\/glowpremium.fr\/en\/wp-json\/wp\/v2\/media?parent=5727"}],"wp:term":[{"taxonomy":"brand","embeddable":true,"href":"https:\/\/glowpremium.fr\/en\/wp-json\/wp\/v2\/etheme_brands?post=5727"},{"taxonomy":"product_brand","embeddable":true,"href":"https:\/\/glowpremium.fr\/en\/wp-json\/wp\/v2\/product_brand?post=5727"},{"taxonomy":"product_cat","embeddable":true,"href":"https:\/\/glowpremium.fr\/en\/wp-json\/wp\/v2\/product_cat?post=5727"},{"taxonomy":"product_tag","embeddable":true,"href":"https:\/\/glowpremium.fr\/en\/wp-json\/wp\/v2\/product_tag?post=5727"}],"curies":[{"name":"wp","href":"https:\/\/api.w.org\/{rel}","templated":true}]}}