{"id":5701,"date":"2024-10-28T14:31:49","date_gmt":"2024-10-28T13:31:49","guid":{"rendered":"https:\/\/glowpremium.fr\/produit-eclaircissant\/lait-super-eclaircissant-10-jours-easy-light-2\/"},"modified":"2026-02-26T14:04:54","modified_gmt":"2026-02-26T13:04:54","slug":"lait-super-eclaircissant-10-jours-easy-light-2","status":"publish","type":"product","link":"https:\/\/glowpremium.fr\/en\/lightening-product\/easy-light-2-10-day-super-lightening-milk\/","title":{"rendered":"Easy Light 10-day Super Lightening Milk"},"content":{"rendered":"<p><strong>How to use :<\/strong><\/p>\n<p>Apply once or twice a day all over your body.<\/p>\n<p><strong>Recommendation:<\/strong><\/p>\n<p>For external use only. If skin irritation develops, discontinue use.<\/p>\n<p><strong>Composition:<\/strong><\/p>\n<p>Aqua (water), Glyceryl Stearate, Isopropyl Palmitate, Glycerin, Cetearyl Alcohol, Petrolatum, , Sodium Lactate, (Shea) Butter, Dipropylene glycol, Betula Alba Leaf extract, Citrus Limonum peel extract, Morus Nigra leaf extract, Sambucus Nigra flower extract, Tilia Tomentosa extract, Ethylhexyl Methoxycinnamate, Hexyl Cinnamal, Geraniol, Allantoin, Ascorbic Acid, Sodium Lauryl Sulfate, Sodium Metabisulfite, Disodium EDTA, Methylparaben, Propylparaben, Fragrance, Edta, Citric acid.<\/p>","protected":false},"excerpt":{"rendered":"<p>Easy Light Super Brightening Milk is a milk that gently brightens your skin and eliminates all your unsightly spots and imperfections. The luminous clarity of your skin is restored as soon as you apply this treatment thanks to its properties.<\/p>\n<p><strong>500 ml<\/strong><\/p>","protected":false},"featured_media":5700,"comment_status":"closed","ping_status":"closed","template":"","meta":[],"etheme_brands":[],"product_brand":[],"product_cat":[80,85],"product_tag":[],"class_list":{"0":"post-5701","1":"product","2":"type-product","3":"status-publish","4":"has-post-thumbnail","6":"product_cat-blanchissants-et-eclaircissants","7":"product_cat-laits-eclaircissants","9":"first","10":"outofstock","11":"shipping-taxable","12":"purchasable","13":"product-type-simple"},"yoast_head":"<!-- This site is optimized with the Yoast SEO plugin v26.7 - https:\/\/yoast.com\/wordpress\/plugins\/seo\/ -->\n<title>Lait super \u00e9claircissant 10 jours Easy Light - Glow Premium<\/title>\n<meta name=\"description\" content=\"\u00c9claircissant pour peaux fonc\u00e9esSoin \u00e9claircissant pour peaux m\u00e9tiss\u00e9esProduit de d\u00e9pigmentation pour peaux noires lait \u00e9claircissant pour peaux melan\u00e9es\" \/>\n<meta name=\"robots\" content=\"index, follow, max-snippet:-1, max-image-preview:large, max-video-preview:-1\" \/>\n<link rel=\"canonical\" href=\"https:\/\/glowpremium.fr\/en\/lightening-product\/easy-light-2-10-day-super-lightening-milk\/\" \/>\n<meta property=\"og:locale\" content=\"en_GB\" \/>\n<meta property=\"og:type\" content=\"article\" \/>\n<meta property=\"og:title\" content=\"Lait super \u00e9claircissant 10 jours Easy Light - Glow Premium\" \/>\n<meta property=\"og:description\" content=\"\u00c9claircissant pour peaux fonc\u00e9esSoin \u00e9claircissant pour peaux m\u00e9tiss\u00e9esProduit de d\u00e9pigmentation pour peaux noires lait \u00e9claircissant pour peaux melan\u00e9es\" \/>\n<meta property=\"og:url\" content=\"https:\/\/glowpremium.fr\/en\/lightening-product\/easy-light-2-10-day-super-lightening-milk\/\" \/>\n<meta property=\"og:site_name\" content=\"Glow Premium\" \/>\n<meta property=\"article:modified_time\" content=\"2026-02-26T13:04:54+00:00\" \/>\n<meta property=\"og:image\" content=\"https:\/\/glowpremium.fr\/wp-content\/uploads\/2024\/10\/PhotoRoom-20230307_183250.png\" \/>\n\t<meta property=\"og:image:width\" content=\"2000\" \/>\n\t<meta property=\"og:image:height\" content=\"1792\" \/>\n\t<meta property=\"og:image:type\" content=\"image\/png\" \/>\n<meta name=\"twitter:card\" content=\"summary_large_image\" \/>\n<meta name=\"twitter:label1\" content=\"Estimated reading time\" \/>\n\t<meta name=\"twitter:data1\" content=\"1 minute\" \/>\n<script type=\"application\/ld+json\" class=\"yoast-schema-graph\">{\"@context\":\"https:\/\/schema.org\",\"@graph\":[{\"@type\":\"WebPage\",\"@id\":\"https:\/\/glowpremium.fr\/produit-eclaircissant\/lait-super-eclaircissant-10-jours-easy-light-2\/\",\"url\":\"https:\/\/glowpremium.fr\/produit-eclaircissant\/lait-super-eclaircissant-10-jours-easy-light-2\/\",\"name\":\"Lait super \u00e9claircissant 10 jours Easy Light - Glow Premium\",\"isPartOf\":{\"@id\":\"https:\/\/glowpremium.fr\/#website\"},\"primaryImageOfPage\":{\"@id\":\"https:\/\/glowpremium.fr\/produit-eclaircissant\/lait-super-eclaircissant-10-jours-easy-light-2\/#primaryimage\"},\"image\":{\"@id\":\"https:\/\/glowpremium.fr\/produit-eclaircissant\/lait-super-eclaircissant-10-jours-easy-light-2\/#primaryimage\"},\"thumbnailUrl\":\"https:\/\/glowpremium.fr\/wp-content\/uploads\/2024\/10\/PhotoRoom-20230307_183250.png\",\"datePublished\":\"2024-10-28T13:31:49+00:00\",\"dateModified\":\"2026-02-26T13:04:54+00:00\",\"description\":\"\u00c9claircissant pour peaux fonc\u00e9esSoin \u00e9claircissant pour peaux m\u00e9tiss\u00e9esProduit de d\u00e9pigmentation pour peaux noires lait \u00e9claircissant pour peaux melan\u00e9es\",\"breadcrumb\":{\"@id\":\"https:\/\/glowpremium.fr\/produit-eclaircissant\/lait-super-eclaircissant-10-jours-easy-light-2\/#breadcrumb\"},\"inLanguage\":\"en-GB\",\"potentialAction\":[{\"@type\":\"ReadAction\",\"target\":[\"https:\/\/glowpremium.fr\/produit-eclaircissant\/lait-super-eclaircissant-10-jours-easy-light-2\/\"]}]},{\"@type\":\"ImageObject\",\"inLanguage\":\"en-GB\",\"@id\":\"https:\/\/glowpremium.fr\/produit-eclaircissant\/lait-super-eclaircissant-10-jours-easy-light-2\/#primaryimage\",\"url\":\"https:\/\/glowpremium.fr\/wp-content\/uploads\/2024\/10\/PhotoRoom-20230307_183250.png\",\"contentUrl\":\"https:\/\/glowpremium.fr\/wp-content\/uploads\/2024\/10\/PhotoRoom-20230307_183250.png\",\"width\":2000,\"height\":1792},{\"@type\":\"BreadcrumbList\",\"@id\":\"https:\/\/glowpremium.fr\/produit-eclaircissant\/lait-super-eclaircissant-10-jours-easy-light-2\/#breadcrumb\",\"itemListElement\":[{\"@type\":\"ListItem\",\"position\":1,\"name\":\"Accueil\",\"item\":\"https:\/\/glowpremium.fr\/\"},{\"@type\":\"ListItem\",\"position\":2,\"name\":\"Boutique\",\"item\":\"https:\/\/glowpremium.fr\/boutique-produits-eclaircissants\/\"},{\"@type\":\"ListItem\",\"position\":3,\"name\":\"Lait super \u00e9claircissant 10 jours Easy Light\"}]},{\"@type\":\"WebSite\",\"@id\":\"https:\/\/glowpremium.fr\/#website\",\"url\":\"https:\/\/glowpremium.fr\/\",\"name\":\"Glow Premium\",\"description\":\"\",\"publisher\":{\"@id\":\"https:\/\/glowpremium.fr\/#organization\"},\"potentialAction\":[{\"@type\":\"SearchAction\",\"target\":{\"@type\":\"EntryPoint\",\"urlTemplate\":\"https:\/\/glowpremium.fr\/?s={search_term_string}\"},\"query-input\":{\"@type\":\"PropertyValueSpecification\",\"valueRequired\":true,\"valueName\":\"search_term_string\"}}],\"inLanguage\":\"en-GB\"},{\"@type\":\"Organization\",\"@id\":\"https:\/\/glowpremium.fr\/#organization\",\"name\":\"Glow Premium\",\"url\":\"https:\/\/glowpremium.fr\/\",\"logo\":{\"@type\":\"ImageObject\",\"inLanguage\":\"en-GB\",\"@id\":\"https:\/\/glowpremium.fr\/#\/schema\/logo\/image\/\",\"url\":\"https:\/\/glowpremium.fr\/wp-content\/uploads\/2024\/10\/screenshot_20241029_034909_chrome.jpg\",\"contentUrl\":\"https:\/\/glowpremium.fr\/wp-content\/uploads\/2024\/10\/screenshot_20241029_034909_chrome.jpg\",\"width\":866,\"height\":937,\"caption\":\"Glow Premium\"},\"image\":{\"@id\":\"https:\/\/glowpremium.fr\/#\/schema\/logo\/image\/\"}}]}<\/script>\n<!-- \/ Yoast SEO plugin. -->","yoast_head_json":{"title":"Lait super \u00e9claircissant 10 jours Easy Light - Glow Premium","description":"\u00c9claircissant pour peaux fonc\u00e9esSoin \u00e9claircissant pour peaux m\u00e9tiss\u00e9esProduit de d\u00e9pigmentation pour peaux noires lait \u00e9claircissant pour peaux melan\u00e9es","robots":{"index":"index","follow":"follow","max-snippet":"max-snippet:-1","max-image-preview":"max-image-preview:large","max-video-preview":"max-video-preview:-1"},"canonical":"https:\/\/glowpremium.fr\/en\/lightening-product\/easy-light-2-10-day-super-lightening-milk\/","og_locale":"en_GB","og_type":"article","og_title":"Lait super \u00e9claircissant 10 jours Easy Light - Glow Premium","og_description":"\u00c9claircissant pour peaux fonc\u00e9esSoin \u00e9claircissant pour peaux m\u00e9tiss\u00e9esProduit de d\u00e9pigmentation pour peaux noires lait \u00e9claircissant pour peaux melan\u00e9es","og_url":"https:\/\/glowpremium.fr\/en\/lightening-product\/easy-light-2-10-day-super-lightening-milk\/","og_site_name":"Glow Premium","article_modified_time":"2026-02-26T13:04:54+00:00","og_image":[{"width":2000,"height":1792,"url":"https:\/\/glowpremium.fr\/wp-content\/uploads\/2024\/10\/PhotoRoom-20230307_183250.png","type":"image\/png"}],"twitter_card":"summary_large_image","twitter_misc":{"Estimated reading time":"1 minute"},"schema":{"@context":"https:\/\/schema.org","@graph":[{"@type":"WebPage","@id":"https:\/\/glowpremium.fr\/produit-eclaircissant\/lait-super-eclaircissant-10-jours-easy-light-2\/","url":"https:\/\/glowpremium.fr\/produit-eclaircissant\/lait-super-eclaircissant-10-jours-easy-light-2\/","name":"Lait super \u00e9claircissant 10 jours Easy Light - Glow Premium","isPartOf":{"@id":"https:\/\/glowpremium.fr\/#website"},"primaryImageOfPage":{"@id":"https:\/\/glowpremium.fr\/produit-eclaircissant\/lait-super-eclaircissant-10-jours-easy-light-2\/#primaryimage"},"image":{"@id":"https:\/\/glowpremium.fr\/produit-eclaircissant\/lait-super-eclaircissant-10-jours-easy-light-2\/#primaryimage"},"thumbnailUrl":"https:\/\/glowpremium.fr\/wp-content\/uploads\/2024\/10\/PhotoRoom-20230307_183250.png","datePublished":"2024-10-28T13:31:49+00:00","dateModified":"2026-02-26T13:04:54+00:00","description":"\u00c9claircissant pour peaux fonc\u00e9esSoin \u00e9claircissant pour peaux m\u00e9tiss\u00e9esProduit de d\u00e9pigmentation pour peaux noires lait \u00e9claircissant pour peaux melan\u00e9es","breadcrumb":{"@id":"https:\/\/glowpremium.fr\/produit-eclaircissant\/lait-super-eclaircissant-10-jours-easy-light-2\/#breadcrumb"},"inLanguage":"en-GB","potentialAction":[{"@type":"ReadAction","target":["https:\/\/glowpremium.fr\/produit-eclaircissant\/lait-super-eclaircissant-10-jours-easy-light-2\/"]}]},{"@type":"ImageObject","inLanguage":"en-GB","@id":"https:\/\/glowpremium.fr\/produit-eclaircissant\/lait-super-eclaircissant-10-jours-easy-light-2\/#primaryimage","url":"https:\/\/glowpremium.fr\/wp-content\/uploads\/2024\/10\/PhotoRoom-20230307_183250.png","contentUrl":"https:\/\/glowpremium.fr\/wp-content\/uploads\/2024\/10\/PhotoRoom-20230307_183250.png","width":2000,"height":1792},{"@type":"BreadcrumbList","@id":"https:\/\/glowpremium.fr\/produit-eclaircissant\/lait-super-eclaircissant-10-jours-easy-light-2\/#breadcrumb","itemListElement":[{"@type":"ListItem","position":1,"name":"Accueil","item":"https:\/\/glowpremium.fr\/"},{"@type":"ListItem","position":2,"name":"Boutique","item":"https:\/\/glowpremium.fr\/boutique-produits-eclaircissants\/"},{"@type":"ListItem","position":3,"name":"Lait super \u00e9claircissant 10 jours Easy Light"}]},{"@type":"WebSite","@id":"https:\/\/glowpremium.fr\/#website","url":"https:\/\/glowpremium.fr\/","name":"Glow Premium","description":"","publisher":{"@id":"https:\/\/glowpremium.fr\/#organization"},"potentialAction":[{"@type":"SearchAction","target":{"@type":"EntryPoint","urlTemplate":"https:\/\/glowpremium.fr\/?s={search_term_string}"},"query-input":{"@type":"PropertyValueSpecification","valueRequired":true,"valueName":"search_term_string"}}],"inLanguage":"en-GB"},{"@type":"Organization","@id":"https:\/\/glowpremium.fr\/#organization","name":"Glow Premium","url":"https:\/\/glowpremium.fr\/","logo":{"@type":"ImageObject","inLanguage":"en-GB","@id":"https:\/\/glowpremium.fr\/#\/schema\/logo\/image\/","url":"https:\/\/glowpremium.fr\/wp-content\/uploads\/2024\/10\/screenshot_20241029_034909_chrome.jpg","contentUrl":"https:\/\/glowpremium.fr\/wp-content\/uploads\/2024\/10\/screenshot_20241029_034909_chrome.jpg","width":866,"height":937,"caption":"Glow Premium"},"image":{"@id":"https:\/\/glowpremium.fr\/#\/schema\/logo\/image\/"}}]}},"_links":{"self":[{"href":"https:\/\/glowpremium.fr\/en\/wp-json\/wp\/v2\/product\/5701","targetHints":{"allow":["GET"]}}],"collection":[{"href":"https:\/\/glowpremium.fr\/en\/wp-json\/wp\/v2\/product"}],"about":[{"href":"https:\/\/glowpremium.fr\/en\/wp-json\/wp\/v2\/types\/product"}],"replies":[{"embeddable":true,"href":"https:\/\/glowpremium.fr\/en\/wp-json\/wp\/v2\/comments?post=5701"}],"version-history":[{"count":1,"href":"https:\/\/glowpremium.fr\/en\/wp-json\/wp\/v2\/product\/5701\/revisions"}],"predecessor-version":[{"id":7566,"href":"https:\/\/glowpremium.fr\/en\/wp-json\/wp\/v2\/product\/5701\/revisions\/7566"}],"wp:featuredmedia":[{"embeddable":true,"href":"https:\/\/glowpremium.fr\/en\/wp-json\/wp\/v2\/media\/5700"}],"wp:attachment":[{"href":"https:\/\/glowpremium.fr\/en\/wp-json\/wp\/v2\/media?parent=5701"}],"wp:term":[{"taxonomy":"brand","embeddable":true,"href":"https:\/\/glowpremium.fr\/en\/wp-json\/wp\/v2\/etheme_brands?post=5701"},{"taxonomy":"product_brand","embeddable":true,"href":"https:\/\/glowpremium.fr\/en\/wp-json\/wp\/v2\/product_brand?post=5701"},{"taxonomy":"product_cat","embeddable":true,"href":"https:\/\/glowpremium.fr\/en\/wp-json\/wp\/v2\/product_cat?post=5701"},{"taxonomy":"product_tag","embeddable":true,"href":"https:\/\/glowpremium.fr\/en\/wp-json\/wp\/v2\/product_tag?post=5701"}],"curies":[{"name":"wp","href":"https:\/\/api.w.org\/{rel}","templated":true}]}}