{"id":5634,"date":"2024-10-28T14:30:47","date_gmt":"2024-10-28T13:30:47","guid":{"rendered":"https:\/\/glowpremium.fr\/produit-eclaircissant\/gamme-eclaircissant-makari-naturalle-intense-extreme-3\/"},"modified":"2024-11-15T13:48:37","modified_gmt":"2024-11-15T12:48:37","slug":"gamme-eclaircissant-makari-naturalle-intense-extreme-3","status":"publish","type":"product","link":"https:\/\/glowpremium.fr\/en\/lightening-product\/makari-naturalle-intense-extreme-3-lightening-range\/","title":{"rendered":"Makari Naturalle Intense Extreme Lightening range"},"content":{"rendered":"<p><strong>How to use :<\/strong><\/p>\n<p>Apply your milk generously twice a day to dark areas of the body. For best results, use Makari Naturalle serum or cream.<\/p>\n<p><strong>Recommendation:<\/strong><\/p>\n<p>For external use only. Avoid contact with eyes and mucous membranes. If irritation occurs, discontinue use. Do not use on children.<\/p>\n<p><strong>Composition<\/strong><\/p>\n<ul>\n<li><strong>Naturalle Intense Extreme Makari Soap from Switzerland 200<\/strong>\n<div class=\"tabs\">\n<div id=\"tab-content\" class=\"tab-content\">\n<div id=\"description\" class=\"tab-pane fade in active\" role=\"tabpanel\">\n<div class=\"product-description\">\n<div><\/div>\n<div>Propylene Glycol, Glycerin, Aqua (Water), Mulberry (Morus Alba) Root Extract, Glycyrrhiza Glabra (Licorice) Root Extract,<\/div>\n<div>Benzophenone-4, Magnesium Ascorbyl, Phosphate, Arbutin, Butyrospermum Parkii (Shea Butter), Lanolin Oil, Sodium Lactate, Prunus Amydalus Dulcis (Sweet Almond) Oil, Argania Spinosa (Argan) Oil, Tocopheryl Acetate (Vitamin E), Parfum (Fragrance), Ascorbyl Palmitate (Vitamin C), Retinyl Palmitate (Vitamin A), Trideceth 9, Disodium EDTA, Methylparaben, Propylparaben, A-Isomethyl Ionone, Benzyl Alcohol, Benzyl Salicylate, Hydroxysiohexyl 3- Cyclohexene, Carboxaldehyde.<\/div>\n<\/div>\n<\/div>\n<\/div>\n<\/div>\n<div><\/div>\n<section class=\"page-product-box clearfix\"><\/section>\n<\/li>\n<li><strong>Naturalle Intense Extreme Makari Milk from Switzerland 500ml<\/strong><\/li>\n<\/ul>\n<p>Aqua (water), Glyceryl Stearate, Cetearyl Alcohol, Glycerin, Propylene Glycol, Butyrospermum, Parkii (Shea Butter), Ceteareth-20, Isopropyl Myristate, Morus Alba (Mulberry) Root Extract, Benzophenone-3, Octyl Methoxycinnamate, Octyl Dimethyl PABA, Lanolin Oil, Citrus Limonum (Lemon), Glycyrrhiza Glarba (Licorice) Root Extract, Sambucus Nigra (Black Elder), Rubus Fructicosus (Blackberry), Tilia Vulgaris (Linden), Dimethicone, Decyl Oleate, Paraffinum Liquidum (Mineral Oil), Fragrance (Parfum), Sodium Lactate, Allantoin, Tocopherol Acetate (Vitamin E), Ascorbic Acid (Vitamin C), Sodium Lauryl Sulfate, Retinyl Palmitate (Vitamin A Palmitate), Sodium Metabisulfite DisodiumEDTA, Methylparaben, Propylparaben,Benzyl Alcohol, a-isomethylionone, Benzyl Salicylate, Citronellol, Coumarin, Geraniol Limonene, Linalool.<\/p>\n<ul>\n<li><strong> Serum<\/strong><strong><strong> Naturalle Intense Extreme Makari de Suisse 50m<\/strong><\/strong><\/li>\n<\/ul>\n<div>TUBE<\/div>\n<div>Propylene Glycol, Glycerin, Aqua (Water), Mulberry (Morus Alba) Root Extract, Glycyrrhiza Glabra (Licorice) Root Extract,<\/div>\n<div>Benzophenone-4, Magnesium Ascorbyl, Phosphate, Arbutin, Butyrospermum Parkii (Shea Butter), Lanolin Oil, Sodium Lactate, Prunus Amydalus Dulcis (Sweet Almond) Oil, Argania Spinosa (Argan) Oil, Tocopheryl Acetate (Vitamin E), Parfum (Fragrance), Ascorbyl Palmitate (Vitamin C), Retinyl Palmitate (Vitamin A), Trideceth 9, Disodium EDTA, Methylparaben, Propylparaben, A-Isomethyl Ionone, Benzyl Alcohol, Benzyl Salicylate, Hydroxysiohexyl 3- Cyclohexene, Carboxaldehyde.<\/div>\n<p>&nbsp;<\/p>","protected":false},"excerpt":{"rendered":"<p>Makari Naturalle intense extreme milk, serum and soap, rich in shea butter, repair skin and scars, soften skin and enhance its radiance. Makari Naturalle deeply moisturises, regenerates and revitalises the skin and helps combat the signs of ageing. They offer SPF15 protection to avoid the sun's harmful rays and gradually reduce areas of skin discolouration and brown spots. Skin is brighter and softer!<\/p>\n<ul>\n<li><strong>Naturalle Intense ExtremeMakari Soap from Switzerland 200g<\/strong><\/li>\n<li><strong>Naturalle Intense Extreme Makari Milk from Switzerland 500ml<\/strong><\/li>\n<li><strong>Naturalle Intense Extreme Serum Makari de Suisse 50ml<\/strong><\/li>\n<\/ul>","protected":false},"featured_media":7601,"comment_status":"closed","ping_status":"closed","template":"","meta":[],"etheme_brands":[],"product_brand":[],"product_cat":[80,82],"product_tag":[],"class_list":{"0":"post-5634","1":"product","2":"type-product","3":"status-publish","4":"has-post-thumbnail","6":"product_cat-blanchissants-et-eclaircissants","7":"product_cat-gammes-eclaircissantes","9":"first","10":"instock","11":"shipping-taxable","12":"purchasable","13":"product-type-simple"},"yoast_head":"<!-- This site is optimized with the Yoast SEO plugin v26.7 - https:\/\/yoast.com\/wordpress\/plugins\/seo\/ -->\n<title>Gamme \u00e9claircissant Makari Naturalle Intense Extr\u00eame - Glow Premium<\/title>\n<meta name=\"description\" content=\"\u00c9claircissant pour peaux fonc\u00e9esSoin \u00e9claircissant pour peaux m\u00e9tiss\u00e9esProduit de d\u00e9pigmentation pour peaux noires soins blanchissant unifiant\" \/>\n<meta name=\"robots\" content=\"index, follow, max-snippet:-1, max-image-preview:large, max-video-preview:-1\" \/>\n<link rel=\"canonical\" href=\"https:\/\/glowpremium.fr\/en\/lightening-product\/makari-naturalle-intense-extreme-3-lightening-range\/\" \/>\n<meta property=\"og:locale\" content=\"en_GB\" \/>\n<meta property=\"og:type\" content=\"article\" \/>\n<meta property=\"og:title\" content=\"Gamme \u00e9claircissant Makari Naturalle Intense Extr\u00eame - Glow Premium\" \/>\n<meta property=\"og:description\" content=\"\u00c9claircissant pour peaux fonc\u00e9esSoin \u00e9claircissant pour peaux m\u00e9tiss\u00e9esProduit de d\u00e9pigmentation pour peaux noires soins blanchissant unifiant\" \/>\n<meta property=\"og:url\" content=\"https:\/\/glowpremium.fr\/en\/lightening-product\/makari-naturalle-intense-extreme-3-lightening-range\/\" \/>\n<meta property=\"og:site_name\" content=\"Glow Premium\" \/>\n<meta property=\"article:modified_time\" content=\"2024-11-15T12:48:37+00:00\" \/>\n<meta property=\"og:image\" content=\"https:\/\/glowpremium.fr\/wp-content\/uploads\/2024\/10\/screenshot_20241115_132829_chrome.jpg\" \/>\n\t<meta property=\"og:image:width\" content=\"429\" \/>\n\t<meta property=\"og:image:height\" content=\"362\" \/>\n\t<meta property=\"og:image:type\" content=\"image\/jpeg\" \/>\n<meta name=\"twitter:card\" content=\"summary_large_image\" \/>\n<meta name=\"twitter:label1\" content=\"Estimated reading time\" \/>\n\t<meta name=\"twitter:data1\" content=\"2 minutes\" \/>\n<script type=\"application\/ld+json\" class=\"yoast-schema-graph\">{\"@context\":\"https:\/\/schema.org\",\"@graph\":[{\"@type\":\"WebPage\",\"@id\":\"https:\/\/glowpremium.fr\/produit-eclaircissant\/gamme-eclaircissant-makari-naturalle-intense-extreme-3\/\",\"url\":\"https:\/\/glowpremium.fr\/produit-eclaircissant\/gamme-eclaircissant-makari-naturalle-intense-extreme-3\/\",\"name\":\"Gamme \u00e9claircissant Makari Naturalle Intense Extr\u00eame - Glow Premium\",\"isPartOf\":{\"@id\":\"https:\/\/glowpremium.fr\/#website\"},\"primaryImageOfPage\":{\"@id\":\"https:\/\/glowpremium.fr\/produit-eclaircissant\/gamme-eclaircissant-makari-naturalle-intense-extreme-3\/#primaryimage\"},\"image\":{\"@id\":\"https:\/\/glowpremium.fr\/produit-eclaircissant\/gamme-eclaircissant-makari-naturalle-intense-extreme-3\/#primaryimage\"},\"thumbnailUrl\":\"https:\/\/glowpremium.fr\/wp-content\/uploads\/2024\/10\/screenshot_20241115_132829_chrome.jpg\",\"datePublished\":\"2024-10-28T13:30:47+00:00\",\"dateModified\":\"2024-11-15T12:48:37+00:00\",\"description\":\"\u00c9claircissant pour peaux fonc\u00e9esSoin \u00e9claircissant pour peaux m\u00e9tiss\u00e9esProduit de d\u00e9pigmentation pour peaux noires soins blanchissant unifiant\",\"breadcrumb\":{\"@id\":\"https:\/\/glowpremium.fr\/produit-eclaircissant\/gamme-eclaircissant-makari-naturalle-intense-extreme-3\/#breadcrumb\"},\"inLanguage\":\"en-GB\",\"potentialAction\":[{\"@type\":\"ReadAction\",\"target\":[\"https:\/\/glowpremium.fr\/produit-eclaircissant\/gamme-eclaircissant-makari-naturalle-intense-extreme-3\/\"]}]},{\"@type\":\"ImageObject\",\"inLanguage\":\"en-GB\",\"@id\":\"https:\/\/glowpremium.fr\/produit-eclaircissant\/gamme-eclaircissant-makari-naturalle-intense-extreme-3\/#primaryimage\",\"url\":\"https:\/\/glowpremium.fr\/wp-content\/uploads\/2024\/10\/screenshot_20241115_132829_chrome.jpg\",\"contentUrl\":\"https:\/\/glowpremium.fr\/wp-content\/uploads\/2024\/10\/screenshot_20241115_132829_chrome.jpg\",\"width\":429,\"height\":362},{\"@type\":\"BreadcrumbList\",\"@id\":\"https:\/\/glowpremium.fr\/produit-eclaircissant\/gamme-eclaircissant-makari-naturalle-intense-extreme-3\/#breadcrumb\",\"itemListElement\":[{\"@type\":\"ListItem\",\"position\":1,\"name\":\"Accueil\",\"item\":\"https:\/\/glowpremium.fr\/\"},{\"@type\":\"ListItem\",\"position\":2,\"name\":\"Boutique\",\"item\":\"https:\/\/glowpremium.fr\/boutique-produits-eclaircissants\/\"},{\"@type\":\"ListItem\",\"position\":3,\"name\":\"Gamme \u00e9claircissant Makari Naturalle Intense Extr\u00eame\"}]},{\"@type\":\"WebSite\",\"@id\":\"https:\/\/glowpremium.fr\/#website\",\"url\":\"https:\/\/glowpremium.fr\/\",\"name\":\"Glow Premium\",\"description\":\"\",\"publisher\":{\"@id\":\"https:\/\/glowpremium.fr\/#organization\"},\"potentialAction\":[{\"@type\":\"SearchAction\",\"target\":{\"@type\":\"EntryPoint\",\"urlTemplate\":\"https:\/\/glowpremium.fr\/?s={search_term_string}\"},\"query-input\":{\"@type\":\"PropertyValueSpecification\",\"valueRequired\":true,\"valueName\":\"search_term_string\"}}],\"inLanguage\":\"en-GB\"},{\"@type\":\"Organization\",\"@id\":\"https:\/\/glowpremium.fr\/#organization\",\"name\":\"Glow Premium\",\"url\":\"https:\/\/glowpremium.fr\/\",\"logo\":{\"@type\":\"ImageObject\",\"inLanguage\":\"en-GB\",\"@id\":\"https:\/\/glowpremium.fr\/#\/schema\/logo\/image\/\",\"url\":\"https:\/\/glowpremium.fr\/wp-content\/uploads\/2024\/10\/screenshot_20241029_034909_chrome.jpg\",\"contentUrl\":\"https:\/\/glowpremium.fr\/wp-content\/uploads\/2024\/10\/screenshot_20241029_034909_chrome.jpg\",\"width\":866,\"height\":937,\"caption\":\"Glow Premium\"},\"image\":{\"@id\":\"https:\/\/glowpremium.fr\/#\/schema\/logo\/image\/\"}}]}<\/script>\n<!-- \/ Yoast SEO plugin. -->","yoast_head_json":{"title":"Gamme \u00e9claircissant Makari Naturalle Intense Extr\u00eame - Glow Premium","description":"\u00c9claircissant pour peaux fonc\u00e9esSoin \u00e9claircissant pour peaux m\u00e9tiss\u00e9esProduit de d\u00e9pigmentation pour peaux noires soins blanchissant unifiant","robots":{"index":"index","follow":"follow","max-snippet":"max-snippet:-1","max-image-preview":"max-image-preview:large","max-video-preview":"max-video-preview:-1"},"canonical":"https:\/\/glowpremium.fr\/en\/lightening-product\/makari-naturalle-intense-extreme-3-lightening-range\/","og_locale":"en_GB","og_type":"article","og_title":"Gamme \u00e9claircissant Makari Naturalle Intense Extr\u00eame - Glow Premium","og_description":"\u00c9claircissant pour peaux fonc\u00e9esSoin \u00e9claircissant pour peaux m\u00e9tiss\u00e9esProduit de d\u00e9pigmentation pour peaux noires soins blanchissant unifiant","og_url":"https:\/\/glowpremium.fr\/en\/lightening-product\/makari-naturalle-intense-extreme-3-lightening-range\/","og_site_name":"Glow Premium","article_modified_time":"2024-11-15T12:48:37+00:00","og_image":[{"width":429,"height":362,"url":"https:\/\/glowpremium.fr\/wp-content\/uploads\/2024\/10\/screenshot_20241115_132829_chrome.jpg","type":"image\/jpeg"}],"twitter_card":"summary_large_image","twitter_misc":{"Estimated reading time":"2 minutes"},"schema":{"@context":"https:\/\/schema.org","@graph":[{"@type":"WebPage","@id":"https:\/\/glowpremium.fr\/produit-eclaircissant\/gamme-eclaircissant-makari-naturalle-intense-extreme-3\/","url":"https:\/\/glowpremium.fr\/produit-eclaircissant\/gamme-eclaircissant-makari-naturalle-intense-extreme-3\/","name":"Gamme \u00e9claircissant Makari Naturalle Intense Extr\u00eame - Glow Premium","isPartOf":{"@id":"https:\/\/glowpremium.fr\/#website"},"primaryImageOfPage":{"@id":"https:\/\/glowpremium.fr\/produit-eclaircissant\/gamme-eclaircissant-makari-naturalle-intense-extreme-3\/#primaryimage"},"image":{"@id":"https:\/\/glowpremium.fr\/produit-eclaircissant\/gamme-eclaircissant-makari-naturalle-intense-extreme-3\/#primaryimage"},"thumbnailUrl":"https:\/\/glowpremium.fr\/wp-content\/uploads\/2024\/10\/screenshot_20241115_132829_chrome.jpg","datePublished":"2024-10-28T13:30:47+00:00","dateModified":"2024-11-15T12:48:37+00:00","description":"\u00c9claircissant pour peaux fonc\u00e9esSoin \u00e9claircissant pour peaux m\u00e9tiss\u00e9esProduit de d\u00e9pigmentation pour peaux noires soins blanchissant unifiant","breadcrumb":{"@id":"https:\/\/glowpremium.fr\/produit-eclaircissant\/gamme-eclaircissant-makari-naturalle-intense-extreme-3\/#breadcrumb"},"inLanguage":"en-GB","potentialAction":[{"@type":"ReadAction","target":["https:\/\/glowpremium.fr\/produit-eclaircissant\/gamme-eclaircissant-makari-naturalle-intense-extreme-3\/"]}]},{"@type":"ImageObject","inLanguage":"en-GB","@id":"https:\/\/glowpremium.fr\/produit-eclaircissant\/gamme-eclaircissant-makari-naturalle-intense-extreme-3\/#primaryimage","url":"https:\/\/glowpremium.fr\/wp-content\/uploads\/2024\/10\/screenshot_20241115_132829_chrome.jpg","contentUrl":"https:\/\/glowpremium.fr\/wp-content\/uploads\/2024\/10\/screenshot_20241115_132829_chrome.jpg","width":429,"height":362},{"@type":"BreadcrumbList","@id":"https:\/\/glowpremium.fr\/produit-eclaircissant\/gamme-eclaircissant-makari-naturalle-intense-extreme-3\/#breadcrumb","itemListElement":[{"@type":"ListItem","position":1,"name":"Accueil","item":"https:\/\/glowpremium.fr\/"},{"@type":"ListItem","position":2,"name":"Boutique","item":"https:\/\/glowpremium.fr\/boutique-produits-eclaircissants\/"},{"@type":"ListItem","position":3,"name":"Gamme \u00e9claircissant Makari Naturalle Intense Extr\u00eame"}]},{"@type":"WebSite","@id":"https:\/\/glowpremium.fr\/#website","url":"https:\/\/glowpremium.fr\/","name":"Glow Premium","description":"","publisher":{"@id":"https:\/\/glowpremium.fr\/#organization"},"potentialAction":[{"@type":"SearchAction","target":{"@type":"EntryPoint","urlTemplate":"https:\/\/glowpremium.fr\/?s={search_term_string}"},"query-input":{"@type":"PropertyValueSpecification","valueRequired":true,"valueName":"search_term_string"}}],"inLanguage":"en-GB"},{"@type":"Organization","@id":"https:\/\/glowpremium.fr\/#organization","name":"Glow Premium","url":"https:\/\/glowpremium.fr\/","logo":{"@type":"ImageObject","inLanguage":"en-GB","@id":"https:\/\/glowpremium.fr\/#\/schema\/logo\/image\/","url":"https:\/\/glowpremium.fr\/wp-content\/uploads\/2024\/10\/screenshot_20241029_034909_chrome.jpg","contentUrl":"https:\/\/glowpremium.fr\/wp-content\/uploads\/2024\/10\/screenshot_20241029_034909_chrome.jpg","width":866,"height":937,"caption":"Glow Premium"},"image":{"@id":"https:\/\/glowpremium.fr\/#\/schema\/logo\/image\/"}}]}},"_links":{"self":[{"href":"https:\/\/glowpremium.fr\/en\/wp-json\/wp\/v2\/product\/5634","targetHints":{"allow":["GET"]}}],"collection":[{"href":"https:\/\/glowpremium.fr\/en\/wp-json\/wp\/v2\/product"}],"about":[{"href":"https:\/\/glowpremium.fr\/en\/wp-json\/wp\/v2\/types\/product"}],"replies":[{"embeddable":true,"href":"https:\/\/glowpremium.fr\/en\/wp-json\/wp\/v2\/comments?post=5634"}],"version-history":[{"count":2,"href":"https:\/\/glowpremium.fr\/en\/wp-json\/wp\/v2\/product\/5634\/revisions"}],"predecessor-version":[{"id":7604,"href":"https:\/\/glowpremium.fr\/en\/wp-json\/wp\/v2\/product\/5634\/revisions\/7604"}],"wp:featuredmedia":[{"embeddable":true,"href":"https:\/\/glowpremium.fr\/en\/wp-json\/wp\/v2\/media\/7601"}],"wp:attachment":[{"href":"https:\/\/glowpremium.fr\/en\/wp-json\/wp\/v2\/media?parent=5634"}],"wp:term":[{"taxonomy":"brand","embeddable":true,"href":"https:\/\/glowpremium.fr\/en\/wp-json\/wp\/v2\/etheme_brands?post=5634"},{"taxonomy":"product_brand","embeddable":true,"href":"https:\/\/glowpremium.fr\/en\/wp-json\/wp\/v2\/product_brand?post=5634"},{"taxonomy":"product_cat","embeddable":true,"href":"https:\/\/glowpremium.fr\/en\/wp-json\/wp\/v2\/product_cat?post=5634"},{"taxonomy":"product_tag","embeddable":true,"href":"https:\/\/glowpremium.fr\/en\/wp-json\/wp\/v2\/product_tag?post=5634"}],"curies":[{"name":"wp","href":"https:\/\/api.w.org\/{rel}","templated":true}]}}