{"id":5625,"date":"2024-10-28T14:30:37","date_gmt":"2024-10-28T13:30:37","guid":{"rendered":"https:\/\/glowpremium.fr\/produit-eclaircissant\/lait-eclaircissant-magic-glow-2\/"},"modified":"2024-11-15T14:56:45","modified_gmt":"2024-11-15T13:56:45","slug":"lait-eclaircissant-magic-glow-2","status":"publish","type":"product","link":"https:\/\/glowpremium.fr\/en\/lightening-product\/magic-glow-2-lightening-milk\/","title":{"rendered":"magic glow intense lightening milk"},"content":{"rendered":"<p><strong>How to use :<\/strong><br \/>\nThis product should be applied morning and evening, after cleansing the skin thoroughly.<br \/>\n<strong>Recommendation:<\/strong><br \/>\nIf skin is irritated, stop using the product immediately.<br \/>\n<strong>Composition:<\/strong><br \/>\nGluta gold 24 k, concentred glutathione , vitamins soluble,brightens,moisturizes,nourrish,smooth,and soft.removing scar ,give natural glow, remove dark spot<\/p>","protected":false},"excerpt":{"rendered":"<p>Lait magic glow proffessional skin care.gluta glow gold 24 k , glutathione &amp; collag\u00e9ne triple action<\/p>","protected":false},"featured_media":5624,"comment_status":"closed","ping_status":"closed","template":"","meta":[],"etheme_brands":[],"product_brand":[],"product_cat":[80,85],"product_tag":[],"class_list":{"0":"post-5625","1":"product","2":"type-product","3":"status-publish","4":"has-post-thumbnail","6":"product_cat-blanchissants-et-eclaircissants","7":"product_cat-laits-eclaircissants","9":"first","10":"instock","11":"shipping-taxable","12":"purchasable","13":"product-type-simple"},"yoast_head":"<!-- This site is optimized with the Yoast SEO plugin v26.7 - https:\/\/yoast.com\/wordpress\/plugins\/seo\/ -->\n<title>Lait \u00e9claircissant intense  magic glow - Glow Premium<\/title>\n<meta name=\"description\" content=\"\u00c9claircissant pour peaux fonc\u00e9esSoin \u00e9claircissant pour peaux m\u00e9tiss\u00e9esProduit de d\u00e9pigmentation pour peaux noires beaut\u00e9 de la peau teint claire\" \/>\n<meta name=\"robots\" content=\"index, follow, max-snippet:-1, max-image-preview:large, max-video-preview:-1\" \/>\n<link rel=\"canonical\" href=\"https:\/\/glowpremium.fr\/en\/lightening-product\/magic-glow-2-lightening-milk\/\" \/>\n<meta property=\"og:locale\" content=\"en_GB\" \/>\n<meta property=\"og:type\" content=\"article\" \/>\n<meta property=\"og:title\" content=\"Lait \u00e9claircissant intense  magic glow - Glow Premium\" \/>\n<meta property=\"og:description\" content=\"\u00c9claircissant pour peaux fonc\u00e9esSoin \u00e9claircissant pour peaux m\u00e9tiss\u00e9esProduit de d\u00e9pigmentation pour peaux noires beaut\u00e9 de la peau teint claire\" \/>\n<meta property=\"og:url\" content=\"https:\/\/glowpremium.fr\/en\/lightening-product\/magic-glow-2-lightening-milk\/\" \/>\n<meta property=\"og:site_name\" content=\"Glow Premium\" \/>\n<meta property=\"article:modified_time\" content=\"2024-11-15T13:56:45+00:00\" \/>\n<meta property=\"og:image\" content=\"https:\/\/glowpremium.fr\/wp-content\/uploads\/2024\/10\/Capture-decran-2021-07-17-a-15.30.17.png\" \/>\n\t<meta property=\"og:image:width\" content=\"170\" \/>\n\t<meta property=\"og:image:height\" content=\"347\" \/>\n\t<meta property=\"og:image:type\" content=\"image\/png\" \/>\n<meta name=\"twitter:card\" content=\"summary_large_image\" \/>\n<meta name=\"twitter:label1\" content=\"Estimated reading time\" \/>\n\t<meta name=\"twitter:data1\" content=\"1 minute\" \/>\n<script type=\"application\/ld+json\" class=\"yoast-schema-graph\">{\"@context\":\"https:\/\/schema.org\",\"@graph\":[{\"@type\":\"WebPage\",\"@id\":\"https:\/\/glowpremium.fr\/produit-eclaircissant\/lait-eclaircissant-magic-glow-2\/\",\"url\":\"https:\/\/glowpremium.fr\/produit-eclaircissant\/lait-eclaircissant-magic-glow-2\/\",\"name\":\"Lait \u00e9claircissant intense magic glow - Glow Premium\",\"isPartOf\":{\"@id\":\"https:\/\/glowpremium.fr\/#website\"},\"primaryImageOfPage\":{\"@id\":\"https:\/\/glowpremium.fr\/produit-eclaircissant\/lait-eclaircissant-magic-glow-2\/#primaryimage\"},\"image\":{\"@id\":\"https:\/\/glowpremium.fr\/produit-eclaircissant\/lait-eclaircissant-magic-glow-2\/#primaryimage\"},\"thumbnailUrl\":\"https:\/\/glowpremium.fr\/wp-content\/uploads\/2024\/10\/Capture-decran-2021-07-17-a-15.30.17.png\",\"datePublished\":\"2024-10-28T13:30:37+00:00\",\"dateModified\":\"2024-11-15T13:56:45+00:00\",\"description\":\"\u00c9claircissant pour peaux fonc\u00e9esSoin \u00e9claircissant pour peaux m\u00e9tiss\u00e9esProduit de d\u00e9pigmentation pour peaux noires beaut\u00e9 de la peau teint claire\",\"breadcrumb\":{\"@id\":\"https:\/\/glowpremium.fr\/produit-eclaircissant\/lait-eclaircissant-magic-glow-2\/#breadcrumb\"},\"inLanguage\":\"en-GB\",\"potentialAction\":[{\"@type\":\"ReadAction\",\"target\":[\"https:\/\/glowpremium.fr\/produit-eclaircissant\/lait-eclaircissant-magic-glow-2\/\"]}]},{\"@type\":\"ImageObject\",\"inLanguage\":\"en-GB\",\"@id\":\"https:\/\/glowpremium.fr\/produit-eclaircissant\/lait-eclaircissant-magic-glow-2\/#primaryimage\",\"url\":\"https:\/\/glowpremium.fr\/wp-content\/uploads\/2024\/10\/Capture-decran-2021-07-17-a-15.30.17.png\",\"contentUrl\":\"https:\/\/glowpremium.fr\/wp-content\/uploads\/2024\/10\/Capture-decran-2021-07-17-a-15.30.17.png\",\"width\":170,\"height\":347},{\"@type\":\"BreadcrumbList\",\"@id\":\"https:\/\/glowpremium.fr\/produit-eclaircissant\/lait-eclaircissant-magic-glow-2\/#breadcrumb\",\"itemListElement\":[{\"@type\":\"ListItem\",\"position\":1,\"name\":\"Accueil\",\"item\":\"https:\/\/glowpremium.fr\/\"},{\"@type\":\"ListItem\",\"position\":2,\"name\":\"Boutique\",\"item\":\"https:\/\/glowpremium.fr\/boutique-produits-eclaircissants\/\"},{\"@type\":\"ListItem\",\"position\":3,\"name\":\"Lait \u00e9claircissant intense magic glow\"}]},{\"@type\":\"WebSite\",\"@id\":\"https:\/\/glowpremium.fr\/#website\",\"url\":\"https:\/\/glowpremium.fr\/\",\"name\":\"Glow Premium\",\"description\":\"\",\"publisher\":{\"@id\":\"https:\/\/glowpremium.fr\/#organization\"},\"potentialAction\":[{\"@type\":\"SearchAction\",\"target\":{\"@type\":\"EntryPoint\",\"urlTemplate\":\"https:\/\/glowpremium.fr\/?s={search_term_string}\"},\"query-input\":{\"@type\":\"PropertyValueSpecification\",\"valueRequired\":true,\"valueName\":\"search_term_string\"}}],\"inLanguage\":\"en-GB\"},{\"@type\":\"Organization\",\"@id\":\"https:\/\/glowpremium.fr\/#organization\",\"name\":\"Glow Premium\",\"url\":\"https:\/\/glowpremium.fr\/\",\"logo\":{\"@type\":\"ImageObject\",\"inLanguage\":\"en-GB\",\"@id\":\"https:\/\/glowpremium.fr\/#\/schema\/logo\/image\/\",\"url\":\"https:\/\/glowpremium.fr\/wp-content\/uploads\/2024\/10\/screenshot_20241029_034909_chrome.jpg\",\"contentUrl\":\"https:\/\/glowpremium.fr\/wp-content\/uploads\/2024\/10\/screenshot_20241029_034909_chrome.jpg\",\"width\":866,\"height\":937,\"caption\":\"Glow Premium\"},\"image\":{\"@id\":\"https:\/\/glowpremium.fr\/#\/schema\/logo\/image\/\"}}]}<\/script>\n<!-- \/ Yoast SEO plugin. -->","yoast_head_json":{"title":"Lait \u00e9claircissant intense  magic glow - Glow Premium","description":"\u00c9claircissant pour peaux fonc\u00e9esSoin \u00e9claircissant pour peaux m\u00e9tiss\u00e9esProduit de d\u00e9pigmentation pour peaux noires beaut\u00e9 de la peau teint claire","robots":{"index":"index","follow":"follow","max-snippet":"max-snippet:-1","max-image-preview":"max-image-preview:large","max-video-preview":"max-video-preview:-1"},"canonical":"https:\/\/glowpremium.fr\/en\/lightening-product\/magic-glow-2-lightening-milk\/","og_locale":"en_GB","og_type":"article","og_title":"Lait \u00e9claircissant intense  magic glow - Glow Premium","og_description":"\u00c9claircissant pour peaux fonc\u00e9esSoin \u00e9claircissant pour peaux m\u00e9tiss\u00e9esProduit de d\u00e9pigmentation pour peaux noires beaut\u00e9 de la peau teint claire","og_url":"https:\/\/glowpremium.fr\/en\/lightening-product\/magic-glow-2-lightening-milk\/","og_site_name":"Glow Premium","article_modified_time":"2024-11-15T13:56:45+00:00","og_image":[{"width":170,"height":347,"url":"https:\/\/glowpremium.fr\/wp-content\/uploads\/2024\/10\/Capture-decran-2021-07-17-a-15.30.17.png","type":"image\/png"}],"twitter_card":"summary_large_image","twitter_misc":{"Estimated reading time":"1 minute"},"schema":{"@context":"https:\/\/schema.org","@graph":[{"@type":"WebPage","@id":"https:\/\/glowpremium.fr\/produit-eclaircissant\/lait-eclaircissant-magic-glow-2\/","url":"https:\/\/glowpremium.fr\/produit-eclaircissant\/lait-eclaircissant-magic-glow-2\/","name":"Lait \u00e9claircissant intense magic glow - Glow Premium","isPartOf":{"@id":"https:\/\/glowpremium.fr\/#website"},"primaryImageOfPage":{"@id":"https:\/\/glowpremium.fr\/produit-eclaircissant\/lait-eclaircissant-magic-glow-2\/#primaryimage"},"image":{"@id":"https:\/\/glowpremium.fr\/produit-eclaircissant\/lait-eclaircissant-magic-glow-2\/#primaryimage"},"thumbnailUrl":"https:\/\/glowpremium.fr\/wp-content\/uploads\/2024\/10\/Capture-decran-2021-07-17-a-15.30.17.png","datePublished":"2024-10-28T13:30:37+00:00","dateModified":"2024-11-15T13:56:45+00:00","description":"\u00c9claircissant pour peaux fonc\u00e9esSoin \u00e9claircissant pour peaux m\u00e9tiss\u00e9esProduit de d\u00e9pigmentation pour peaux noires beaut\u00e9 de la peau teint claire","breadcrumb":{"@id":"https:\/\/glowpremium.fr\/produit-eclaircissant\/lait-eclaircissant-magic-glow-2\/#breadcrumb"},"inLanguage":"en-GB","potentialAction":[{"@type":"ReadAction","target":["https:\/\/glowpremium.fr\/produit-eclaircissant\/lait-eclaircissant-magic-glow-2\/"]}]},{"@type":"ImageObject","inLanguage":"en-GB","@id":"https:\/\/glowpremium.fr\/produit-eclaircissant\/lait-eclaircissant-magic-glow-2\/#primaryimage","url":"https:\/\/glowpremium.fr\/wp-content\/uploads\/2024\/10\/Capture-decran-2021-07-17-a-15.30.17.png","contentUrl":"https:\/\/glowpremium.fr\/wp-content\/uploads\/2024\/10\/Capture-decran-2021-07-17-a-15.30.17.png","width":170,"height":347},{"@type":"BreadcrumbList","@id":"https:\/\/glowpremium.fr\/produit-eclaircissant\/lait-eclaircissant-magic-glow-2\/#breadcrumb","itemListElement":[{"@type":"ListItem","position":1,"name":"Accueil","item":"https:\/\/glowpremium.fr\/"},{"@type":"ListItem","position":2,"name":"Boutique","item":"https:\/\/glowpremium.fr\/boutique-produits-eclaircissants\/"},{"@type":"ListItem","position":3,"name":"Lait \u00e9claircissant intense magic glow"}]},{"@type":"WebSite","@id":"https:\/\/glowpremium.fr\/#website","url":"https:\/\/glowpremium.fr\/","name":"Glow Premium","description":"","publisher":{"@id":"https:\/\/glowpremium.fr\/#organization"},"potentialAction":[{"@type":"SearchAction","target":{"@type":"EntryPoint","urlTemplate":"https:\/\/glowpremium.fr\/?s={search_term_string}"},"query-input":{"@type":"PropertyValueSpecification","valueRequired":true,"valueName":"search_term_string"}}],"inLanguage":"en-GB"},{"@type":"Organization","@id":"https:\/\/glowpremium.fr\/#organization","name":"Glow Premium","url":"https:\/\/glowpremium.fr\/","logo":{"@type":"ImageObject","inLanguage":"en-GB","@id":"https:\/\/glowpremium.fr\/#\/schema\/logo\/image\/","url":"https:\/\/glowpremium.fr\/wp-content\/uploads\/2024\/10\/screenshot_20241029_034909_chrome.jpg","contentUrl":"https:\/\/glowpremium.fr\/wp-content\/uploads\/2024\/10\/screenshot_20241029_034909_chrome.jpg","width":866,"height":937,"caption":"Glow Premium"},"image":{"@id":"https:\/\/glowpremium.fr\/#\/schema\/logo\/image\/"}}]}},"_links":{"self":[{"href":"https:\/\/glowpremium.fr\/en\/wp-json\/wp\/v2\/product\/5625","targetHints":{"allow":["GET"]}}],"collection":[{"href":"https:\/\/glowpremium.fr\/en\/wp-json\/wp\/v2\/product"}],"about":[{"href":"https:\/\/glowpremium.fr\/en\/wp-json\/wp\/v2\/types\/product"}],"replies":[{"embeddable":true,"href":"https:\/\/glowpremium.fr\/en\/wp-json\/wp\/v2\/comments?post=5625"}],"version-history":[{"count":2,"href":"https:\/\/glowpremium.fr\/en\/wp-json\/wp\/v2\/product\/5625\/revisions"}],"predecessor-version":[{"id":7613,"href":"https:\/\/glowpremium.fr\/en\/wp-json\/wp\/v2\/product\/5625\/revisions\/7613"}],"wp:featuredmedia":[{"embeddable":true,"href":"https:\/\/glowpremium.fr\/en\/wp-json\/wp\/v2\/media\/5624"}],"wp:attachment":[{"href":"https:\/\/glowpremium.fr\/en\/wp-json\/wp\/v2\/media?parent=5625"}],"wp:term":[{"taxonomy":"brand","embeddable":true,"href":"https:\/\/glowpremium.fr\/en\/wp-json\/wp\/v2\/etheme_brands?post=5625"},{"taxonomy":"product_brand","embeddable":true,"href":"https:\/\/glowpremium.fr\/en\/wp-json\/wp\/v2\/product_brand?post=5625"},{"taxonomy":"product_cat","embeddable":true,"href":"https:\/\/glowpremium.fr\/en\/wp-json\/wp\/v2\/product_cat?post=5625"},{"taxonomy":"product_tag","embeddable":true,"href":"https:\/\/glowpremium.fr\/en\/wp-json\/wp\/v2\/product_tag?post=5625"}],"curies":[{"name":"wp","href":"https:\/\/api.w.org\/{rel}","templated":true}]}}