{"id":5533,"date":"2024-10-28T14:29:42","date_gmt":"2024-10-28T13:29:42","guid":{"rendered":"https:\/\/glowpremium.fr\/produit-eclaircissant\/lait-corps-unifiant-hydratant-laboratoire-inoya-2\/"},"modified":"2024-10-28T14:29:42","modified_gmt":"2024-10-28T13:29:42","slug":"lait-corps-unifiant-hydratant-laboratoire-inoya-2","status":"publish","type":"product","link":"https:\/\/glowpremium.fr\/en\/lightening-product\/unifying-moisturising-body-lotion-laboratoire-inoya-2\/","title":{"rendered":"IN'OYA Laboratory Moisturising Body Milk"},"content":{"rendered":"<p><strong>How to use :<\/strong><\/p>\n<p>On the body, apply once a day to cleansed skin. Massage in with circular movements until completely absorbed. Use morning and evening.<\/p>\n<p><strong>Recommendation:<\/strong><\/p>\n<p>For external use only. Avoid contact with eyes. If irritation occurs, discontinue use. Keep out of reach of children.<\/p>\n<p><strong>Composition:<\/strong><\/p>\n<p>Water, Glycerin, Caprylic\/Capric Triglyceride, Butyrospermum Parkii (Shea) Butter, Glyceryl Stearate Citrate, Methylpropanediol, Glyceryl Stearate, Urea, Sesamum Indicum (Sesame) Seed Oil, Triticum Vulgare (Wheat) Germ Oil, Sodium Hyaluronate, Ceramide NP, Niacinamide, Arginine, Xylitol, Anhydroxylitol, Xylitylglucoside, Parfum (Fragrance), Sodium Benzoate, Carbomer, Sucrose Stearate, Xanthan Gum, Chlorphenesin, Linalool, Limonene, Polyglyceryl-10 Stearate, Hydrogenated Lecithin, Disodium EDTA, Citric Acid, Sodium Hydroxide.<\/p>","protected":false},"excerpt":{"rendered":"<p>IN'OYA Body Lotion is the perfect body treatment for black, dark and combination skin. The lotion contains active ingredients that nourish, protect and replenish lipids, which can hydrate the skin for up to 24 hours and strengthen its cutaneous barrier. It also contains a unifying active ingredient from patented IN'OYA technology, which illuminates and reveals the skin's natural radiance without lightening it. As a result, it helps to lighten all types of pigmentation spots. As well as quickly penetrating the skin without leaving an oily film, it can also leave skin soft, shiny and silky with a fine powdery fragrance. It has a capacity of 400 ml and can be used every day for several weeks.<\/p>","protected":false},"featured_media":5532,"comment_status":"open","ping_status":"closed","template":"","meta":[],"etheme_brands":[],"product_brand":[],"product_cat":[15],"product_tag":[],"class_list":{"0":"post-5533","1":"product","2":"type-product","3":"status-publish","4":"has-post-thumbnail","6":"product_cat-toutes-categories","8":"first","9":"instock","10":"shipping-taxable","11":"product-type-simple"},"yoast_head":"<!-- This site is optimized with the Yoast SEO plugin v26.7 - https:\/\/yoast.com\/wordpress\/plugins\/seo\/ -->\n<title>Lait corps Unifiant Hydratant Laboratoire IN&#039;OYA - Glow Premium<\/title>\n<meta name=\"robots\" content=\"index, follow, max-snippet:-1, max-image-preview:large, max-video-preview:-1\" \/>\n<link rel=\"canonical\" href=\"https:\/\/glowpremium.fr\/en\/lightening-product\/unifying-moisturising-body-lotion-laboratoire-inoya-2\/\" \/>\n<meta property=\"og:locale\" content=\"en_GB\" \/>\n<meta property=\"og:type\" content=\"article\" \/>\n<meta property=\"og:title\" content=\"Lait corps Unifiant Hydratant Laboratoire IN&#039;OYA - Glow Premium\" \/>\n<meta property=\"og:description\" content=\"La lotion pour le corps IN&#039;OYA est un soin corporel parfait pour les peaux noires, fonc\u00e9es et mixtes. Le lait contient des ingr\u00e9dients actifs qui nourrissent, prot\u00e8gent et reconstituent les lipides, qui peuvent hydrater la peau pendant 24 heures et renforcer sa barri\u00e8re cutan\u00e9e. Il contient \u00e9galement un actif unifiant issu de la technologie brevet\u00e9e IN&#039;OYA, qui illumine et r\u00e9v\u00e8le l&#039;\u00e9clat naturel de la peau sans l&#039;\u00e9claircir. Par cons\u00e9quent, il aide \u00e0 \u00e9claircir tous les types de taches pigmentaires. En plus de p\u00e9n\u00e9trer rapidement la peau sans laisser de film gras, il peut \u00e9galement rendre la peau douce, brillante et soyeuse avec un fin parfum poudr\u00e9. Il a une capacit\u00e9 de 400 ml et peut \u00eatre utilis\u00e9 tous les jours pendant plusieurs semaines.\" \/>\n<meta property=\"og:url\" content=\"https:\/\/glowpremium.fr\/en\/lightening-product\/unifying-moisturising-body-lotion-laboratoire-inoya-2\/\" \/>\n<meta property=\"og:site_name\" content=\"Glow Premium\" \/>\n<meta property=\"og:image\" content=\"https:\/\/glowpremium.fr\/wp-content\/uploads\/2024\/10\/mon-lait-corps-unifiant-hydratant-inoya.jpg\" \/>\n\t<meta property=\"og:image:width\" content=\"800\" \/>\n\t<meta property=\"og:image:height\" content=\"800\" \/>\n\t<meta property=\"og:image:type\" content=\"image\/jpeg\" \/>\n<meta name=\"twitter:card\" content=\"summary_large_image\" \/>\n<meta name=\"twitter:label1\" content=\"Estimated reading time\" \/>\n\t<meta name=\"twitter:data1\" content=\"1 minute\" \/>\n<script type=\"application\/ld+json\" class=\"yoast-schema-graph\">{\"@context\":\"https:\/\/schema.org\",\"@graph\":[{\"@type\":\"WebPage\",\"@id\":\"https:\/\/glowpremium.fr\/produit-eclaircissant\/lait-corps-unifiant-hydratant-laboratoire-inoya-2\/\",\"url\":\"https:\/\/glowpremium.fr\/produit-eclaircissant\/lait-corps-unifiant-hydratant-laboratoire-inoya-2\/\",\"name\":\"Lait corps Unifiant Hydratant Laboratoire IN'OYA - Glow Premium\",\"isPartOf\":{\"@id\":\"https:\/\/glowpremium.fr\/#website\"},\"primaryImageOfPage\":{\"@id\":\"https:\/\/glowpremium.fr\/produit-eclaircissant\/lait-corps-unifiant-hydratant-laboratoire-inoya-2\/#primaryimage\"},\"image\":{\"@id\":\"https:\/\/glowpremium.fr\/produit-eclaircissant\/lait-corps-unifiant-hydratant-laboratoire-inoya-2\/#primaryimage\"},\"thumbnailUrl\":\"https:\/\/glowpremium.fr\/wp-content\/uploads\/2024\/10\/mon-lait-corps-unifiant-hydratant-inoya.jpg\",\"datePublished\":\"2024-10-28T13:29:42+00:00\",\"breadcrumb\":{\"@id\":\"https:\/\/glowpremium.fr\/produit-eclaircissant\/lait-corps-unifiant-hydratant-laboratoire-inoya-2\/#breadcrumb\"},\"inLanguage\":\"en-GB\",\"potentialAction\":[{\"@type\":\"ReadAction\",\"target\":[\"https:\/\/glowpremium.fr\/produit-eclaircissant\/lait-corps-unifiant-hydratant-laboratoire-inoya-2\/\"]}]},{\"@type\":\"ImageObject\",\"inLanguage\":\"en-GB\",\"@id\":\"https:\/\/glowpremium.fr\/produit-eclaircissant\/lait-corps-unifiant-hydratant-laboratoire-inoya-2\/#primaryimage\",\"url\":\"https:\/\/glowpremium.fr\/wp-content\/uploads\/2024\/10\/mon-lait-corps-unifiant-hydratant-inoya.jpg\",\"contentUrl\":\"https:\/\/glowpremium.fr\/wp-content\/uploads\/2024\/10\/mon-lait-corps-unifiant-hydratant-inoya.jpg\",\"width\":800,\"height\":800},{\"@type\":\"BreadcrumbList\",\"@id\":\"https:\/\/glowpremium.fr\/produit-eclaircissant\/lait-corps-unifiant-hydratant-laboratoire-inoya-2\/#breadcrumb\",\"itemListElement\":[{\"@type\":\"ListItem\",\"position\":1,\"name\":\"Accueil\",\"item\":\"https:\/\/glowpremium.fr\/\"},{\"@type\":\"ListItem\",\"position\":2,\"name\":\"Boutique\",\"item\":\"https:\/\/glowpremium.fr\/boutique-produits-eclaircissants\/\"},{\"@type\":\"ListItem\",\"position\":3,\"name\":\"Lait corps Unifiant Hydratant Laboratoire IN&#8217;OYA\"}]},{\"@type\":\"WebSite\",\"@id\":\"https:\/\/glowpremium.fr\/#website\",\"url\":\"https:\/\/glowpremium.fr\/\",\"name\":\"Glow Premium\",\"description\":\"\",\"publisher\":{\"@id\":\"https:\/\/glowpremium.fr\/#organization\"},\"potentialAction\":[{\"@type\":\"SearchAction\",\"target\":{\"@type\":\"EntryPoint\",\"urlTemplate\":\"https:\/\/glowpremium.fr\/?s={search_term_string}\"},\"query-input\":{\"@type\":\"PropertyValueSpecification\",\"valueRequired\":true,\"valueName\":\"search_term_string\"}}],\"inLanguage\":\"en-GB\"},{\"@type\":\"Organization\",\"@id\":\"https:\/\/glowpremium.fr\/#organization\",\"name\":\"Glow Premium\",\"url\":\"https:\/\/glowpremium.fr\/\",\"logo\":{\"@type\":\"ImageObject\",\"inLanguage\":\"en-GB\",\"@id\":\"https:\/\/glowpremium.fr\/#\/schema\/logo\/image\/\",\"url\":\"https:\/\/glowpremium.fr\/wp-content\/uploads\/2024\/10\/screenshot_20241029_034909_chrome.jpg\",\"contentUrl\":\"https:\/\/glowpremium.fr\/wp-content\/uploads\/2024\/10\/screenshot_20241029_034909_chrome.jpg\",\"width\":866,\"height\":937,\"caption\":\"Glow Premium\"},\"image\":{\"@id\":\"https:\/\/glowpremium.fr\/#\/schema\/logo\/image\/\"}}]}<\/script>\n<!-- \/ Yoast SEO plugin. -->","yoast_head_json":{"title":"Lait corps Unifiant Hydratant Laboratoire IN'OYA - Glow Premium","robots":{"index":"index","follow":"follow","max-snippet":"max-snippet:-1","max-image-preview":"max-image-preview:large","max-video-preview":"max-video-preview:-1"},"canonical":"https:\/\/glowpremium.fr\/en\/lightening-product\/unifying-moisturising-body-lotion-laboratoire-inoya-2\/","og_locale":"en_GB","og_type":"article","og_title":"Lait corps Unifiant Hydratant Laboratoire IN'OYA - Glow Premium","og_description":"La lotion pour le corps IN'OYA est un soin corporel parfait pour les peaux noires, fonc\u00e9es et mixtes. Le lait contient des ingr\u00e9dients actifs qui nourrissent, prot\u00e8gent et reconstituent les lipides, qui peuvent hydrater la peau pendant 24 heures et renforcer sa barri\u00e8re cutan\u00e9e. Il contient \u00e9galement un actif unifiant issu de la technologie brevet\u00e9e IN'OYA, qui illumine et r\u00e9v\u00e8le l'\u00e9clat naturel de la peau sans l'\u00e9claircir. Par cons\u00e9quent, il aide \u00e0 \u00e9claircir tous les types de taches pigmentaires. En plus de p\u00e9n\u00e9trer rapidement la peau sans laisser de film gras, il peut \u00e9galement rendre la peau douce, brillante et soyeuse avec un fin parfum poudr\u00e9. Il a une capacit\u00e9 de 400 ml et peut \u00eatre utilis\u00e9 tous les jours pendant plusieurs semaines.","og_url":"https:\/\/glowpremium.fr\/en\/lightening-product\/unifying-moisturising-body-lotion-laboratoire-inoya-2\/","og_site_name":"Glow Premium","og_image":[{"width":800,"height":800,"url":"https:\/\/glowpremium.fr\/wp-content\/uploads\/2024\/10\/mon-lait-corps-unifiant-hydratant-inoya.jpg","type":"image\/jpeg"}],"twitter_card":"summary_large_image","twitter_misc":{"Estimated reading time":"1 minute"},"schema":{"@context":"https:\/\/schema.org","@graph":[{"@type":"WebPage","@id":"https:\/\/glowpremium.fr\/produit-eclaircissant\/lait-corps-unifiant-hydratant-laboratoire-inoya-2\/","url":"https:\/\/glowpremium.fr\/produit-eclaircissant\/lait-corps-unifiant-hydratant-laboratoire-inoya-2\/","name":"Lait corps Unifiant Hydratant Laboratoire IN'OYA - Glow Premium","isPartOf":{"@id":"https:\/\/glowpremium.fr\/#website"},"primaryImageOfPage":{"@id":"https:\/\/glowpremium.fr\/produit-eclaircissant\/lait-corps-unifiant-hydratant-laboratoire-inoya-2\/#primaryimage"},"image":{"@id":"https:\/\/glowpremium.fr\/produit-eclaircissant\/lait-corps-unifiant-hydratant-laboratoire-inoya-2\/#primaryimage"},"thumbnailUrl":"https:\/\/glowpremium.fr\/wp-content\/uploads\/2024\/10\/mon-lait-corps-unifiant-hydratant-inoya.jpg","datePublished":"2024-10-28T13:29:42+00:00","breadcrumb":{"@id":"https:\/\/glowpremium.fr\/produit-eclaircissant\/lait-corps-unifiant-hydratant-laboratoire-inoya-2\/#breadcrumb"},"inLanguage":"en-GB","potentialAction":[{"@type":"ReadAction","target":["https:\/\/glowpremium.fr\/produit-eclaircissant\/lait-corps-unifiant-hydratant-laboratoire-inoya-2\/"]}]},{"@type":"ImageObject","inLanguage":"en-GB","@id":"https:\/\/glowpremium.fr\/produit-eclaircissant\/lait-corps-unifiant-hydratant-laboratoire-inoya-2\/#primaryimage","url":"https:\/\/glowpremium.fr\/wp-content\/uploads\/2024\/10\/mon-lait-corps-unifiant-hydratant-inoya.jpg","contentUrl":"https:\/\/glowpremium.fr\/wp-content\/uploads\/2024\/10\/mon-lait-corps-unifiant-hydratant-inoya.jpg","width":800,"height":800},{"@type":"BreadcrumbList","@id":"https:\/\/glowpremium.fr\/produit-eclaircissant\/lait-corps-unifiant-hydratant-laboratoire-inoya-2\/#breadcrumb","itemListElement":[{"@type":"ListItem","position":1,"name":"Accueil","item":"https:\/\/glowpremium.fr\/"},{"@type":"ListItem","position":2,"name":"Boutique","item":"https:\/\/glowpremium.fr\/boutique-produits-eclaircissants\/"},{"@type":"ListItem","position":3,"name":"Lait corps Unifiant Hydratant Laboratoire IN&#8217;OYA"}]},{"@type":"WebSite","@id":"https:\/\/glowpremium.fr\/#website","url":"https:\/\/glowpremium.fr\/","name":"Glow Premium","description":"","publisher":{"@id":"https:\/\/glowpremium.fr\/#organization"},"potentialAction":[{"@type":"SearchAction","target":{"@type":"EntryPoint","urlTemplate":"https:\/\/glowpremium.fr\/?s={search_term_string}"},"query-input":{"@type":"PropertyValueSpecification","valueRequired":true,"valueName":"search_term_string"}}],"inLanguage":"en-GB"},{"@type":"Organization","@id":"https:\/\/glowpremium.fr\/#organization","name":"Glow Premium","url":"https:\/\/glowpremium.fr\/","logo":{"@type":"ImageObject","inLanguage":"en-GB","@id":"https:\/\/glowpremium.fr\/#\/schema\/logo\/image\/","url":"https:\/\/glowpremium.fr\/wp-content\/uploads\/2024\/10\/screenshot_20241029_034909_chrome.jpg","contentUrl":"https:\/\/glowpremium.fr\/wp-content\/uploads\/2024\/10\/screenshot_20241029_034909_chrome.jpg","width":866,"height":937,"caption":"Glow Premium"},"image":{"@id":"https:\/\/glowpremium.fr\/#\/schema\/logo\/image\/"}}]}},"_links":{"self":[{"href":"https:\/\/glowpremium.fr\/en\/wp-json\/wp\/v2\/product\/5533","targetHints":{"allow":["GET"]}}],"collection":[{"href":"https:\/\/glowpremium.fr\/en\/wp-json\/wp\/v2\/product"}],"about":[{"href":"https:\/\/glowpremium.fr\/en\/wp-json\/wp\/v2\/types\/product"}],"replies":[{"embeddable":true,"href":"https:\/\/glowpremium.fr\/en\/wp-json\/wp\/v2\/comments?post=5533"}],"version-history":[{"count":0,"href":"https:\/\/glowpremium.fr\/en\/wp-json\/wp\/v2\/product\/5533\/revisions"}],"wp:featuredmedia":[{"embeddable":true,"href":"https:\/\/glowpremium.fr\/en\/wp-json\/wp\/v2\/media\/5532"}],"wp:attachment":[{"href":"https:\/\/glowpremium.fr\/en\/wp-json\/wp\/v2\/media?parent=5533"}],"wp:term":[{"taxonomy":"brand","embeddable":true,"href":"https:\/\/glowpremium.fr\/en\/wp-json\/wp\/v2\/etheme_brands?post=5533"},{"taxonomy":"product_brand","embeddable":true,"href":"https:\/\/glowpremium.fr\/en\/wp-json\/wp\/v2\/product_brand?post=5533"},{"taxonomy":"product_cat","embeddable":true,"href":"https:\/\/glowpremium.fr\/en\/wp-json\/wp\/v2\/product_cat?post=5533"},{"taxonomy":"product_tag","embeddable":true,"href":"https:\/\/glowpremium.fr\/en\/wp-json\/wp\/v2\/product_tag?post=5533"}],"curies":[{"name":"wp","href":"https:\/\/api.w.org\/{rel}","templated":true}]}}