{"id":5401,"date":"2024-10-28T14:25:03","date_gmt":"2024-10-28T13:25:03","guid":{"rendered":"https:\/\/glowpremium.fr\/produit-eclaircissant\/lait-4x-eclaircissant-vitamine-c-gluta-extrait-mandarine\/"},"modified":"2024-11-21T13:10:11","modified_gmt":"2024-11-21T12:10:11","slug":"lait-4x-eclaircissant-vitamine-c-gluta-extrait-mandarine","status":"publish","type":"product","link":"https:\/\/glowpremium.fr\/en\/lightening-product\/4x-lightening-milk-vitamin-c-gluta-mandarin-extract\/","title":{"rendered":"Anti-feeling foot and hand care Teint Banane"},"content":{"rendered":"<div data-elementor-type=\"product-post\" data-elementor-id=\"5401\" class=\"elementor elementor-5401\" data-elementor-post-type=\"product\">\n\t\t\t\t\t\t<section class=\"elementor-section elementor-top-section elementor-element elementor-element-2aebc49a elementor-section-boxed elementor-section-height-default elementor-section-height-default\" data-id=\"2aebc49a\" data-element_type=\"section\">\n\t\t\t\t\t\t<div class=\"elementor-container elementor-column-gap-default\">\n\t\t\t\t\t<div class=\"elementor-column elementor-col-100 elementor-top-column elementor-element elementor-element-1fb8d515\" data-id=\"1fb8d515\" data-element_type=\"column\">\n\t\t\t<div class=\"elementor-widget-wrap elementor-element-populated\">\n\t\t\t\t\t\t<div class=\"elementor-element elementor-element-1320c2ee elementor-widget elementor-widget-text-editor\" data-id=\"1320c2ee\" data-element_type=\"widget\" data-widget_type=\"text-editor.default\">\n\t\t\t\t<div class=\"elementor-widget-container\">\n\t\t\t\t\t\t\t\t\t<p><strong>How to use :\n<p>&nbsp;Use cotton wool after bathing, paying particular attention to rough areas.\n<p><strong>Recommendation:\n<p>For external use only, avoid contact with eyes. If irritation occurs, discontinue use.&nbsp;\n<p><strong>Composition.acids glycolic arutin ,<b>enzymatic complex.\t\t\t\t\t\t\t\t<\/div>\n\t\t\t\t<\/div>\n\t\t\t\t\t<\/div>\n\t\t<\/div>\n\t\t\t\t\t<\/div>\n\t\t<\/section>\n\t\t\t\t<\/div>","protected":false},"excerpt":{"rendered":"<p>Anti-dark spot alda . Its whitening properties deep cleans your skin's spots, whitens it and cleanses the pores for better absorption. Its moisturising effect softens the skin, purifies it and reduces the effect of sebum; quickly removes pigmentation marks such as spots; evens out your complexion and gives you a fresh look throughout the day.<\/p>","protected":false},"featured_media":5830,"comment_status":"open","ping_status":"closed","template":"","meta":[],"etheme_brands":[],"product_brand":[],"product_cat":[95,92,93],"product_tag":[],"class_list":{"0":"post-5401","1":"product","2":"type-product","3":"status-publish","4":"has-post-thumbnail","6":"product_cat-anti-taches-et-quintos-clarifiants-blanchissants","7":"product_cat-clarifiants-blanchissants","8":"product_cat-concentres-eclaircissants-clarifiants-blanchissants","10":"first","11":"instock","12":"shipping-taxable","13":"product-type-simple"},"yoast_head":"<!-- This site is optimized with the Yoast SEO plugin v26.7 - https:\/\/yoast.com\/wordpress\/plugins\/seo\/ -->\n<title>Anti-quintaux pieds et Mains Teint Banane - Glow Premium<\/title>\n<meta name=\"robots\" content=\"index, follow, max-snippet:-1, max-image-preview:large, max-video-preview:-1\" \/>\n<link rel=\"canonical\" href=\"https:\/\/glowpremium.fr\/en\/lightening-product\/4x-lightening-milk-vitamin-c-gluta-mandarin-extract\/\" \/>\n<meta property=\"og:locale\" content=\"en_GB\" \/>\n<meta property=\"og:type\" content=\"article\" \/>\n<meta property=\"og:title\" content=\"Anti-quintaux pieds et Mains Teint Banane - Glow Premium\" \/>\n<meta property=\"og:description\" content=\"Anti-quintaux alda . Ses propri\u00e9t\u00e9s blanchissant nettoie en profondeur les t\u00e2ches de votre peau, la blanchit, nettoie les pores permettant la meilleur absorption . Son effet hydratant, adoucit la peau, la purifie et r\u00e9duit l&#039;effet de s\u00e9bum.Supprime rapidement t\u00e2ches pigmentaires tels que les quintaux.;\u00a0unifie votre teint en vous procurant une fra\u00eecheur pendant la journ\u00e9e\" \/>\n<meta property=\"og:url\" content=\"https:\/\/glowpremium.fr\/en\/lightening-product\/4x-lightening-milk-vitamin-c-gluta-mandarin-extract\/\" \/>\n<meta property=\"og:site_name\" content=\"Glow Premium\" \/>\n<meta property=\"article:modified_time\" content=\"2024-11-21T12:10:11+00:00\" \/>\n<meta property=\"og:image\" content=\"https:\/\/glowpremium.fr\/wp-content\/uploads\/2024\/10\/PhotoRoom_20220224_112836.jpg\" \/>\n\t<meta property=\"og:image:width\" content=\"1992\" \/>\n\t<meta property=\"og:image:height\" content=\"1831\" \/>\n\t<meta property=\"og:image:type\" content=\"image\/jpeg\" \/>\n<meta name=\"twitter:card\" content=\"summary_large_image\" \/>\n<meta name=\"twitter:label1\" content=\"Estimated reading time\" \/>\n\t<meta name=\"twitter:data1\" content=\"1 minute\" \/>\n<script type=\"application\/ld+json\" class=\"yoast-schema-graph\">{\"@context\":\"https:\/\/schema.org\",\"@graph\":[{\"@type\":\"WebPage\",\"@id\":\"https:\/\/glowpremium.fr\/produit-eclaircissant\/lait-4x-eclaircissant-vitamine-c-gluta-extrait-mandarine\/\",\"url\":\"https:\/\/glowpremium.fr\/produit-eclaircissant\/lait-4x-eclaircissant-vitamine-c-gluta-extrait-mandarine\/\",\"name\":\"Anti-quintaux pieds et Mains Teint Banane - Glow Premium\",\"isPartOf\":{\"@id\":\"https:\/\/glowpremium.fr\/#website\"},\"primaryImageOfPage\":{\"@id\":\"https:\/\/glowpremium.fr\/produit-eclaircissant\/lait-4x-eclaircissant-vitamine-c-gluta-extrait-mandarine\/#primaryimage\"},\"image\":{\"@id\":\"https:\/\/glowpremium.fr\/produit-eclaircissant\/lait-4x-eclaircissant-vitamine-c-gluta-extrait-mandarine\/#primaryimage\"},\"thumbnailUrl\":\"https:\/\/glowpremium.fr\/wp-content\/uploads\/2024\/10\/PhotoRoom_20220224_112836.jpg\",\"datePublished\":\"2024-10-28T13:25:03+00:00\",\"dateModified\":\"2024-11-21T12:10:11+00:00\",\"breadcrumb\":{\"@id\":\"https:\/\/glowpremium.fr\/produit-eclaircissant\/lait-4x-eclaircissant-vitamine-c-gluta-extrait-mandarine\/#breadcrumb\"},\"inLanguage\":\"en-GB\",\"potentialAction\":[{\"@type\":\"ReadAction\",\"target\":[\"https:\/\/glowpremium.fr\/produit-eclaircissant\/lait-4x-eclaircissant-vitamine-c-gluta-extrait-mandarine\/\"]}]},{\"@type\":\"ImageObject\",\"inLanguage\":\"en-GB\",\"@id\":\"https:\/\/glowpremium.fr\/produit-eclaircissant\/lait-4x-eclaircissant-vitamine-c-gluta-extrait-mandarine\/#primaryimage\",\"url\":\"https:\/\/glowpremium.fr\/wp-content\/uploads\/2024\/10\/PhotoRoom_20220224_112836.jpg\",\"contentUrl\":\"https:\/\/glowpremium.fr\/wp-content\/uploads\/2024\/10\/PhotoRoom_20220224_112836.jpg\",\"width\":1992,\"height\":1831},{\"@type\":\"BreadcrumbList\",\"@id\":\"https:\/\/glowpremium.fr\/produit-eclaircissant\/lait-4x-eclaircissant-vitamine-c-gluta-extrait-mandarine\/#breadcrumb\",\"itemListElement\":[{\"@type\":\"ListItem\",\"position\":1,\"name\":\"Accueil\",\"item\":\"https:\/\/glowpremium.fr\/\"},{\"@type\":\"ListItem\",\"position\":2,\"name\":\"Boutique\",\"item\":\"https:\/\/glowpremium.fr\/boutique-produits-eclaircissants\/\"},{\"@type\":\"ListItem\",\"position\":3,\"name\":\"Anti-quintaux pieds et Mains Teint Banane\"}]},{\"@type\":\"WebSite\",\"@id\":\"https:\/\/glowpremium.fr\/#website\",\"url\":\"https:\/\/glowpremium.fr\/\",\"name\":\"Glow Premium\",\"description\":\"\",\"publisher\":{\"@id\":\"https:\/\/glowpremium.fr\/#organization\"},\"potentialAction\":[{\"@type\":\"SearchAction\",\"target\":{\"@type\":\"EntryPoint\",\"urlTemplate\":\"https:\/\/glowpremium.fr\/?s={search_term_string}\"},\"query-input\":{\"@type\":\"PropertyValueSpecification\",\"valueRequired\":true,\"valueName\":\"search_term_string\"}}],\"inLanguage\":\"en-GB\"},{\"@type\":\"Organization\",\"@id\":\"https:\/\/glowpremium.fr\/#organization\",\"name\":\"Glow Premium\",\"url\":\"https:\/\/glowpremium.fr\/\",\"logo\":{\"@type\":\"ImageObject\",\"inLanguage\":\"en-GB\",\"@id\":\"https:\/\/glowpremium.fr\/#\/schema\/logo\/image\/\",\"url\":\"https:\/\/glowpremium.fr\/wp-content\/uploads\/2024\/10\/screenshot_20241029_034909_chrome.jpg\",\"contentUrl\":\"https:\/\/glowpremium.fr\/wp-content\/uploads\/2024\/10\/screenshot_20241029_034909_chrome.jpg\",\"width\":866,\"height\":937,\"caption\":\"Glow Premium\"},\"image\":{\"@id\":\"https:\/\/glowpremium.fr\/#\/schema\/logo\/image\/\"}}]}<\/script>\n<!-- \/ Yoast SEO plugin. -->","yoast_head_json":{"title":"Anti-quintaux pieds et Mains Teint Banane - Glow Premium","robots":{"index":"index","follow":"follow","max-snippet":"max-snippet:-1","max-image-preview":"max-image-preview:large","max-video-preview":"max-video-preview:-1"},"canonical":"https:\/\/glowpremium.fr\/en\/lightening-product\/4x-lightening-milk-vitamin-c-gluta-mandarin-extract\/","og_locale":"en_GB","og_type":"article","og_title":"Anti-quintaux pieds et Mains Teint Banane - Glow Premium","og_description":"Anti-quintaux alda . Ses propri\u00e9t\u00e9s blanchissant nettoie en profondeur les t\u00e2ches de votre peau, la blanchit, nettoie les pores permettant la meilleur absorption . Son effet hydratant, adoucit la peau, la purifie et r\u00e9duit l'effet de s\u00e9bum.Supprime rapidement t\u00e2ches pigmentaires tels que les quintaux.;\u00a0unifie votre teint en vous procurant une fra\u00eecheur pendant la journ\u00e9e","og_url":"https:\/\/glowpremium.fr\/en\/lightening-product\/4x-lightening-milk-vitamin-c-gluta-mandarin-extract\/","og_site_name":"Glow Premium","article_modified_time":"2024-11-21T12:10:11+00:00","og_image":[{"width":1992,"height":1831,"url":"https:\/\/glowpremium.fr\/wp-content\/uploads\/2024\/10\/PhotoRoom_20220224_112836.jpg","type":"image\/jpeg"}],"twitter_card":"summary_large_image","twitter_misc":{"Estimated reading time":"1 minute"},"schema":{"@context":"https:\/\/schema.org","@graph":[{"@type":"WebPage","@id":"https:\/\/glowpremium.fr\/produit-eclaircissant\/lait-4x-eclaircissant-vitamine-c-gluta-extrait-mandarine\/","url":"https:\/\/glowpremium.fr\/produit-eclaircissant\/lait-4x-eclaircissant-vitamine-c-gluta-extrait-mandarine\/","name":"Anti-quintaux pieds et Mains Teint Banane - Glow Premium","isPartOf":{"@id":"https:\/\/glowpremium.fr\/#website"},"primaryImageOfPage":{"@id":"https:\/\/glowpremium.fr\/produit-eclaircissant\/lait-4x-eclaircissant-vitamine-c-gluta-extrait-mandarine\/#primaryimage"},"image":{"@id":"https:\/\/glowpremium.fr\/produit-eclaircissant\/lait-4x-eclaircissant-vitamine-c-gluta-extrait-mandarine\/#primaryimage"},"thumbnailUrl":"https:\/\/glowpremium.fr\/wp-content\/uploads\/2024\/10\/PhotoRoom_20220224_112836.jpg","datePublished":"2024-10-28T13:25:03+00:00","dateModified":"2024-11-21T12:10:11+00:00","breadcrumb":{"@id":"https:\/\/glowpremium.fr\/produit-eclaircissant\/lait-4x-eclaircissant-vitamine-c-gluta-extrait-mandarine\/#breadcrumb"},"inLanguage":"en-GB","potentialAction":[{"@type":"ReadAction","target":["https:\/\/glowpremium.fr\/produit-eclaircissant\/lait-4x-eclaircissant-vitamine-c-gluta-extrait-mandarine\/"]}]},{"@type":"ImageObject","inLanguage":"en-GB","@id":"https:\/\/glowpremium.fr\/produit-eclaircissant\/lait-4x-eclaircissant-vitamine-c-gluta-extrait-mandarine\/#primaryimage","url":"https:\/\/glowpremium.fr\/wp-content\/uploads\/2024\/10\/PhotoRoom_20220224_112836.jpg","contentUrl":"https:\/\/glowpremium.fr\/wp-content\/uploads\/2024\/10\/PhotoRoom_20220224_112836.jpg","width":1992,"height":1831},{"@type":"BreadcrumbList","@id":"https:\/\/glowpremium.fr\/produit-eclaircissant\/lait-4x-eclaircissant-vitamine-c-gluta-extrait-mandarine\/#breadcrumb","itemListElement":[{"@type":"ListItem","position":1,"name":"Accueil","item":"https:\/\/glowpremium.fr\/"},{"@type":"ListItem","position":2,"name":"Boutique","item":"https:\/\/glowpremium.fr\/boutique-produits-eclaircissants\/"},{"@type":"ListItem","position":3,"name":"Anti-quintaux pieds et Mains Teint Banane"}]},{"@type":"WebSite","@id":"https:\/\/glowpremium.fr\/#website","url":"https:\/\/glowpremium.fr\/","name":"Glow Premium","description":"","publisher":{"@id":"https:\/\/glowpremium.fr\/#organization"},"potentialAction":[{"@type":"SearchAction","target":{"@type":"EntryPoint","urlTemplate":"https:\/\/glowpremium.fr\/?s={search_term_string}"},"query-input":{"@type":"PropertyValueSpecification","valueRequired":true,"valueName":"search_term_string"}}],"inLanguage":"en-GB"},{"@type":"Organization","@id":"https:\/\/glowpremium.fr\/#organization","name":"Glow Premium","url":"https:\/\/glowpremium.fr\/","logo":{"@type":"ImageObject","inLanguage":"en-GB","@id":"https:\/\/glowpremium.fr\/#\/schema\/logo\/image\/","url":"https:\/\/glowpremium.fr\/wp-content\/uploads\/2024\/10\/screenshot_20241029_034909_chrome.jpg","contentUrl":"https:\/\/glowpremium.fr\/wp-content\/uploads\/2024\/10\/screenshot_20241029_034909_chrome.jpg","width":866,"height":937,"caption":"Glow Premium"},"image":{"@id":"https:\/\/glowpremium.fr\/#\/schema\/logo\/image\/"}}]}},"_links":{"self":[{"href":"https:\/\/glowpremium.fr\/en\/wp-json\/wp\/v2\/product\/5401","targetHints":{"allow":["GET"]}}],"collection":[{"href":"https:\/\/glowpremium.fr\/en\/wp-json\/wp\/v2\/product"}],"about":[{"href":"https:\/\/glowpremium.fr\/en\/wp-json\/wp\/v2\/types\/product"}],"replies":[{"embeddable":true,"href":"https:\/\/glowpremium.fr\/en\/wp-json\/wp\/v2\/comments?post=5401"}],"version-history":[{"count":2,"href":"https:\/\/glowpremium.fr\/en\/wp-json\/wp\/v2\/product\/5401\/revisions"}],"predecessor-version":[{"id":7713,"href":"https:\/\/glowpremium.fr\/en\/wp-json\/wp\/v2\/product\/5401\/revisions\/7713"}],"wp:featuredmedia":[{"embeddable":true,"href":"https:\/\/glowpremium.fr\/en\/wp-json\/wp\/v2\/media\/5830"}],"wp:attachment":[{"href":"https:\/\/glowpremium.fr\/en\/wp-json\/wp\/v2\/media?parent=5401"}],"wp:term":[{"taxonomy":"brand","embeddable":true,"href":"https:\/\/glowpremium.fr\/en\/wp-json\/wp\/v2\/etheme_brands?post=5401"},{"taxonomy":"product_brand","embeddable":true,"href":"https:\/\/glowpremium.fr\/en\/wp-json\/wp\/v2\/product_brand?post=5401"},{"taxonomy":"product_cat","embeddable":true,"href":"https:\/\/glowpremium.fr\/en\/wp-json\/wp\/v2\/product_cat?post=5401"},{"taxonomy":"product_tag","embeddable":true,"href":"https:\/\/glowpremium.fr\/en\/wp-json\/wp\/v2\/product_tag?post=5401"}],"curies":[{"name":"wp","href":"https:\/\/api.w.org\/{rel}","templated":true}]}}