{"id":3,"date":"2024-10-23T10:46:28","date_gmt":"2024-10-23T08:46:28","guid":{"rendered":"https:\/\/glowpremium.fr\/?page_id=3"},"modified":"2024-12-13T11:24:19","modified_gmt":"2024-12-13T10:24:19","slug":"mentions-legales","status":"publish","type":"page","link":"https:\/\/glowpremium.fr\/en\/legal-information\/","title":{"rendered":"Legal information"},"content":{"rendered":"<h2 data-pm-slice=\"1 1 []\">Site publisher<\/h2>\n<p>Nguemadon Fiardet Laurette<\/p>\n<p>8 rue de l'ancien octroi vesoul 70000<\/p>\n<p>Registration number: 800760329500013 Email :<a href=\"mailto:laurette.fiardet@laposte.net\">laurette.fiardet@laposte.net<\/a>\u00a0Telephone: 06 69 26 95 56<\/p>\n<p>The Products presented on this site are offered for sale in the following territories:<\/p>\n<p>Overseas, USA, Canada, Europe.<br \/>\nLegal form: Sole trader<br \/>\nPrincipal activity: Distance selling from specialised catalogues (NAF\/APE Code: 47.91B)<br \/>\nPublication manager: Nguemadon Fiardet Laurette<\/p>\n<h3>Information Technology and Civil Liberties<\/h3>\n<p>In accordance with the French Data Protection Act no. 78-17 of 6 January 1978, any user with directly or indirectly nominative information on this site has the right to access, rectify and delete this data. To exercise this right, please contact the site administrator at the address given above.<\/p>\n<h3>Hypertext links<\/h3>\n<p>External sites with a hypertext link to this site are not under the control of <strong>FIARDET LAURETTE<\/strong>which declines all responsibility for their content. The user is solely responsible for their use.<\/p>\n<h3>Liability<\/h3>\n<p>By accessing this site, you are informed that use of the Internet requires compliance with a set of laws relating in particular to copyright and the Data Protection Act. <strong>FIARDET LAURETTE<\/strong> cannot be held liable for any errors or omissions in the content presented on this site. The publisher also reserves the right to modify and update the information on the site at any time.<\/p>\n<h3>Copyright<\/h3>\n<p>In accordance with the French Intellectual Property Code, any reproduction, other than for private use, of the data presented on this site (text, images, illustrations, presentation, layout of the site) is strictly prohibited without prior written authorisation from <strong>FIARDET LAURETTE<\/strong>.<\/p>\n<p>If you have any questions, please contact <strong>FIARDET LAURETTE<\/strong> at the above address.<\/p>\n<h3>PROTECTION OF PERSONAL DATA<\/h3>\n<h3>Identity of the data controller<\/h3>\n<p>The Site is published by the operating company whose contact details are given above.<br \/>\nAccess to the website and use of its content are subject to the terms of use described below.<\/p>\n<h3>Nature of personal data<\/h3>\n<p>Personal data\" means any personal information that you may share with the operating company and that may enable the latter, directly or indirectly, to identify you as a natural person, for example when you visit the website, request information or book a room or other service.<\/p>\n<h3>The personal data collected<\/h3>\n<p>You may be asked to provide your personal data when you browse the website of the operating company.<\/p>\n<p>The compulsory or optional nature of the information requested is indicated at the time of collection by an asterisk \"*\". Information marked with an asterisk is compulsory because it is essential for us to process your various requests. The other information is intended to help us get to know you better and improve the services we offer. It is therefore optional.<\/p>\n<p>The operating company collects and processes your surname, first name, email address, billing address, telephone number, IP address, connection and browsing data, your preferences and interests (non-smoking room, preferred room, type of stay, etc.) and your online reviews.<\/p>\n<h3>When is your personal data collected?<\/h3>\n<ul>\n<li>You browse the website (IP address and Cookies) and consult products or services;<\/li>\n<li>You can send the operating company your observations\/comments in certain sections, via questionnaires or contact forms, or via the official page of the operating company's social networks;<\/li>\n<li>You send the operating company an e-mail message ;<\/li>\n<li>Subscribe to the newsletter mailing list;<\/li>\n<li>You share a page or an offer by sending an email or via a social network;<\/li>\n<li>You complete a satisfaction questionnaire;<\/li>\n<li>You request a quote.<\/li>\n<\/ul>\n<h3>Data storage<\/h3>\n<p>The information collected is stored in our various reservation systems on secure, SSL-certified databases.<\/p>\n<p>This database includes guests' names, addresses, telephone numbers, job titles, company names and credit card details. We may also record other information such as your room, meal, beverage and other service preferences, as well as the history of your stay with us.<\/p>\n<h3>Purpose of data collection by the operating company<\/h3>\n<p>Through the website, the operating company collects information about you that is strictly necessary for the following purposes:<\/p>\n<ol>\n<li>In order to manage your requests for information and reservations, as well as any loyalty programme;<\/li>\n<li>To improve and personalise the company's services and make it easier for you to navigate the website;<\/li>\n<li>To manage and monitor all customer relations;<\/li>\n<li>Manage subscriptions to news and promotional offers from the operating company (newsletter);<\/li>\n<li>To manage all your access requests in accordance with current legislation;<\/li>\n<li>Managing unpaid bills and disputes;<\/li>\n<li>Handle applications for any of the operating company's job vacancies that have come to your attention, or any unsolicited applications;<\/li>\n<li>Measuring quality and satisfaction.<\/li>\n<\/ol>\n<p>If you do not provide the required information, your request will not be processed.<\/p>\n<h2>Commitments made by the operating company with regard to the protection of personal data<\/h2>\n<h3>Transparency and purpose :<\/h3>\n<p>No personal data is or will be collected without your knowledge. The optional or compulsory nature of the information to be communicated to the operating company as part of the data collection carried out on the website will be indicated to you in advance by the presence of the asterisk symbol \"*\". The operating company collects and processes your personal data solely for the purposes described in this Legal Notice.<\/p>\n<h3>Proportionality and relevance :<\/h3>\n<p>The operating company only collects and processes the personal data required to process your request or to personalise the services offered to you.<\/p>\n<h3>Data storage time :<\/h3>\n<p>The operating company will only keep your personal data for as long as is necessary to process it in accordance with applicable law.<\/p>\n<h3>Security and confidentiality :<\/h3>\n<p>The operating company undertakes to take the necessary measures to guarantee the confidentiality of the data and not to disclose it to unauthorised third parties.<\/p>\n<p>We may be required to pass on your personal information to local authorities if this is required by law or as part of an investigation and in accordance with local regulations.<\/p>\n<p>Like most websites, certain information is automatically recorded via a protocol. This information includes protocol addresses (IP address), type of browser used, Internet service provider, reference and end pages, operating system, date, time and Clickstream data.<\/p>\n<p>Cookies do not record information provided by users during an online booking or when registering a customer account. Cookies identify your browser rather than you and cannot by themselves reveal your identity.<\/p>\n<h3>Respecting your rights :<\/h3>\n<p>You are informed of your right to query, access, rectify and object on legitimate grounds, as well as your right to object to commercial canvassing in accordance with the provisions of law no. 78-17 of 6 January 1978.<\/p>\n<h3>Rights of access, rectification and opposition :<\/h3>\n<p>In accordance with French Law No. 78-17 of 6 January 1978 on Data Processing, Data Files and Individual Liberties, you have the right to access and rectify any information held about you, on written request.<br \/>\nYou may also, for legitimate reasons, object to the processing of your data.<\/p>\n<p>To exercise any of these rights and obtain information about you, simply contact the operating company, whose contact details can be found at the beginning of this Legal Notice.<\/p>\n<h2>COOKIES<\/h2>\n<p>When you visit the website, certain information relating to the browsing of your terminal may be recorded in files called \"cookies\" installed on your terminal, subject to the choices you have made concerning cookies and which you may modify at any time.<\/p>\n<p>A cookie is a small text file stored in a dedicated space on your terminal's hard drive when you use your browser to consult an online service. It enables the sender to identify the terminal in which it is stored for the duration of the cookie's validity or storage.<\/p>\n<p>The cookies issued by the operating company are used for the purposes described below, for the duration of the validity of the cookie concerned, subject to your choices, which result from the settings of your browser software used when you visit the website and which you can change at any time.<\/p>\n<p>Cookies from partner companies (third-party cookies) may be placed on your computer via the pages of the website<\/p>\n<p>Only the sender of a cookie is likely to read or modify the information contained in it.<\/p>\n<p>Different types of cookies are used on the website for different purposes. Some are necessary for your use of the website.<\/p>\n<h3>Analytical cookies<\/h3>\n<p>These are cookies that enable the operating company :<\/p>\n<ul>\n<li>to generate statistics on the various elements making up the website (sections and content visited, path taken) in order to improve the browsing experience offered;<\/li>\n<li>to count the total number of advertisements displayed by it on its advertising spaces, to identify these advertisements, the number of times they are displayed, the number of clicks and browsing information.<\/li>\n<\/ul>\n<p><u>Example of analytical cookies<\/u><\/p>\n<ul>\n<li>GA Analytics: recording of browsing data<\/li>\n<li>utm Analytics: recording of browsing data<\/li>\n<li>Campaign: recording of browsing data for advertising campaigns<\/li>\n<\/ul>\n<h3>Social network cookies and plug-ins (social buttons)<\/h3>\n<p>The operating company may include on the website tools for sharing content with other people or for informing these other people of your consultation or opinion concerning content on our site. This is particularly the case for \"Share\" and \"Like\" buttons from social networks such as Facebook, Twitter, etc.<\/p>\n<p>The operating company has no control over the process used by social networks to collect information.<\/p>\n<ul>\n<li>Facebook Connect: connect using your Facebook account<\/li>\n<li>Facebook Social Graph: sharing the page on Facebook<\/li>\n<li>Pinterest: share the page on Pinterest<\/li>\n<li>Linkedin: share the page on Linkedin<\/li>\n<li>Instagram: sharing the page on Instagram<\/li>\n<\/ul>\n<h3>Cookies and machine identifiers for secure transactions<\/h3>\n<p>We inform you that when you place an order, the operating company, or its service providers acting on its behalf, may place cookies or collect information relating to your terminal, in particular the information (technical security attributes) required to recognise your equipment (computer, tablet or mobile phone) in order to identify your equipment for the purposes of securing transactions in your interest.<\/p>\n<h3>Advertising cookies<\/h3>\n<p>The advertising content (graphics, animations, videos, etc.) displayed in the operating company's advertising spaces may contain cookies issued by third parties which, during the period of validity of the cookies, may be used to count clicks and to offer you the most appropriate advertising according to your browsing behaviour, centres of interest and preferences.<\/p>\n<p>The refusal of advertising cookies has no impact on the use of the site and will not lead to the cessation of advertising on the site or on the Internet. The only effect will be to display advertising that does not take account of your centres of interest or preferences.<\/p>\n<p>These cookies depend mainly on the advertising agencies. We cannot list them all here:<\/p>\n<ul>\n<li>AdWords: purchase of sponsored keywords displayed on Google<\/li>\n<li>Facebook Custom Audience<\/li>\n<li>targeted advertising: recording of browsing patterns<\/li>\n<\/ul>\n<h3>Targeted advertising<\/h3>\n<p>The site may contain cookies issued by third parties (advertising agencies and tools) and may enable them, during the period of validity of the cookie, to collect browsing data relating to devices connecting to our sites and to offer you advertising content likely to correspond to your previous browsing on the site.<\/p>\n<p>Under no circumstances will the collection of this data enable these service providers to identify you personally. Your surname, first name, user name, postal address, e-mail address and password will under no circumstances be communicated to third parties without your prior and explicit consent.<\/p>\n<h3>Your choices concerning cookies<\/h3>\n<p>You have several options for managing cookies. Any settings you make may affect your Internet browsing experience and your conditions of access to certain services requiring the use of cookies.<\/p>\n<h3>The choices offered to you by your browser software<\/h3>\n<p>You can customise your web browser (Google Chrome, Internet Explorer, Mozilla Firefox, etc.) so that cookies are stored on your terminal or, on the contrary, are refused.<\/p>\n<h3>Refusing cookies<\/h3>\n<p>If you refuse to accept cookies, certain functions, such as identification \/ connection to your personal space, or personalisation of your browsing (choice of preferred language, for example) will no longer be available.<\/p>\n<p>The operating company declines all responsibility for the consequences of the degraded operation of its services and functions due to the refusal of the cookie.<\/p>\n<h3>How do you exercise your choices, depending on the browser you use?<\/h3>\n<p>To manage cookies and your choices, the configuration of each browser is different. This is described in your browser's help menu, which will tell you how to modify your cookie preferences.<\/p>\n<p><u>For Internet Explorer\u2122 :<\/u><\/p>\n<p><em>https:\/\/support.microsoft.com\/fr-fr\/help\/17442\/windows-internet-explorer-delete-manage-cookies<\/em><br \/>\nor<\/p>\n<p>In Internet Explorer, click on the Tools button, then on Internet Options. On the General tab, under Browsing History, click on Settings. Click on the Show files button. Click on the Name column heading to sort all files alphabetically, then scroll down the list until you see files beginning with the prefix \"Cookie\" (all cookies have this prefix and usually contain the name of the website that created the cookie). Select the cookie(s) containing the name of the operating company and delete them. Close the window containing the list of files, then click OK twice to return to Internet Explorer.<\/p>\n<p><u>For Safari\u2122:<\/u><\/p>\n<p><em>https:\/\/support.apple.com\/?path=Safari\/3.0\/fr\/9277.html<\/em><br \/>\nOr<br \/>\nIn your browser, choose Edit &gt; Preferences. Click on Security. Click on Show Cookies. Select the cookies containing the name of the operating company and click on Delete or Delete All. Once you have deleted the cookies, click on Done.<\/p>\n<p><u>For Chrome\u2122:<\/u><\/p>\n<p><em>https:\/\/support.google.com\/chrome\/answer\/95647?hl=fr&amp;hlrm=en<\/em><br \/>\nOr<br \/>\nOpen Google Chrome. On the browser toolbar, click More. Position your cursor on More tools, then click on Clear browsing data. In the \"Clear browsing data\" window, tick the Cookies and data from other sites or plug-ins and Images and cached files boxes. Use the menu at the top to select the amount of data you wish to delete. Select From Start to delete everything. Click on \"Delete browsing data\".<\/p>\n<p><u>For Firefox\u2122:<\/u><\/p>\n<p><em>https:\/\/support.mozilla.org\/fr\/kb\/activer-desactiver-cookies-preferences<\/em><br \/>\nOr<br \/>\nGo to the \"Tools\" tab on your browser and select the \"Options\" menu. In the window that appears, select \"Privacy\" and click on \"Delete specific cookies\". Locate the files containing the name of the operating company. Select them and delete them.<\/p>\n<h3>For more information on cookies<\/h3>\n<p>The operating company invites you to consult the CNIL website at the following address:\u00a0<em>https:\/\/www.cnil.fr\/fr\/cookies-les-outils-pour-les-maitriser<\/em><\/p>\n<h3>Referral to the Consumer Ombudsman<\/h3>\n<p>In accordance with Articles L. 616-1 and R. 111-1 6\u00b0 of the Consumer Code, the customer is entitled to refer the matter free of charge to the Tourism and Travel Ombudsman, whose contact details are currently as follows:<br \/>\nTourism and travel mediator,<br \/>\nMTV Mediation Tourism Travel<br \/>\nBP 80 303<br \/>\n75823 Paris Cedex 17<\/p>\n<p>Site design<\/p>\n<p><a href=\"https:\/\/www.france-webdesign.com\/\">France Web Design<\/a><br \/>\n128, rue de la bo\u00e9tie<br \/>\n75008 PARIS<\/p>\n<p><a href=\"https:\/\/hotel-webdesign.com\/\">Hotel restaurant website design<\/a>\u00a0|\u00a0<a href=\"https:\/\/hotel-webdesign.com\/\">Hotel Web Design<\/a>\u00a0|\u00a0<a href=\"https:\/\/www.france-webdesign.com\/\">France Web Design<\/a>\u00a0|\u00a0<a href=\"https:\/\/w-maintenance.pro\/\">WordPress maintenance<\/a>\u00a0|\u00a0<a href=\"https:\/\/www.referencement-annuaire.fr\/\">Company referencing<\/a><\/p>\n<p>Host:<br \/>\nOVH - 2 rue Kellermann BP 80157<br \/>\n59100 Roubaix<br \/>\nTelephone: 1007<br \/>\n<a href=\"https:\/\/hotel-webdesign.com\/\">Creation of hotel websites <\/a>\u00a0<a href=\"https:\/\/www.france-webdesign.com\/\">Creation of professional websites<\/a><\/p>","protected":false},"excerpt":{"rendered":"<p>\u00c9diteur du site Nguemadon Fiardet Laurette 8 rue de l&rsquo;ancien octroi vesoul 70000 Num\u00e9ro d\u2019immatriculation : 800760329500013 Email :laurette.fiardet@laposte.net\u00a0T\u00e9l\u00e9phone : 06 69 26 95 56&#8230;<\/p>","protected":false},"author":1,"featured_media":0,"parent":0,"menu_order":0,"comment_status":"closed","ping_status":"closed","template":"","meta":{"footnotes":""},"class_list":["post-3","page","type-page","status-publish","hentry"],"yoast_head":"<!-- This site is optimized with the Yoast SEO plugin v26.7 - https:\/\/yoast.com\/wordpress\/plugins\/seo\/ -->\n<title>Mentions l\u00e9gales - Glow Premium<\/title>\n<meta name=\"robots\" content=\"index, follow, max-snippet:-1, max-image-preview:large, max-video-preview:-1\" \/>\n<link rel=\"canonical\" href=\"https:\/\/glowpremium.fr\/en\/legal-information\/\" \/>\n<meta property=\"og:locale\" content=\"en_GB\" \/>\n<meta property=\"og:type\" content=\"article\" \/>\n<meta property=\"og:title\" content=\"Mentions l\u00e9gales - Glow Premium\" \/>\n<meta property=\"og:description\" content=\"\u00c9diteur du site Nguemadon Fiardet Laurette 8 rue de l&rsquo;ancien octroi vesoul 70000 Num\u00e9ro d\u2019immatriculation : 800760329500013 Email :laurette.fiardet@laposte.net\u00a0T\u00e9l\u00e9phone : 06 69 26 95 56...\" \/>\n<meta property=\"og:url\" content=\"https:\/\/glowpremium.fr\/en\/legal-information\/\" \/>\n<meta property=\"og:site_name\" content=\"Glow Premium\" \/>\n<meta property=\"article:modified_time\" content=\"2024-12-13T10:24:19+00:00\" \/>\n<meta name=\"twitter:card\" content=\"summary_large_image\" \/>\n<meta name=\"twitter:label1\" content=\"Estimated reading time\" \/>\n\t<meta name=\"twitter:data1\" content=\"14 minutes\" \/>\n<script type=\"application\/ld+json\" class=\"yoast-schema-graph\">{\"@context\":\"https:\/\/schema.org\",\"@graph\":[{\"@type\":\"WebPage\",\"@id\":\"https:\/\/glowpremium.fr\/mentions-legales\/\",\"url\":\"https:\/\/glowpremium.fr\/mentions-legales\/\",\"name\":\"Mentions l\u00e9gales - Glow Premium\",\"isPartOf\":{\"@id\":\"https:\/\/glowpremium.fr\/#website\"},\"datePublished\":\"2024-10-23T08:46:28+00:00\",\"dateModified\":\"2024-12-13T10:24:19+00:00\",\"breadcrumb\":{\"@id\":\"https:\/\/glowpremium.fr\/mentions-legales\/#breadcrumb\"},\"inLanguage\":\"en-GB\",\"potentialAction\":[{\"@type\":\"ReadAction\",\"target\":[\"https:\/\/glowpremium.fr\/mentions-legales\/\"]}]},{\"@type\":\"BreadcrumbList\",\"@id\":\"https:\/\/glowpremium.fr\/mentions-legales\/#breadcrumb\",\"itemListElement\":[{\"@type\":\"ListItem\",\"position\":1,\"name\":\"Accueil\",\"item\":\"https:\/\/glowpremium.fr\/\"},{\"@type\":\"ListItem\",\"position\":2,\"name\":\"Mentions l\u00e9gales\"}]},{\"@type\":\"WebSite\",\"@id\":\"https:\/\/glowpremium.fr\/#website\",\"url\":\"https:\/\/glowpremium.fr\/\",\"name\":\"Glow Premium\",\"description\":\"\",\"publisher\":{\"@id\":\"https:\/\/glowpremium.fr\/#organization\"},\"potentialAction\":[{\"@type\":\"SearchAction\",\"target\":{\"@type\":\"EntryPoint\",\"urlTemplate\":\"https:\/\/glowpremium.fr\/?s={search_term_string}\"},\"query-input\":{\"@type\":\"PropertyValueSpecification\",\"valueRequired\":true,\"valueName\":\"search_term_string\"}}],\"inLanguage\":\"en-GB\"},{\"@type\":\"Organization\",\"@id\":\"https:\/\/glowpremium.fr\/#organization\",\"name\":\"Glow Premium\",\"url\":\"https:\/\/glowpremium.fr\/\",\"logo\":{\"@type\":\"ImageObject\",\"inLanguage\":\"en-GB\",\"@id\":\"https:\/\/glowpremium.fr\/#\/schema\/logo\/image\/\",\"url\":\"https:\/\/glowpremium.fr\/wp-content\/uploads\/2024\/10\/screenshot_20241029_034909_chrome.jpg\",\"contentUrl\":\"https:\/\/glowpremium.fr\/wp-content\/uploads\/2024\/10\/screenshot_20241029_034909_chrome.jpg\",\"width\":866,\"height\":937,\"caption\":\"Glow Premium\"},\"image\":{\"@id\":\"https:\/\/glowpremium.fr\/#\/schema\/logo\/image\/\"}}]}<\/script>\n<!-- \/ Yoast SEO plugin. -->","yoast_head_json":{"title":"Mentions l\u00e9gales - Glow Premium","robots":{"index":"index","follow":"follow","max-snippet":"max-snippet:-1","max-image-preview":"max-image-preview:large","max-video-preview":"max-video-preview:-1"},"canonical":"https:\/\/glowpremium.fr\/en\/legal-information\/","og_locale":"en_GB","og_type":"article","og_title":"Mentions l\u00e9gales - Glow Premium","og_description":"\u00c9diteur du site Nguemadon Fiardet Laurette 8 rue de l&rsquo;ancien octroi vesoul 70000 Num\u00e9ro d\u2019immatriculation : 800760329500013 Email :laurette.fiardet@laposte.net\u00a0T\u00e9l\u00e9phone : 06 69 26 95 56...","og_url":"https:\/\/glowpremium.fr\/en\/legal-information\/","og_site_name":"Glow Premium","article_modified_time":"2024-12-13T10:24:19+00:00","twitter_card":"summary_large_image","twitter_misc":{"Estimated reading time":"14 minutes"},"schema":{"@context":"https:\/\/schema.org","@graph":[{"@type":"WebPage","@id":"https:\/\/glowpremium.fr\/mentions-legales\/","url":"https:\/\/glowpremium.fr\/mentions-legales\/","name":"Mentions l\u00e9gales - Glow Premium","isPartOf":{"@id":"https:\/\/glowpremium.fr\/#website"},"datePublished":"2024-10-23T08:46:28+00:00","dateModified":"2024-12-13T10:24:19+00:00","breadcrumb":{"@id":"https:\/\/glowpremium.fr\/mentions-legales\/#breadcrumb"},"inLanguage":"en-GB","potentialAction":[{"@type":"ReadAction","target":["https:\/\/glowpremium.fr\/mentions-legales\/"]}]},{"@type":"BreadcrumbList","@id":"https:\/\/glowpremium.fr\/mentions-legales\/#breadcrumb","itemListElement":[{"@type":"ListItem","position":1,"name":"Accueil","item":"https:\/\/glowpremium.fr\/"},{"@type":"ListItem","position":2,"name":"Mentions l\u00e9gales"}]},{"@type":"WebSite","@id":"https:\/\/glowpremium.fr\/#website","url":"https:\/\/glowpremium.fr\/","name":"Glow Premium","description":"","publisher":{"@id":"https:\/\/glowpremium.fr\/#organization"},"potentialAction":[{"@type":"SearchAction","target":{"@type":"EntryPoint","urlTemplate":"https:\/\/glowpremium.fr\/?s={search_term_string}"},"query-input":{"@type":"PropertyValueSpecification","valueRequired":true,"valueName":"search_term_string"}}],"inLanguage":"en-GB"},{"@type":"Organization","@id":"https:\/\/glowpremium.fr\/#organization","name":"Glow Premium","url":"https:\/\/glowpremium.fr\/","logo":{"@type":"ImageObject","inLanguage":"en-GB","@id":"https:\/\/glowpremium.fr\/#\/schema\/logo\/image\/","url":"https:\/\/glowpremium.fr\/wp-content\/uploads\/2024\/10\/screenshot_20241029_034909_chrome.jpg","contentUrl":"https:\/\/glowpremium.fr\/wp-content\/uploads\/2024\/10\/screenshot_20241029_034909_chrome.jpg","width":866,"height":937,"caption":"Glow Premium"},"image":{"@id":"https:\/\/glowpremium.fr\/#\/schema\/logo\/image\/"}}]}},"_links":{"self":[{"href":"https:\/\/glowpremium.fr\/en\/wp-json\/wp\/v2\/pages\/3","targetHints":{"allow":["GET"]}}],"collection":[{"href":"https:\/\/glowpremium.fr\/en\/wp-json\/wp\/v2\/pages"}],"about":[{"href":"https:\/\/glowpremium.fr\/en\/wp-json\/wp\/v2\/types\/page"}],"author":[{"embeddable":true,"href":"https:\/\/glowpremium.fr\/en\/wp-json\/wp\/v2\/users\/1"}],"replies":[{"embeddable":true,"href":"https:\/\/glowpremium.fr\/en\/wp-json\/wp\/v2\/comments?post=3"}],"version-history":[{"count":3,"href":"https:\/\/glowpremium.fr\/en\/wp-json\/wp\/v2\/pages\/3\/revisions"}],"predecessor-version":[{"id":8596,"href":"https:\/\/glowpremium.fr\/en\/wp-json\/wp\/v2\/pages\/3\/revisions\/8596"}],"wp:attachment":[{"href":"https:\/\/glowpremium.fr\/en\/wp-json\/wp\/v2\/media?parent=3"}],"curies":[{"name":"wp","href":"https:\/\/api.w.org\/{rel}","templated":true}]}}